{"id":11094,"date":"2025-03-29T13:01:48","date_gmt":"2025-03-29T12:01:48","guid":{"rendered":"https:\/\/www.thegardenofpeace.org\/marocco\/"},"modified":"2025-04-30T19:06:22","modified_gmt":"2025-04-30T17:06:22","slug":"marocco","status":"publish","type":"page","link":"https:\/\/www.thegardenofpeace.org\/es\/marocco\/","title":{"rendered":"MAROCCO"},"content":{"rendered":"<p>[vc_row css_animation=\u00bb\u00bb row_type=\u00bbrow\u00bb use_row_as_full_screen_section=\u00bbno\u00bb type=\u00bbfull_width\u00bb angled_section=\u00bbno\u00bb text_align=\u00bbleft\u00bb background_image_as_pattern=\u00bbwithout_pattern\u00bb][vc_column][vc_empty_space][\/vc_column][\/vc_row][vc_row css_animation=\u00bb\u00bb row_type=\u00bbrow\u00bb use_row_as_full_screen_section=\u00bbno\u00bb type=\u00bbfull_width\u00bb angled_section=\u00bbno\u00bb text_align=\u00bbleft\u00bb background_image_as_pattern=\u00bbwithout_pattern\u00bb][vc_column][vc_single_image image=\u00bb9826&#8243; img_size=\u00bblarge\u00bb alignment=\u00bbcenter\u00bb qode_css_animation=\u00bb\u00bb][vc_empty_space][\/vc_column][\/vc_row][vc_row css_animation=\u00bb\u00bb row_type=\u00bbrow\u00bb use_row_as_full_screen_section=\u00bbno\u00bb type=\u00bbfull_width\u00bb angled_section=\u00bbno\u00bb text_align=\u00bbleft\u00bb background_image_as_pattern=\u00bbwithout_pattern\u00bb][vc_column][vc_column_text]<\/p>\n<h1 style=\"text-align: center;\">MARRUECOS<\/h1>\n<p>[\/vc_column_text][vc_empty_space][vc_column_text]<\/p>\n<h3 style=\"text-align: center;\"><em>Los pasos silenciosos del cambio<\/em><\/h3>\n<p>[\/vc_column_text][vc_empty_space][vc_column_text]\u201cCreo en un mundo donde el amor no se queda en un sentimiento, sino que se transforma en acci\u00f3n. Donde cada criatura tiene derecho a la vida, al respeto y a la paz.\u201d[\/vc_column_text][vc_empty_space]<a  itemprop=\"url\" href=\"https:\/\/thegardenofpeace.org\/es\/laura-formentini-peace-in-action#paesi\" target=\"_self\"  class=\"qbutton  default\" style=\"\">Go Back<\/a>[vc_empty_space][vc_empty_space][vc_separator type=\u00bbnormal\u00bb color=\u00bb#c1c1c1&#8243;][vc_column_text]<\/p>\n<h2 style=\"text-align: center;\" data-start=\"293\" data-end=\"335\">Jard\u00edn de la Paz de T\u00e1nger<\/h2>\n<p>[\/vc_column_text][\/vc_column][\/vc_row][vc_row css_animation=\u00bb\u00bb row_type=\u00bbrow\u00bb use_row_as_full_screen_section=\u00bbno\u00bb type=\u00bbfull_width\u00bb angled_section=\u00bbno\u00bb text_align=\u00bbleft\u00bb background_image_as_pattern=\u00bbwithout_pattern\u00bb][vc_column width=\u00bb2\/3&#8243;][vc_empty_space][vc_column_text]<\/p>\n<h3 class=\"\" data-start=\"293\" data-end=\"335\"><em>Donde el amor por los animales se encuentra con la acci\u00f3n por la paz<\/em><\/h3>\n<p>[\/vc_column_text][vc_empty_space][vc_column_text]Dentro del <em>SFT Animal Sanctuary<\/em>, el santuario de animales m\u00e1s grande de Marruecos fundado por Salima \u201cSally\u201d Kadaoui en 2013, nace el primer <em>Jard\u00edn de la Paz<\/em> en tierra africana. Un lugar simb\u00f3lico y real, donde olivos, animales rescatados y personas se encuentran en un abrazo de renacimiento y compasi\u00f3n.<\/p>\n<p>Fruto de la colaboraci\u00f3n entre <em>Garden of Peace<\/em> y SFT, este jard\u00edn representa una nueva visi\u00f3n del mundo: un lugar donde cada gesto amable se convierte en un acto de revoluci\u00f3n, y el amor por los animales se transforma en acci\u00f3n concreta por la paz.<\/p>\n<p>\u201cHemos plantado olivos donde antes solo hab\u00eda abandono. Hoy, en ese silencio, crece la voz de la esperanza.\u201d[\/vc_column_text][\/vc_column][vc_column width=\u00bb1\/3&#8243;][vc_empty_space height=\u00bb15px\u00bb][vc_single_image image=\u00bb9988&#8243; img_size=\u00bbfull\u00bb alignment=\u00bbcenter\u00bb onclick=\u00bbimg_link_large\u00bb qode_css_animation=\u00bb\u00bb qode_hover_animation=\u00bbzoom_in\u00bb][vc_column_text]<\/p>\n<p style=\"background: white;\"><em>Con Sally, dentro del santuario SFT, mientras mostramos el cartel inaugural del primer Jard\u00edn de la Paz en \u00c1frica. Un lugar donde cada \u00e1rbol cuenta una historia de amor, resiliencia y esperanza.<\/em><\/p>\n<p>[\/vc_column_text][\/vc_column][\/vc_row][vc_row css_animation=\u00bb\u00bb row_type=\u00bbrow\u00bb use_row_as_full_screen_section=\u00bbno\u00bb type=\u00bbfull_width\u00bb angled_section=\u00bbno\u00bb text_align=\u00bbleft\u00bb background_image_as_pattern=\u00bbwithout_pattern\u00bb][vc_column][vc_separator type=\u00bbnormal\u00bb color=\u00bb#c1c1c1&#8243;][vc_empty_space][vc_column_text]<\/p>\n<h2 style=\"text-align: center;\" data-start=\"293\" data-end=\"335\">PROYECTO HAYAT<\/h2>\n<p>[\/vc_column_text][vc_empty_space][vc_column_text]<\/p>\n<h3 class=\"\" data-start=\"293\" data-end=\"335\"><em>Educar en el amor, cultivar la vida<\/em><\/h3>\n<p>[\/vc_column_text][vc_empty_space][vc_column_text]Cada a\u00f1o en Marruecos, miles de perros son sacrificados por miedo a la rabia y para controlar la poblaci\u00f3n callejera. <em>Proyecto Hayat<\/em>, que en \u00e1rabe significa \u201cvida\u201d, nace para cambiar esta mentalidad, salvando vidas a trav\u00e9s de la educaci\u00f3n y la participaci\u00f3n comunitaria. Gracias al trabajo de SFT, galardonado por tercer a\u00f1o consecutivo con el <em>Global Rabies Day Award<\/em> en la regi\u00f3n de Meracon, el proyecto promueve la compasi\u00f3n como valor social.<br \/>\nEl objetivo: convertir T\u00e1nger en la primera ciudad de \u00c1frica libre de rabia y verdaderamente amiga de los animales.<\/p>\n<p>\u201cEducar en la compasi\u00f3n es el primer paso para salvar vidas, tanto animales como humanas. <em>Hayat<\/em> es vida, y la celebramos cada d\u00eda a trav\u00e9s del amor.\u201d[\/vc_column_text][vc_empty_space][\/vc_column][\/vc_row][vc_row css_animation=\u00bb\u00bb row_type=\u00bbrow\u00bb use_row_as_full_screen_section=\u00bbno\u00bb type=\u00bbfull_width\u00bb angled_section=\u00bbno\u00bb text_align=\u00bbleft\u00bb background_image_as_pattern=\u00bbwithout_pattern\u00bb][vc_column width=\u00bb1\/3&#8243;][vc_empty_space height=\u00bb10px\u00bb][vc_single_image image=\u00bb9984&#8243; img_size=\u00bbfull\u00bb alignment=\u00bbcenter\u00bb onclick=\u00bbimg_link_large\u00bb qode_css_animation=\u00bb\u00bb][vc_empty_space height=\u00bb10px\u00bb][\/vc_column][vc_column width=\u00bb1\/3&#8243;][vc_empty_space height=\u00bb10px\u00bb][vc_single_image image=\u00bb9996&#8243; img_size=\u00bbfull\u00bb alignment=\u00bbcenter\u00bb onclick=\u00bbimg_link_large\u00bb qode_css_animation=\u00bb\u00bb][vc_empty_space height=\u00bb10px\u00bb][\/vc_column][vc_column width=\u00bb1\/3&#8243;][vc_empty_space height=\u00bb10px\u00bb][vc_single_image image=\u00bb9980&#8243; img_size=\u00bbfull\u00bb alignment=\u00bbcenter\u00bb onclick=\u00bbimg_link_large\u00bb qode_css_animation=\u00bb\u00bb][\/vc_column][\/vc_row][vc_row css_animation=\u00bb\u00bb row_type=\u00bbrow\u00bb use_row_as_full_screen_section=\u00bbno\u00bb type=\u00bbfull_width\u00bb angled_section=\u00bbno\u00bb text_align=\u00bbleft\u00bb background_image_as_pattern=\u00bbwithout_pattern\u00bb][vc_column][vc_column_text]<em>Con el Proyecto Hayat, llevamos mucho m\u00e1s que comida: llevamos dignidad, escucha y presencia.<\/em><br \/>\n<em>Cada abrazo, cada sonrisa compartida en las calles de T\u00e1nger es una semilla de paz.<\/em><br \/>\n<em>Porque Hayat significa vida, y nadie deber\u00eda enfrentarse a ella en soledad.<\/em>[\/vc_column_text][vc_column_text][\/vc_column_text][\/vc_column][\/vc_row][vc_row css_animation=\u00bb\u00bb row_type=\u00bbrow\u00bb use_row_as_full_screen_section=\u00bbno\u00bb type=\u00bbfull_width\u00bb angled_section=\u00bbno\u00bb text_align=\u00bbleft\u00bb background_image_as_pattern=\u00bbwithout_pattern\u00bb][vc_column][vc_separator type=\u00bbnormal\u00bb color=\u00bb#c1c1c1&#8243;][vc_empty_space][vc_column_text]<\/p>\n<h2 style=\"text-align: center;\" data-start=\"293\" data-end=\"335\">UN FARO EN EL NORTE DE MARRUECOS<\/h2>\n<p>[\/vc_column_text][\/vc_column][\/vc_row][vc_row css_animation=\u00bb\u00bb row_type=\u00bbrow\u00bb use_row_as_full_screen_section=\u00bbno\u00bb type=\u00bbfull_width\u00bb angled_section=\u00bbno\u00bb text_align=\u00bbleft\u00bb background_image_as_pattern=\u00bbwithout_pattern\u00bb][vc_column width=\u00bb2\/3&#8243;][vc_empty_space][vc_column_text]<\/p>\n<h3 class=\"\" data-start=\"293\" data-end=\"335\"><em>Renacimiento, compasi\u00f3n y compromiso activo<\/em><\/h3>\n<p>[\/vc_column_text][vc_empty_space][vc_column_text]Entre las colinas de T\u00e1nger, donde antes reinaban el abandono y el sufrimiento, hoy se enciende una luz de esperanza.<br \/>\nUna luz concreta, hecha de compromiso diario, que nace del encuentro de tres realidades unidas por una visi\u00f3n com\u00fan: <em>SFT Animal Sanctuary<\/em>, <em>The Garden of Peace<\/em> y el <em>Proyecto Hayat<\/em>. Juntas, han dado vida a un lugar que no es solo un refugio para animales en dificultad, sino un verdadero centro de transformaci\u00f3n social, donde la educaci\u00f3n, la protecci\u00f3n y el cuidado se convierten en herramientas para construir un futuro distinto.<\/p>\n<p>En este espacio regenerado, la compasi\u00f3n se convierte en acci\u00f3n y la fragilidad se transforma en fuerza.<br \/>\nSe cultivan relaciones, se promueve el respeto, se siembra conciencia. Cada animal rescatado, cada persona involucrada, cada gesto de atenci\u00f3n cuenta la posibilidad de renacer \u2014juntos.<\/p>\n<p>Este es un faro para el futuro, un ejemplo tangible de c\u00f3mo, incluso en los lugares m\u00e1s heridos, la paz puede germinar cuando el amor se traduce en presencia, escucha y responsabilidad compartida.<\/p>\n<p>\u201cEn un rinc\u00f3n olvidado del mundo, hemos encendido una luz que no se apagar\u00e1: la del compromiso, el cuidado y el valor de amar.\u201d[\/vc_column_text][\/vc_column][vc_column width=\u00bb1\/3&#8243;][vc_empty_space][vc_empty_space][vc_single_image image=\u00bb9992&#8243; img_size=\u00bbfull\u00bb alignment=\u00bbcenter\u00bb onclick=\u00bbimg_link_large\u00bb qode_css_animation=\u00bb\u00bb][vc_column_text]<\/p>\n<p style=\"background: white;\"><em>Con Sally en la playa de T\u00e1nger, rodeadas de almas valientes sobre ruedas.<\/em><br data-start=\"74\" data-end=\"77\" \/><em>Donde el amor no tiene l\u00edmites y la esperanza corre, incluso cuando las patas no pueden.<\/em><\/p>\n<p>[\/vc_column_text][\/vc_column][\/vc_row][vc_row css_animation=\u00bb\u00bb row_type=\u00bbrow\u00bb use_row_as_full_screen_section=\u00bbno\u00bb type=\u00bbfull_width\u00bb angled_section=\u00bbno\u00bb text_align=\u00bbleft\u00bb background_image_as_pattern=\u00bbwithout_pattern\u00bb][vc_column][vc_empty_space]<span class=\"separator_with_icon\" style='color:#666666;'><i class=\"fa fa-tree\"><\/i><\/span>[vc_empty_space][vc_separator type=\u00bbnormal\u00bb color=\u00bb#c1c1c1&#8243;][\/vc_column][\/vc_row]<\/p>\n","protected":false},"excerpt":{"rendered":"<p>[vc_row css_animation=\u00bb\u00bb row_type=\u00bbrow\u00bb use_row_as_full_screen_section=\u00bbno\u00bb type=\u00bbfull_width\u00bb angled_section=\u00bbno\u00bb text_align=\u00bbleft\u00bb background_image_as_pattern=\u00bbwithout_pattern\u00bb][vc_column][vc_empty_space][\/vc_column][\/vc_row][vc_row css_animation=\u00bb\u00bb row_type=\u00bbrow\u00bb use_row_as_full_screen_section=\u00bbno\u00bb type=\u00bbfull_width\u00bb angled_section=\u00bbno\u00bb text_align=\u00bbleft\u00bb background_image_as_pattern=\u00bbwithout_pattern\u00bb][vc_column][vc_single_image image=\u00bb9826&#8243; img_size=\u00bblarge\u00bb alignment=\u00bbcenter\u00bb qode_css_animation=\u00bb\u00bb][vc_empty_space][\/vc_column][\/vc_row][vc_row css_animation=\u00bb\u00bb row_type=\u00bbrow\u00bb use_row_as_full_screen_section=\u00bbno\u00bb type=\u00bbfull_width\u00bb angled_section=\u00bbno\u00bb text_align=\u00bbleft\u00bb background_image_as_pattern=\u00bbwithout_pattern\u00bb][vc_column][vc_column_text] MARRUECOS [\/vc_column_text][vc_empty_space][vc_column_text] Los pasos silenciosos del cambio [\/vc_column_text][vc_empty_space][vc_column_text]\u201cCreo en un mundo donde el amor no se queda en un&#8230;<\/p>\n","protected":false},"author":3,"featured_media":0,"parent":0,"menu_order":0,"comment_status":"closed","ping_status":"closed","template":"","meta":{"footnotes":""},"class_list":["post-11094","page","type-page","status-publish","hentry"],"yoast_head":"<!-- This site is optimized with the Yoast SEO plugin v27.1.1 - https:\/\/yoast.com\/product\/yoast-seo-wordpress\/ -->\n<title>MAROCCO - The Garden of Peace<\/title>\n<meta name=\"robots\" content=\"index, follow, max-snippet:-1, max-image-preview:large, max-video-preview:-1\" \/>\n<link rel=\"canonical\" href=\"https:\/\/www.thegardenofpeace.org\/marocco\/\" \/>\n<meta property=\"og:locale\" content=\"es_ES\" \/>\n<meta property=\"og:type\" content=\"article\" \/>\n<meta property=\"og:title\" content=\"MAROCCO - The Garden of Peace\" \/>\n<meta property=\"og:description\" content=\"[vc_row css_animation=\u00bb\u00bb row_type=\u00bbrow\u00bb use_row_as_full_screen_section=\u00bbno\u00bb type=\u00bbfull_width\u00bb angled_section=\u00bbno\u00bb text_align=\u00bbleft\u00bb background_image_as_pattern=\u00bbwithout_pattern\u00bb][vc_column][vc_empty_space][\/vc_column][\/vc_row][vc_row css_animation=\u00bb\u00bb row_type=\u00bbrow\u00bb use_row_as_full_screen_section=\u00bbno\u00bb type=\u00bbfull_width\u00bb angled_section=\u00bbno\u00bb text_align=\u00bbleft\u00bb background_image_as_pattern=\u00bbwithout_pattern\u00bb][vc_column][vc_single_image image=\u00bb9826&#8243; img_size=\u00bblarge\u00bb alignment=\u00bbcenter\u00bb qode_css_animation=\u00bb\u00bb][vc_empty_space][\/vc_column][\/vc_row][vc_row css_animation=\u00bb\u00bb row_type=\u00bbrow\u00bb use_row_as_full_screen_section=\u00bbno\u00bb type=\u00bbfull_width\u00bb angled_section=\u00bbno\u00bb text_align=\u00bbleft\u00bb background_image_as_pattern=\u00bbwithout_pattern\u00bb][vc_column][vc_column_text] MARRUECOS [\/vc_column_text][vc_empty_space][vc_column_text] Los pasos silenciosos del cambio [\/vc_column_text][vc_empty_space][vc_column_text]\u201cCreo en un mundo donde el amor no se queda en un...\" \/>\n<meta property=\"og:url\" content=\"https:\/\/www.thegardenofpeace.org\/marocco\/\" \/>\n<meta property=\"og:site_name\" content=\"The Garden of Peace\" \/>\n<meta property=\"article:modified_time\" content=\"2025-04-30T17:06:22+00:00\" \/>\n<meta property=\"og:image\" content=\"https:\/\/www.thegardenofpeace.org\/wp-content\/uploads\/2025\/12\/manos-olivos-con-mano-de-mujer-alta-definizione-scaled.jpg\" \/>\n\t<meta property=\"og:image:width\" content=\"2560\" \/>\n\t<meta property=\"og:image:height\" content=\"290\" \/>\n\t<meta property=\"og:image:type\" content=\"image\/jpeg\" \/>\n<meta name=\"twitter:card\" content=\"summary_large_image\" \/>\n<meta name=\"twitter:label1\" content=\"Tiempo de lectura\" \/>\n\t<meta name=\"twitter:data1\" content=\"7 minutos\" \/>\n<script type=\"application\/ld+json\" class=\"yoast-schema-graph\">{\"@context\":\"https:\/\/schema.org\",\"@graph\":[{\"@type\":\"WebPage\",\"@id\":\"https:\/\/www.thegardenofpeace.org\/marocco\/\",\"url\":\"https:\/\/www.thegardenofpeace.org\/marocco\/\",\"name\":\"MAROCCO - The Garden of Peace\",\"isPartOf\":{\"@id\":\"https:\/\/www.thegardenofpeace.org\/fr\/#website\"},\"datePublished\":\"2025-03-29T12:01:48+00:00\",\"dateModified\":\"2025-04-30T17:06:22+00:00\",\"breadcrumb\":{\"@id\":\"https:\/\/www.thegardenofpeace.org\/marocco\/#breadcrumb\"},\"inLanguage\":\"es\",\"potentialAction\":[{\"@type\":\"ReadAction\",\"target\":[\"https:\/\/www.thegardenofpeace.org\/marocco\/\"]}]},{\"@type\":\"BreadcrumbList\",\"@id\":\"https:\/\/www.thegardenofpeace.org\/marocco\/#breadcrumb\",\"itemListElement\":[{\"@type\":\"ListItem\",\"position\":1,\"name\":\"Home\",\"item\":\"https:\/\/www.thegardenofpeace.org\/es\/\"},{\"@type\":\"ListItem\",\"position\":2,\"name\":\"MAROCCO\"}]},{\"@type\":\"WebSite\",\"@id\":\"https:\/\/www.thegardenofpeace.org\/fr\/#website\",\"url\":\"https:\/\/www.thegardenofpeace.org\/fr\/\",\"name\":\"The Garden of Peace\",\"description\":\"The Garden of Peace\",\"alternateName\":\"TGoP\",\"potentialAction\":[{\"@type\":\"SearchAction\",\"target\":{\"@type\":\"EntryPoint\",\"urlTemplate\":\"https:\/\/www.thegardenofpeace.org\/fr\/?s={search_term_string}\"},\"query-input\":{\"@type\":\"PropertyValueSpecification\",\"valueRequired\":true,\"valueName\":\"search_term_string\"}}],\"inLanguage\":\"es\"}]}<\/script>\n<!-- \/ Yoast SEO plugin. -->","yoast_head_json":{"title":"MAROCCO - The Garden of Peace","robots":{"index":"index","follow":"follow","max-snippet":"max-snippet:-1","max-image-preview":"max-image-preview:large","max-video-preview":"max-video-preview:-1"},"canonical":"https:\/\/www.thegardenofpeace.org\/marocco\/","og_locale":"es_ES","og_type":"article","og_title":"MAROCCO - The Garden of Peace","og_description":"[vc_row css_animation=\u00bb\u00bb row_type=\u00bbrow\u00bb use_row_as_full_screen_section=\u00bbno\u00bb type=\u00bbfull_width\u00bb angled_section=\u00bbno\u00bb text_align=\u00bbleft\u00bb background_image_as_pattern=\u00bbwithout_pattern\u00bb][vc_column][vc_empty_space][\/vc_column][\/vc_row][vc_row css_animation=\u00bb\u00bb row_type=\u00bbrow\u00bb use_row_as_full_screen_section=\u00bbno\u00bb type=\u00bbfull_width\u00bb angled_section=\u00bbno\u00bb text_align=\u00bbleft\u00bb background_image_as_pattern=\u00bbwithout_pattern\u00bb][vc_column][vc_single_image image=\u00bb9826&#8243; img_size=\u00bblarge\u00bb alignment=\u00bbcenter\u00bb qode_css_animation=\u00bb\u00bb][vc_empty_space][\/vc_column][\/vc_row][vc_row css_animation=\u00bb\u00bb row_type=\u00bbrow\u00bb use_row_as_full_screen_section=\u00bbno\u00bb type=\u00bbfull_width\u00bb angled_section=\u00bbno\u00bb text_align=\u00bbleft\u00bb background_image_as_pattern=\u00bbwithout_pattern\u00bb][vc_column][vc_column_text] MARRUECOS [\/vc_column_text][vc_empty_space][vc_column_text] Los pasos silenciosos del cambio [\/vc_column_text][vc_empty_space][vc_column_text]\u201cCreo en un mundo donde el amor no se queda en un...","og_url":"https:\/\/www.thegardenofpeace.org\/marocco\/","og_site_name":"The Garden of Peace","article_modified_time":"2025-04-30T17:06:22+00:00","og_image":[{"width":2560,"height":290,"url":"https:\/\/www.thegardenofpeace.org\/wp-content\/uploads\/2025\/12\/manos-olivos-con-mano-de-mujer-alta-definizione-scaled.jpg","type":"image\/jpeg"}],"twitter_card":"summary_large_image","twitter_misc":{"Tiempo de lectura":"7 minutos"},"schema":{"@context":"https:\/\/schema.org","@graph":[{"@type":"WebPage","@id":"https:\/\/www.thegardenofpeace.org\/marocco\/","url":"https:\/\/www.thegardenofpeace.org\/marocco\/","name":"MAROCCO - The Garden of Peace","isPartOf":{"@id":"https:\/\/www.thegardenofpeace.org\/fr\/#website"},"datePublished":"2025-03-29T12:01:48+00:00","dateModified":"2025-04-30T17:06:22+00:00","breadcrumb":{"@id":"https:\/\/www.thegardenofpeace.org\/marocco\/#breadcrumb"},"inLanguage":"es","potentialAction":[{"@type":"ReadAction","target":["https:\/\/www.thegardenofpeace.org\/marocco\/"]}]},{"@type":"BreadcrumbList","@id":"https:\/\/www.thegardenofpeace.org\/marocco\/#breadcrumb","itemListElement":[{"@type":"ListItem","position":1,"name":"Home","item":"https:\/\/www.thegardenofpeace.org\/es\/"},{"@type":"ListItem","position":2,"name":"MAROCCO"}]},{"@type":"WebSite","@id":"https:\/\/www.thegardenofpeace.org\/fr\/#website","url":"https:\/\/www.thegardenofpeace.org\/fr\/","name":"The Garden of Peace","description":"The Garden of Peace","alternateName":"TGoP","potentialAction":[{"@type":"SearchAction","target":{"@type":"EntryPoint","urlTemplate":"https:\/\/www.thegardenofpeace.org\/fr\/?s={search_term_string}"},"query-input":{"@type":"PropertyValueSpecification","valueRequired":true,"valueName":"search_term_string"}}],"inLanguage":"es"}]}},"_links":{"self":[{"href":"https:\/\/www.thegardenofpeace.org\/es\/wp-json\/wp\/v2\/pages\/11094","targetHints":{"allow":["GET"]}}],"collection":[{"href":"https:\/\/www.thegardenofpeace.org\/es\/wp-json\/wp\/v2\/pages"}],"about":[{"href":"https:\/\/www.thegardenofpeace.org\/es\/wp-json\/wp\/v2\/types\/page"}],"author":[{"embeddable":true,"href":"https:\/\/www.thegardenofpeace.org\/es\/wp-json\/wp\/v2\/users\/3"}],"replies":[{"embeddable":true,"href":"https:\/\/www.thegardenofpeace.org\/es\/wp-json\/wp\/v2\/comments?post=11094"}],"version-history":[{"count":3,"href":"https:\/\/www.thegardenofpeace.org\/es\/wp-json\/wp\/v2\/pages\/11094\/revisions"}],"predecessor-version":[{"id":11095,"href":"https:\/\/www.thegardenofpeace.org\/es\/wp-json\/wp\/v2\/pages\/11094\/revisions\/11095"}],"wp:attachment":[{"href":"https:\/\/www.thegardenofpeace.org\/es\/wp-json\/wp\/v2\/media?parent=11094"}],"curies":[{"name":"wp","href":"https:\/\/api.w.org\/{rel}","templated":true}]}}