{"id":13222,"date":"2022-07-06T16:39:14","date_gmt":"2022-07-06T14:39:14","guid":{"rendered":"https:\/\/www.thegardenofpeace.org\/the-olive-tree-3\/"},"modified":"2022-07-06T16:39:14","modified_gmt":"2022-07-06T14:39:14","slug":"the-olive-tree-3","status":"publish","type":"page","link":"https:\/\/www.thegardenofpeace.org\/es\/the-olive-tree-3\/","title":{"rendered":"LA IMPORTANCIA DE TENER UN JARD\u00cdN DE LA PAZ"},"content":{"rendered":"<p>[vc_row css_animation=\u00bb\u00bb row_type=\u00bbrow\u00bb use_row_as_full_screen_section=\u00bbno\u00bb type=\u00bbgrid\u00bb angled_section=\u00bbno\u00bb text_align=\u00bbcenter\u00bb background_image_as_pattern=\u00bbwithout_pattern\u00bb z_index=\u00bb\u00bb background_color=\u00bb#ffffff\u00bb][vc_column][vc_empty_space height=\u00bb60px\u00bb][vc_column_text]<\/p>\n<h1><strong>LA IMPORTANCIA DE TENER UN JARD\u00cdN DE LA PAZ<\/strong><\/h1>\n<p>[\/vc_column_text][vc_empty_space height=\u00bb36px\u00bb][vc_column_text]<\/p>\n<h2><strong>PROMOVIENDO LA PAZ Y LA INCLUSI\u00d3N<\/strong><\/h2>\n<p>[\/vc_column_text][vc_empty_space height=\u00bb36px\u00bb]<span class=\"separator_with_icon\" style='color:#686868;'><i class=\"fa fa-tree\"><\/i><\/span>[vc_empty_space height=\u00bb60px\u00bb][\/vc_column][\/vc_row][vc_row css_animation=\u00bb\u00bb row_type=\u00bbrow\u00bb use_row_as_full_screen_section=\u00bbno\u00bb type=\u00bbfull_width\u00bb angled_section=\u00bbno\u00bb text_align=\u00bbleft\u00bb background_image_as_pattern=\u00bbwithout_pattern\u00bb z_index=\u00bb\u00bb background_color=\u00bb#f0f2d5&#8243;][vc_column][qode_elements_holder background_color=\u00bb#ffffff\u00bb number_of_columns=\u00bbtwo_columns\u00bb][qode_elements_holder_item vertical_alignment=\u00bbmiddle\u00bb horizontal_alignment=\u00bbcenter\u00bb advanced_animations=\u00bbno\u00bb][vc_single_image image=\u00bb4589&#8243; img_size=\u00bbfull\u00bb qode_css_animation=\u00bb\u00bb][\/qode_elements_holder_item][qode_elements_holder_item vertical_alignment=\u00bbmiddle\u00bb advanced_animations=\u00bbno\u00bb][vc_empty_space height=\u00bb15px\u00bb][vc_column_text el_class=\u00bbmw600&#8243;]<\/p>\n<h3><em><strong>El jard\u00edn de la paz: un oasis de armon\u00eda y convivencia<\/strong><\/em><\/h3>\n<p>El jard\u00edn de la paz es un lugar especial que ofrece m\u00faltiples oportunidades, tanto a nivel local como internacional. Este cap\u00edtulo explorar\u00e1 las razones por las cuales tener un jard\u00edn de la paz es importante, examinando sus aspectos locales, internacionales y educativos.<\/p>\n<p>&nbsp;<\/p>\n<h3><em><strong>Beneficios locales del jard\u00edn de la paz<\/strong><\/em><\/h3>\n<p>Los jardines de la paz son espacios que fomentan la construcci\u00f3n de comunidades m\u00e1s fuertes y cohesionadas a nivel local. Estos jardines pueden servir como punto de encuentro para los residentes, creando un sentido de pertenencia y promoviendo la interacci\u00f3n social. Estos jardines a menudo fomentan la participaci\u00f3n de los miembros de la comunidad en el cuidado y mantenimiento de los espacios verdes, promoviendo as\u00ed una mayor responsabilidad ambiental y el sentido de orgullo por su territorio.[\/vc_column_text][vc_empty_space height=\u00bb15px\u00bb][\/qode_elements_holder_item][\/qode_elements_holder][\/vc_column][\/vc_row][vc_row css_animation=\u00bb\u00bb row_type=\u00bbrow\u00bb use_row_as_full_screen_section=\u00bbno\u00bb type=\u00bbfull_width\u00bb angled_section=\u00bbno\u00bb text_align=\u00bbleft\u00bb background_image_as_pattern=\u00bbwithout_pattern\u00bb z_index=\u00bb\u00bb background_color=\u00bb#efe8c6&#8243;][vc_column offset=\u00bbvc_hidden-xs\u00bb][qode_elements_holder number_of_columns=\u00bbtwo_columns\u00bb][qode_elements_holder_item vertical_alignment=\u00bbmiddle\u00bb advanced_animations=\u00bbno\u00bb background_color=\u00bb#ffffff\u00bb][vc_empty_space height=\u00bb15px\u00bb][vc_empty_space height=\u00bb15px\u00bb][vc_empty_space height=\u00bb15px\u00bb][vc_column_text el_class=\u00bbmw600&#8243;]<\/p>\n<h3><em><strong>Contribuciones internacionales del jard\u00edn de la paz<\/strong><\/em><\/h3>\n<p>Los jardines de la paz tambi\u00e9n tienen un papel significativo a nivel internacional. Representan un s\u00edmbolo de cooperaci\u00f3n y di\u00e1logo entre diferentes naciones y culturas. Iniciativas como los jardines de la paz promueven el intercambio cultural y fomentan la comprensi\u00f3n mutua, contribuyendo a superar las barreras ling\u00fc\u00edsticas y sociales. Ofrecen un terreno neutral donde personas de diferentes partes del mundo pueden reunirse, compartir experiencias y trabajar juntas para la creaci\u00f3n de un mundo m\u00e1s pac\u00edfico e inclusivo.<\/p>\n<p>Tan importante es el olivo y lo que representa, que desde 2019, la UNESCO celebra el \u00abD\u00eda Mundial del Olivo\u00bb el 26 de noviembre. La UNESCO (Organizaci\u00f3n de las Naciones Unidas para la Educaci\u00f3n, la Ciencia y la Cultura), mediante una resoluci\u00f3n aprobada por unanimidad, estableci\u00f3 este d\u00eda con el objetivo de proteger la planta y promover los valores de paz, sabidur\u00eda y armon\u00eda que simboliza.<\/p>\n<p>&nbsp;<\/p>\n<h3><em><strong>El jard\u00edn de la paz como herramienta educativa<\/strong><\/em><\/h3>\n<p>Los jardines de la paz pueden desempe\u00f1ar un papel valioso en la educaci\u00f3n y formaci\u00f3n de las nuevas generaciones. Estos espacios ofrecen un entorno educativo estimulante, donde los estudiantes pueden adquirir una amplia gama de conocimientos, desde las ciencias naturales hasta el arte y la cultura. A trav\u00e9s de la experiencia pr\u00e1ctica de cuidar y cultivar plantas, los j\u00f3venes pueden desarrollar una mayor conciencia ambiental.[\/vc_column_text][vc_empty_space height=\u00bb15px\u00bb][vc_empty_space height=\u00bb15px\u00bb][\/qode_elements_holder_item][qode_elements_holder_item vertical_alignment=\u00bbmiddle\u00bb horizontal_alignment=\u00bbcenter\u00bb advanced_animations=\u00bbno\u00bb background_color=\u00bb#ffffff\u00bb][vc_single_image image=\u00bb4339&#8243; img_size=\u00bbfull\u00bb qode_css_animation=\u00bb\u00bb][\/qode_elements_holder_item][\/qode_elements_holder][\/vc_column][\/vc_row][vc_row css_animation=\u00bb\u00bb row_type=\u00bbrow\u00bb use_row_as_full_screen_section=\u00bbno\u00bb type=\u00bbfull_width\u00bb angled_section=\u00bbno\u00bb text_align=\u00bbleft\u00bb background_image_as_pattern=\u00bbwithout_pattern\u00bb z_index=\u00bb\u00bb background_color=\u00bb#efe8c6&#8243;][vc_column offset=\u00bbvc_hidden-lg vc_hidden-md vc_hidden-sm\u00bb][qode_elements_holder number_of_columns=\u00bbtwo_columns\u00bb][qode_elements_holder_item vertical_alignment=\u00bbmiddle\u00bb horizontal_alignment=\u00bbcenter\u00bb advanced_animations=\u00bbno\u00bb][vc_single_image image=\u00bb4339&#8243; img_size=\u00bbfull\u00bb qode_css_animation=\u00bb\u00bb][\/qode_elements_holder_item][qode_elements_holder_item vertical_alignment=\u00bbmiddle\u00bb advanced_animations=\u00bbno\u00bb background_color=\u00bb#ffffff\u00bb][vc_empty_space height=\u00bb15px\u00bb][vc_column_text el_class=\u00bbmw600&#8243;]<\/p>\n<h3><em><strong>Contribuciones internacionales del jard\u00edn de la paz<\/strong><\/em><\/h3>\n<p>Los jardines de la paz tambi\u00e9n tienen un papel significativo a nivel internacional. Representan un s\u00edmbolo de cooperaci\u00f3n y di\u00e1logo entre diferentes naciones y culturas. Iniciativas como los jardines de la paz promueven el intercambio cultural y fomentan la comprensi\u00f3n mutua, contribuyendo a superar las barreras ling\u00fc\u00edsticas y sociales. Ofrecen un terreno neutral donde personas de diferentes partes del mundo pueden reunirse, compartir experiencias y trabajar juntas para la creaci\u00f3n de un mundo m\u00e1s pac\u00edfico e inclusivo.<\/p>\n<p>Tan importante es el olivo y lo que representa, que desde 2019, la UNESCO celebra el \u00abD\u00eda Mundial del Olivo\u00bb el 26 de noviembre. La UNESCO (Organizaci\u00f3n de las Naciones Unidas para la Educaci\u00f3n, la Ciencia y la Cultura), mediante una resoluci\u00f3n aprobada por unanimidad, estableci\u00f3 este d\u00eda con el objetivo de proteger la planta y promover los valores de paz, sabidur\u00eda y armon\u00eda que simboliza.<\/p>\n<p>&nbsp;<\/p>\n<h3><em><strong>El jard\u00edn de la paz como herramienta educativa<\/strong><\/em><\/h3>\n<p>Los jardines de la paz pueden desempe\u00f1ar un papel valioso en la educaci\u00f3n y formaci\u00f3n de las nuevas generaciones. Estos espacios ofrecen un entorno educativo estimulante, donde los estudiantes pueden adquirir una amplia gama de conocimientos, desde las ciencias naturales hasta el arte y la cultura. A trav\u00e9s de la experiencia pr\u00e1ctica de cuidar y cultivar plantas, los j\u00f3venes pueden desarrollar una mayor conciencia ambiental.[\/vc_column_text][vc_empty_space height=\u00bb15px\u00bb][\/qode_elements_holder_item][\/qode_elements_holder][\/vc_column][\/vc_row][vc_row css_animation=\u00bb\u00bb row_type=\u00bbrow\u00bb use_row_as_full_screen_section=\u00bbno\u00bb type=\u00bbfull_width\u00bb angled_section=\u00bbno\u00bb text_align=\u00bbleft\u00bb background_image_as_pattern=\u00bbwithout_pattern\u00bb z_index=\u00bb\u00bb background_color=\u00bb#ececec\u00bb][vc_column][qode_elements_holder background_color=\u00bb#ffffff\u00bb number_of_columns=\u00bbtwo_columns\u00bb][qode_elements_holder_item vertical_alignment=\u00bbmiddle\u00bb advanced_animations=\u00bbno\u00bb background_image=\u00bb1077&#8243;][vc_single_image image=\u00bb4498&#8243; img_size=\u00bbfull\u00bb qode_css_animation=\u00bb\u00bb][\/qode_elements_holder_item][qode_elements_holder_item vertical_alignment=\u00bbmiddle\u00bb horizontal_alignment=\u00bbleft\u00bb advanced_animations=\u00bbno\u00bb background_color=\u00bb#ffffff\u00bb][vc_empty_space height=\u00bb15px\u00bb][vc_column_text el_class=\u00bbmw600&#8243;]<\/p>\n<h3><em><strong>La conciencia de la importancia de la biodiversidad<\/strong><\/em><\/h3>\n<p>La biodiversidad incluye todas las variedades de organismos vivos presentes en la Tierra, como animales, plantas, hongos y microorganismos. Tambi\u00e9n abarca los diferentes ecosistemas en los que estos organismos viven, como bosques, praderas, zonas h\u00famedas, desiertos, mares y muchos otros h\u00e1bitats. El jard\u00edn de la paz muestra una parte de la diversidad varietal del olivo (<em>olea europaea<\/em>), que se manifiesta en las 21 variedades provenientes de 21 pa\u00edses. El olivo, con su historia milenaria, nos brinda una incre\u00edble variedad de formas, colores y aromas. Cada cultivar lleva consigo una historia vinculada al territorio. Explorar la biodiversidad del olivo significa sumergirse en un mundo de maravillas, donde cada \u00e1rbol es un tesoro que debe preservarse. Descubrir la belleza del olivo tambi\u00e9n implica apreciar su importancia ecol\u00f3gica y su papel en promover la sostenibilidad ambiental.[\/vc_column_text][vc_empty_space height=\u00bb15px\u00bb][\/qode_elements_holder_item][\/qode_elements_holder][\/vc_column][\/vc_row][vc_row css_animation=\u00bb\u00bb row_type=\u00bbrow\u00bb use_row_as_full_screen_section=\u00bbno\u00bb type=\u00bbfull_width\u00bb angled_section=\u00bbno\u00bb text_align=\u00bbleft\u00bb background_image_as_pattern=\u00bbwithout_pattern\u00bb z_index=\u00bb\u00bb background_color=\u00bb#ffffff\u00bb][vc_column][vc_empty_space]<span class=\"separator_with_icon\" style='color:#686868;'><i class=\"fa fa-tree\"><\/i><\/span>[\/vc_column][\/vc_row]<\/p>\n","protected":false},"excerpt":{"rendered":"<p>[vc_row css_animation=\u00bb\u00bb row_type=\u00bbrow\u00bb use_row_as_full_screen_section=\u00bbno\u00bb type=\u00bbgrid\u00bb angled_section=\u00bbno\u00bb text_align=\u00bbcenter\u00bb background_image_as_pattern=\u00bbwithout_pattern\u00bb z_index=\u00bb\u00bb background_color=\u00bb#ffffff\u00bb][vc_column][vc_empty_space height=\u00bb60px\u00bb][vc_column_text] LA IMPORTANCIA DE TENER UN JARD\u00cdN DE LA PAZ [\/vc_column_text][vc_empty_space height=\u00bb36px\u00bb][vc_column_text] PROMOVIENDO LA PAZ Y LA INCLUSI\u00d3N [\/vc_column_text][vc_empty_space height=\u00bb36px\u00bb][vc_empty_space height=\u00bb60px\u00bb][\/vc_column][\/vc_row][vc_row css_animation=\u00bb\u00bb row_type=\u00bbrow\u00bb use_row_as_full_screen_section=\u00bbno\u00bb type=\u00bbfull_width\u00bb angled_section=\u00bbno\u00bb text_align=\u00bbleft\u00bb background_image_as_pattern=\u00bbwithout_pattern\u00bb z_index=\u00bb\u00bb background_color=\u00bb#f0f2d5&#8243;][vc_column][qode_elements_holder background_color=\u00bb#ffffff\u00bb number_of_columns=\u00bbtwo_columns\u00bb][qode_elements_holder_item vertical_alignment=\u00bbmiddle\u00bb horizontal_alignment=\u00bbcenter\u00bb advanced_animations=\u00bbno\u00bb][vc_single_image&#8230;<\/p>\n","protected":false},"author":3,"featured_media":0,"parent":0,"menu_order":0,"comment_status":"closed","ping_status":"closed","template":"full_width.php","meta":{"footnotes":""},"class_list":["post-13222","page","type-page","status-publish","hentry"],"yoast_head":"<!-- This site is optimized with the Yoast SEO plugin v27.1.1 - https:\/\/yoast.com\/product\/yoast-seo-wordpress\/ -->\n<title>LA IMPORTANCIA DE TENER UN JARD\u00cdN DE LA PAZ - The Garden of Peace<\/title>\n<meta name=\"robots\" content=\"index, follow, max-snippet:-1, max-image-preview:large, max-video-preview:-1\" \/>\n<link rel=\"canonical\" href=\"https:\/\/www.thegardenofpeace.org\/es\/the-olive-tree-3\/\" \/>\n<meta property=\"og:locale\" content=\"es_ES\" \/>\n<meta property=\"og:type\" content=\"article\" \/>\n<meta property=\"og:title\" content=\"LA IMPORTANCIA DE TENER UN JARD\u00cdN DE LA PAZ - The Garden of Peace\" \/>\n<meta property=\"og:description\" content=\"[vc_row css_animation=\u00bb\u00bb row_type=\u00bbrow\u00bb use_row_as_full_screen_section=\u00bbno\u00bb type=\u00bbgrid\u00bb angled_section=\u00bbno\u00bb text_align=\u00bbcenter\u00bb background_image_as_pattern=\u00bbwithout_pattern\u00bb z_index=\u00bb\u00bb background_color=\u00bb#ffffff\u00bb][vc_column][vc_empty_space height=\u00bb60px\u00bb][vc_column_text] LA IMPORTANCIA DE TENER UN JARD\u00cdN DE LA PAZ [\/vc_column_text][vc_empty_space height=\u00bb36px\u00bb][vc_column_text] PROMOVIENDO LA PAZ Y LA INCLUSI\u00d3N [\/vc_column_text][vc_empty_space height=\u00bb36px\u00bb][vc_empty_space height=\u00bb60px\u00bb][\/vc_column][\/vc_row][vc_row css_animation=\u00bb\u00bb row_type=\u00bbrow\u00bb use_row_as_full_screen_section=\u00bbno\u00bb type=\u00bbfull_width\u00bb angled_section=\u00bbno\u00bb text_align=\u00bbleft\u00bb background_image_as_pattern=\u00bbwithout_pattern\u00bb z_index=\u00bb\u00bb background_color=\u00bb#f0f2d5&#8243;][vc_column][qode_elements_holder background_color=\u00bb#ffffff\u00bb number_of_columns=\u00bbtwo_columns\u00bb][qode_elements_holder_item vertical_alignment=\u00bbmiddle\u00bb horizontal_alignment=\u00bbcenter\u00bb advanced_animations=\u00bbno\u00bb][vc_single_image...\" \/>\n<meta property=\"og:url\" content=\"https:\/\/www.thegardenofpeace.org\/es\/the-olive-tree-3\/\" \/>\n<meta property=\"og:site_name\" content=\"The Garden of Peace\" \/>\n<meta property=\"og:image\" content=\"https:\/\/www.thegardenofpeace.org\/wp-content\/uploads\/2025\/12\/manos-olivos-con-mano-de-mujer-alta-definizione-scaled.jpg\" \/>\n\t<meta property=\"og:image:width\" content=\"2560\" \/>\n\t<meta property=\"og:image:height\" content=\"290\" \/>\n\t<meta property=\"og:image:type\" content=\"image\/jpeg\" \/>\n<meta name=\"twitter:card\" content=\"summary_large_image\" \/>\n<meta name=\"twitter:label1\" content=\"Tiempo de lectura\" \/>\n\t<meta name=\"twitter:data1\" content=\"7 minutos\" \/>\n<script type=\"application\/ld+json\" class=\"yoast-schema-graph\">{\"@context\":\"https:\/\/schema.org\",\"@graph\":[{\"@type\":\"WebPage\",\"@id\":\"https:\/\/www.thegardenofpeace.org\/es\/the-olive-tree-3\/\",\"url\":\"https:\/\/www.thegardenofpeace.org\/es\/the-olive-tree-3\/\",\"name\":\"LA IMPORTANCIA DE TENER UN JARD\u00cdN DE LA PAZ - The Garden of Peace\",\"isPartOf\":{\"@id\":\"https:\/\/www.thegardenofpeace.org\/fr\/#website\"},\"datePublished\":\"2022-07-06T14:39:14+00:00\",\"breadcrumb\":{\"@id\":\"https:\/\/www.thegardenofpeace.org\/es\/the-olive-tree-3\/#breadcrumb\"},\"inLanguage\":\"es\",\"potentialAction\":[{\"@type\":\"ReadAction\",\"target\":[\"https:\/\/www.thegardenofpeace.org\/es\/the-olive-tree-3\/\"]}]},{\"@type\":\"BreadcrumbList\",\"@id\":\"https:\/\/www.thegardenofpeace.org\/es\/the-olive-tree-3\/#breadcrumb\",\"itemListElement\":[{\"@type\":\"ListItem\",\"position\":1,\"name\":\"Home\",\"item\":\"https:\/\/www.thegardenofpeace.org\/es\/\"},{\"@type\":\"ListItem\",\"position\":2,\"name\":\"LA IMPORTANCIA DE TENER UN JARD\u00cdN DE LA PAZ\"}]},{\"@type\":\"WebSite\",\"@id\":\"https:\/\/www.thegardenofpeace.org\/fr\/#website\",\"url\":\"https:\/\/www.thegardenofpeace.org\/fr\/\",\"name\":\"The Garden of Peace\",\"description\":\"The Garden of Peace\",\"alternateName\":\"TGoP\",\"potentialAction\":[{\"@type\":\"SearchAction\",\"target\":{\"@type\":\"EntryPoint\",\"urlTemplate\":\"https:\/\/www.thegardenofpeace.org\/fr\/?s={search_term_string}\"},\"query-input\":{\"@type\":\"PropertyValueSpecification\",\"valueRequired\":true,\"valueName\":\"search_term_string\"}}],\"inLanguage\":\"es\"}]}<\/script>\n<!-- \/ Yoast SEO plugin. -->","yoast_head_json":{"title":"LA IMPORTANCIA DE TENER UN JARD\u00cdN DE LA PAZ - The Garden of Peace","robots":{"index":"index","follow":"follow","max-snippet":"max-snippet:-1","max-image-preview":"max-image-preview:large","max-video-preview":"max-video-preview:-1"},"canonical":"https:\/\/www.thegardenofpeace.org\/es\/the-olive-tree-3\/","og_locale":"es_ES","og_type":"article","og_title":"LA IMPORTANCIA DE TENER UN JARD\u00cdN DE LA PAZ - The Garden of Peace","og_description":"[vc_row css_animation=\u00bb\u00bb row_type=\u00bbrow\u00bb use_row_as_full_screen_section=\u00bbno\u00bb type=\u00bbgrid\u00bb angled_section=\u00bbno\u00bb text_align=\u00bbcenter\u00bb background_image_as_pattern=\u00bbwithout_pattern\u00bb z_index=\u00bb\u00bb background_color=\u00bb#ffffff\u00bb][vc_column][vc_empty_space height=\u00bb60px\u00bb][vc_column_text] LA IMPORTANCIA DE TENER UN JARD\u00cdN DE LA PAZ [\/vc_column_text][vc_empty_space height=\u00bb36px\u00bb][vc_column_text] PROMOVIENDO LA PAZ Y LA INCLUSI\u00d3N [\/vc_column_text][vc_empty_space height=\u00bb36px\u00bb][vc_empty_space height=\u00bb60px\u00bb][\/vc_column][\/vc_row][vc_row css_animation=\u00bb\u00bb row_type=\u00bbrow\u00bb use_row_as_full_screen_section=\u00bbno\u00bb type=\u00bbfull_width\u00bb angled_section=\u00bbno\u00bb text_align=\u00bbleft\u00bb background_image_as_pattern=\u00bbwithout_pattern\u00bb z_index=\u00bb\u00bb background_color=\u00bb#f0f2d5&#8243;][vc_column][qode_elements_holder background_color=\u00bb#ffffff\u00bb number_of_columns=\u00bbtwo_columns\u00bb][qode_elements_holder_item vertical_alignment=\u00bbmiddle\u00bb horizontal_alignment=\u00bbcenter\u00bb advanced_animations=\u00bbno\u00bb][vc_single_image...","og_url":"https:\/\/www.thegardenofpeace.org\/es\/the-olive-tree-3\/","og_site_name":"The Garden of Peace","og_image":[{"width":2560,"height":290,"url":"https:\/\/www.thegardenofpeace.org\/wp-content\/uploads\/2025\/12\/manos-olivos-con-mano-de-mujer-alta-definizione-scaled.jpg","type":"image\/jpeg"}],"twitter_card":"summary_large_image","twitter_misc":{"Tiempo de lectura":"7 minutos"},"schema":{"@context":"https:\/\/schema.org","@graph":[{"@type":"WebPage","@id":"https:\/\/www.thegardenofpeace.org\/es\/the-olive-tree-3\/","url":"https:\/\/www.thegardenofpeace.org\/es\/the-olive-tree-3\/","name":"LA IMPORTANCIA DE TENER UN JARD\u00cdN DE LA PAZ - The Garden of Peace","isPartOf":{"@id":"https:\/\/www.thegardenofpeace.org\/fr\/#website"},"datePublished":"2022-07-06T14:39:14+00:00","breadcrumb":{"@id":"https:\/\/www.thegardenofpeace.org\/es\/the-olive-tree-3\/#breadcrumb"},"inLanguage":"es","potentialAction":[{"@type":"ReadAction","target":["https:\/\/www.thegardenofpeace.org\/es\/the-olive-tree-3\/"]}]},{"@type":"BreadcrumbList","@id":"https:\/\/www.thegardenofpeace.org\/es\/the-olive-tree-3\/#breadcrumb","itemListElement":[{"@type":"ListItem","position":1,"name":"Home","item":"https:\/\/www.thegardenofpeace.org\/es\/"},{"@type":"ListItem","position":2,"name":"LA IMPORTANCIA DE TENER UN JARD\u00cdN DE LA PAZ"}]},{"@type":"WebSite","@id":"https:\/\/www.thegardenofpeace.org\/fr\/#website","url":"https:\/\/www.thegardenofpeace.org\/fr\/","name":"The Garden of Peace","description":"The Garden of Peace","alternateName":"TGoP","potentialAction":[{"@type":"SearchAction","target":{"@type":"EntryPoint","urlTemplate":"https:\/\/www.thegardenofpeace.org\/fr\/?s={search_term_string}"},"query-input":{"@type":"PropertyValueSpecification","valueRequired":true,"valueName":"search_term_string"}}],"inLanguage":"es"}]}},"_links":{"self":[{"href":"https:\/\/www.thegardenofpeace.org\/es\/wp-json\/wp\/v2\/pages\/13222","targetHints":{"allow":["GET"]}}],"collection":[{"href":"https:\/\/www.thegardenofpeace.org\/es\/wp-json\/wp\/v2\/pages"}],"about":[{"href":"https:\/\/www.thegardenofpeace.org\/es\/wp-json\/wp\/v2\/types\/page"}],"author":[{"embeddable":true,"href":"https:\/\/www.thegardenofpeace.org\/es\/wp-json\/wp\/v2\/users\/3"}],"replies":[{"embeddable":true,"href":"https:\/\/www.thegardenofpeace.org\/es\/wp-json\/wp\/v2\/comments?post=13222"}],"version-history":[{"count":0,"href":"https:\/\/www.thegardenofpeace.org\/es\/wp-json\/wp\/v2\/pages\/13222\/revisions"}],"wp:attachment":[{"href":"https:\/\/www.thegardenofpeace.org\/es\/wp-json\/wp\/v2\/media?parent=13222"}],"curies":[{"name":"wp","href":"https:\/\/api.w.org\/{rel}","templated":true}]}}