{"id":5242,"date":"2023-08-12T16:45:03","date_gmt":"2023-08-12T14:45:03","guid":{"rendered":"https:\/\/www.thegardenofpeace.org\/spain-link\/"},"modified":"2026-02-28T16:27:16","modified_gmt":"2026-02-28T15:27:16","slug":"spain-link","status":"publish","type":"page","link":"https:\/\/www.thegardenofpeace.org\/es\/spain-link\/","title":{"rendered":"SPAIN LINK"},"content":{"rendered":"<p>[vc_row css_animation=\u00bb\u00bb row_type=\u00bbrow\u00bb use_row_as_full_screen_section=\u00bbno\u00bb type=\u00bbfull_width\u00bb angled_section=\u00bbno\u00bb text_align=\u00bbleft\u00bb background_image_as_pattern=\u00bbwithout_pattern\u00bb][vc_column][vc_column_text]<\/p>\n<h1 style=\"text-align: center;\"><strong>SPAIN<\/strong><\/h1>\n<p style=\"text-align: center;\"><img decoding=\"async\" src=\"https:\/\/www.thegardenofpeace.org\/wp-content\/uploads\/2022\/07\/spagna.png\" \/><\/p>\n<p>[\/vc_column_text][vc_empty_space]<span class=\"separator_with_icon\" ><i class=\"fa fa-tree\"><\/i><\/span>[vc_empty_space][\/vc_column][\/vc_row][vc_row css_animation=\u00bb\u00bb row_type=\u00bbrow\u00bb use_row_as_full_screen_section=\u00bbno\u00bb type=\u00bbfull_width\u00bb angled_section=\u00bbno\u00bb text_align=\u00bbleft\u00bb background_image_as_pattern=\u00bbwithout_pattern\u00bb][vc_column][vc_column_text]<a href=\"https:\/\/www.thegardenofpeace.org\/es\/the-garden-of-cogollos\/\" target=\"_blank\" rel=\"noopener\"><em><strong>COGOLLOS VEGA<\/strong><\/em><\/a><\/p>\n<ul>\n<li><a href=\"https:\/\/www.mercacei.com\/noticia\/56481\/actualidad\/the-garden-of-peace:-un-jardin-de-olivos-de-todo-el-mundo.html\" target=\"_blank\" rel=\"noopener\">Mercacei actualidad &#8211; The Garden of Peace &#8211; un jardin de olivosde todo el mundo<\/a><\/li>\n<li><a href=\"https:\/\/www.eldiariodecarlospaz.com.ar\/informes-especiales\/2023\/1\/21\/olivos-por-la-paz-desde-cogollos-de-la-vega-para-villa-carlos-paz-164505.html\" target=\"_blank\" rel=\"noopener\">El diario de carlos paz olivos por la paz desde cogollos de la vega<\/a><\/li>\n<li><a href=\"https:\/\/www.mercacei.com\/mvc\/amp\/noticia\/56481\/\" target=\"_blank\" rel=\"noopener\">Mercacei &#8211; un jard\u00edn de olivos de todo el mundo<\/a><\/li>\n<li><a href=\"http:\/\/tresculturas.org\/fundacion\/noticia\/el-alcalde-de-cogollos-vega-y-la-directora-de-la-fundacion-tres-culturas-inauguran-el-jardin-de-la-paz-en-esta-localidad-granadina\/\" target=\"_blank\" rel=\"noopener\">Tres culturas &#8211; El alcalde de Cogollos Vega y la directora de la Fundaci\u00f3n inauguran el Jard\u00edn de la Paz en esta localidad granadina<\/a><\/li>\n<li><a href=\"https:\/\/youtu.be\/o66np10ehAo\" target=\"_blank\" rel=\"noopener\">VIDEO Cogollos Vega El alcalde de Cogollos Vega Manuel S\u00e1nchez inaugura el jard\u00edn de la paz<\/a><\/li>\n<li><a href=\"https:\/\/youtu.be\/5BkWBMxtyEA\" target=\"_blank\" rel=\"noopener\">VIDEO Cogollos Vega, inauguraci\u00f3n del Jard\u00edn de la Paz, discurso del Presidente Don Francesco Serafini<\/a><\/li>\n<li><a href=\"https:\/\/efeagro.com\/plantan-jardines-de-olivo-para-sembrar-la-paz-en-tiempos-de-guerra\/\" target=\"_blank\" rel=\"noopener\">Efe Agro -Comienzan a plantar jardines de olivo para sembrar la paz en tiempos de guerra<\/a><\/li>\n<li><a href=\"https:\/\/www.cope.es\/emisoras\/andalucia\/granada-provincia\/granada\/noticias\/cope-granada-entrega-hoy-los-premios-populares-2021-20221027_2365553\" target=\"_blank\" rel=\"noopener\">Granada santa-fe premios populares Cope 2021<\/a><\/li>\n<li><a href=\"https:\/\/www.granadahoy.com\/granada\/Gala-Premios-Populares-COPE-Granada_3_1733556630.html#slide-1\" target=\"_blank\" rel=\"noopener\">Granada hoy Gala Premios Populares Cope 2021<\/a><\/li>\n<li><a href=\"https:\/\/twitter.com\/JuntaGranada\/status\/1523964841907658756\" target=\"_blank\" rel=\"noopener\">Twitter: Seminario \u00abOlivicultura y CO2, el olivo como soluci\u00f3n al cambio clim\u00e1tico\u00bb<\/a><\/li>\n<li><a href=\"https:\/\/www.granadaesnoticia.com\/provincia\/cuatro-municipios-granadinos-organizan-las-primeras-jornadas-sobre-olivos-monumentales\" target=\"_blank\" rel=\"noopener\">Cuatro municipios granadinos organizan las primeras jornadas sobre olivos monumentales<\/a><\/li>\n<\/ul>\n<p>&nbsp;<\/p>\n<p><a href=\"https:\/\/www.thegardenofpeace.org\/es\/ioc-madrid\/\" target=\"_blank\" rel=\"noopener\"><em><strong>IOC &#8211; MADRID<\/strong><\/em><\/a><\/p>\n<ul>\n<li><a href=\"https:\/\/www.internationaloliveoil.org\/wp-content\/uploads\/2022\/07\/ioc-newsletter-174-merged.pdf\" target=\"_blank\" rel=\"noopener\">IOC newsletter &#8211; Le COI en Jordanie (7 &#8211; 10 juin 2022) &#8211; Francesco Serafini a pr\u00e9sent\u00e9 une initiative intitul\u00e9e \u00ab Garden of Peace \u00bb<\/a><\/li>\n<li><a href=\"https:\/\/www.internationaloliveoil.org\/ceremonia-diplomatica-de-izado-de-la-bandera-de-uzbekistan-e-inauguracion-del-jardin-de-la-paz\/?lang=es\" target=\"_blank\" rel=\"noopener\">IOC Madrid &#8211; CEREMONIA DIPLOM\u00c1TICA DE IZADO DE LA BANDERA DE UZBEKIST\u00c1N E INAUGURACI\u00d3N DEL JARD\u00cdN DE LA PAZ<\/a><\/li>\n<li><a href=\"https:\/\/youtu.be\/ESraOYim5JI\" target=\"_blank\" rel=\"noopener\">Francesco Serafini presidente del The Garden of Peace presenta il suo progetto presso il COI a Madrid<\/a><\/li>\n<li><a href=\"https:\/\/www.qcom.es\/alimentacion\/diciembre\/luis-planas-subraya-la-contribucion-del-olivar-para-la-dinamizacion-economica-de-los-territorios-rurales_50877_3042_56542_0_1_in.html?utm_medium=social&amp;utm_source=linkedin\" target=\"_blank\" rel=\"noopener\">Luis Planas subraya la contribuci\u00f3n del olivar para la dinamizaci\u00f3n econ\u00f3mica de los territorios rurales<\/a><\/li>\n<li><a href=\"https:\/\/www.lavanguardia.com\/vida\/20221212\/8641602\/arabia-saudi-une-consejo-oleicola-internacional-apuesta-poner-valor-importancia-olivo.amp.html\" target=\"_blank\" rel=\"noopener\">lavanguardia. &#8211; arabia saudi une consejo oleicola internacional apuesta poner valor importancia olivo<\/a><\/li>\n<li><a href=\"https:\/\/www.internationaloliveoil.org\/celebration-day-at-ioc-headquarters\/?utm_medium=social&amp;utm_source=linkedin-company\" target=\"_blank\" rel=\"noopener\">International olive oil celebration day at ioc headquarters<\/a><\/li>\n<li><a href=\"https:\/\/jusdolive.fr\/la-famille-du-coi-sagrandit\/?utm_medium=social&amp;utm_source=linkedin\" target=\"_blank\" rel=\"noopener\">La famille du COI sagrandit<\/a><\/li>\n<li><a href=\"https:\/\/www.internationaloliveoil.org\/the-ioc-invited-to-the-inauguration-of-the-garden-of-peace-in-zaragoza\/?utm_medium=social&amp;utm_source=linkedin\" target=\"_blank\" rel=\"noopener\">The IOC invited to the inauguration of The Garden of Peace in Zaragoza<\/a><\/li>\n<\/ul>\n<p>&nbsp;<\/p>\n<p><a href=\"https:\/\/www.thegardenofpeace.org\/es\/zaragoza\/\" target=\"_blank\" rel=\"noopener\"><em><strong>ZARAGOZA<\/strong><\/em><\/a><\/p>\n<ul>\n<li><a href=\"https:\/\/www.iamz.ciheam.org\/agendas\/story-olive-trees-garden-of-peace-aljaferia-zaragoza\/\" target=\"_blank\" rel=\"noopener\">Ciheam, Garden of Peace Saragoza<\/a><\/li>\n<li><a href=\"https:\/\/twitter.com\/CIHEAMZaragoza\/status\/1626552839257354242\" target=\"_blank\" rel=\"noopener\">twitter.com CIHEAM Zaragoza The Garden of Peace<\/a><\/li>\n<li><a href=\"https:\/\/www.teatronaturale.it\/tracce\/mondo\/38846-anche-a-saragozza-il-giardino-della-pace-con-gli-olivi-del-mondo.htm\" target=\"_blank\" rel=\"noopener\">teatronaturale anche a saragozza il giardino della pace con gli olivi del mondo<\/a><\/li>\n<li><a href=\"https:\/\/www.zaragoza.es\/sede\/servicio\/noticia\/318716\" target=\"_blank\" rel=\"noopener\">Zaragoza The Garden of Peace<\/a><\/li>\n<li><a href=\"https:\/\/www.heraldo.es\/noticias\/aragon\/zaragoza\/2022\/11\/02\/un-jardin-con-42-olivos-promovera-la-paz-y-la-tolerancia-en-zaragoza-1609770.html\" target=\"_blank\" rel=\"noopener\">Heraldo, un jard\u00edn con 42 olivos promover\u00e1 la paz y la tolerancia en Zaragoza<\/a><\/li>\n<li><a href=\"https:\/\/youtu.be\/f5z1Bu1BxMc\" target=\"_blank\" rel=\"noopener\">VIDEO Saragoza, 2 de noviembre de 2022. Alcalde firma acuerdo &#8216;Jard\u00edn de la Paz&#8217;<\/a><\/li>\n<li><a href=\"https:\/\/www.enjoyzaragoza.es\/jardin-de-la-paz-zaragoza\/\" target=\"_blank\" rel=\"noopener\">Zaragoza, El nuevo \u00abJard\u00edn de la Paz\u00bb contar\u00e1 con 21 olivos como s\u00edmbolo mediterr\u00e1neo y promover\u00e1 la paz y la tolerancia<\/a><\/li>\n<li><a href=\"https:\/\/www.oleorevista.com\/texto-diario\/mostrar\/4063622\/jardin-olivos-como-simbolo-mediterraneo-promovera-paz-tolerancia-desde-zaragoza\" target=\"_blank\" rel=\"noopener\">Oleorevista jardin olivos como simbolo mediterraneo promovera paz tolerancia desde zaragoza<\/a><\/li>\n<li><a href=\"https:\/\/www.elperiodicodearagon.com\/zaragoza\/2022\/11\/02\/zaragoza-tendra-jardin-42-olivos-78032981.html\" target=\"_blank\" rel=\"noopener\">Elperiodicodearagon zaragoza 2022\/11\/02 zaragoza tendra jardin 42 olivos<\/a><\/li>\n<li><a href=\"https:\/\/www.olimerca.com\/noticiadet\/un-jardin-de-olivos-simbolo-de-la-paz-en-zaragoza\/b5e2ca61de7e65048c474bdebdc1bf03\" target=\"_blank\" rel=\"noopener\">Olimerca, un jard\u00edn de olivos, s\u00edmbolo de la paz en Zaragoza<\/a><\/li>\n<li><a href=\"https:\/\/aragondigital.es\/zaragoza-capital\/2022\/11\/02\/zaragoza-tendra-un-jardin-de-la-paz-con-olivos-cuya-ubicacion-decidiran-los-vecinos\/\" target=\"_blank\" rel=\"noopener\">Zaragoza tendra un jardin de la paz con olivos cuya ubicacion decidiran los vecinos<\/a><\/li>\n<li><a href=\"https:\/\/www.europapress.es\/aragon\/noticia-zaragoza-tendra-ano-jardin-paz-42-ejemplares-olivos-21-paises-20221102134511.html\" target=\"_blank\" rel=\"noopener\">Europapress aragon noticia zaragoza tendra ano jardin paz<\/a><\/li>\n<li><a href=\"https:\/\/www.cope.es\/emisoras\/aragon\/zaragoza-provincia\/zaragoza\/noticias\/alcalde-jorge-azcon-cope-otros-asuntos-este-miercoles-noviembre-20221102_2374577\" target=\"_blank\" rel=\"noopener\">Cope es emisoras aragon zaragoza noticias alcalde jorge azcon<\/a><\/li>\n<li><a href=\"https:\/\/www.heraldo.es\/noticias\/aragon\/zaragoza\/2022\/11\/02\/un-jardin-con-42-olivos-promovera-la-paz-y-la-tolerancia-en-zaragoza-1609770.html\" target=\"_blank\" rel=\"noopener\">Heraldo noticias aragon zaragoza 2022\/11\/02 un jardin con 42 olivos promovera la paz y la tolerancia en zaragoza<\/a><\/li>\n<li><a href=\"https:\/\/www.iamz.ciheam.org\/es\/agendas\/jardin-de-la-paz-zaragoza\/\" target=\"_blank\" rel=\"noopener\">Un jard\u00edn de olivos promover\u00e1 la paz y la tolerancia desde Zaragoza (ciheam.org)<\/a><\/li>\n<li><a href=\"https:\/\/www.internationaloliveoil.org\/the-ioc-invited-to-the-inauguration-of-the-garden-of-peace-in-zaragoza\/?utm_medium=social&amp;utm_source=linkedin\" target=\"_blank\" rel=\"noopener\">The IOC invited to the inauguration of the garden of peace in Zaragoza \u2013 linkedin<\/a><\/li>\n<li><a href=\"https:\/\/www.ciheam.org\/agendas\/opening-of-a-new-garden-of-peace-in-zaragoza\/\" target=\"_blank\" rel=\"noopener\">CIHEAM opening of a new garden of peace in Zaragoza<\/a><\/li>\n<\/ul>\n<p>&nbsp;<\/p>\n<p><em><strong>ALHAMBRA<\/strong><\/em><\/p>\n<ul>\n<li><a href=\"https:\/\/www.granadahoy.com\/granada\/rey-inaugurara-granada-foro-internacional_0_2003593368.html\" target=\"_blank\" rel=\"noopener\">El rey Felipe VI inaugurar\u00e1 en Granada un foro internacional sobre el Futuro del Mediterr\u00e1neo<\/a><\/li>\n<li><a href=\"https:\/\/www.granadahoy.com\/granada\/olivo-felipe-vi-jardin-paz-alhambra-foro-mediterraneo_0_2003642676.html\" target=\"_blank\" rel=\"noopener\">Granadahoy &#8211; Il The Garden of Peace all&#8217;Alhambra<\/a><\/li>\n<li><a href=\"https:\/\/www.granadahoy.com\/granada\/paz-echa-raices-alhambra-granada-mediterraneo_0_2003646803.html\" target=\"_blank\" rel=\"noopener\">Granadahoy &#8211; paz echa raices alhambra granada mediterraneo<\/a><\/li>\n<li><a href=\"https:\/\/www.ideal.es\/granada\/mejor-granada-mejor-mediterraneo-20250402195457-nt.html\" target=\"_blank\" rel=\"noopener\">ideal.es &#8211; granada mejor mediterraneo<\/a><\/li>\n<li><a href=\"https:\/\/www.facebook.com\/share\/1KFFTzVH3B\/\" target=\"_blank\" rel=\"noopener\">facebook.com &#8211; Granada<\/a><\/li>\n<li><a href=\"https:\/\/www.granadadigital.es\/galeria-plantacion-olivos-alhambra-jardin-de-la-paz\/\" target=\"_blank\" rel=\"noopener\">Granadadigital &#8211; galeria plantacion olivos alhambra jardin de la paz<\/a><\/li>\n<li><a href=\"https:\/\/drive.google.com\/file\/d\/1nwBV2AMe_fd00Hd8PgTx3Cl6m7HMZIA5\/view?usp=sharing\" target=\"_blank\" rel=\"noopener\">Foro del Mediterraneo, Alhambra<\/a><\/li>\n<li><a href=\"https:\/\/www.granadadigital.es\/el-jardin-de-la-paz-echa-raices-en-la-alhambra\/\" target=\"_blank\" rel=\"noopener\">granadadigital el jardin de la paz Alhambra<\/a><\/li>\n<li><a href=\"https:\/\/www.cope.es\/emisoras\/andalucia\/granada-provincia\/granada\/noticias\/alhambra-estrena-jardin-paz-motivo-foro-mediterraneo-20250403_3126564.html\" target=\"_blank\" rel=\"noopener\">cope.es emisoras andalucia granada provincia granada alhambra estrena jardin paz<\/a><\/li>\n<li><a href=\"http:\/\/youtube.com\/watch?v=EhCPQ5EX6MA\" target=\"_blank\" rel=\"noopener\">youtube.com\/watch<\/a><\/li>\n<li><a href=\"https:\/\/www.canalsur.es\/noticias\/andalucia\/en-la-alhambra-crecera-un-jardin-de-la-paz-formado-por-olivos\/2151619.html\" target=\"_blank\" rel=\"noopener\">canalsur.es noticias andalucia en la alhambra crecera un jardin de la paz<\/a><\/li>\n<li><a href=\"https:\/\/youtu.be\/ELd264MBuQo?si=YzIEOVGtdr7cCA0l\" target=\"_blank\" rel=\"noopener\">Presentation of the Garden of Peace at the Alhambra<\/a><\/li>\n<li><a href=\"https:\/\/www.linkedin.com\/feed\/update\/urn:li:activity:7433267694742908928\/\" target=\"_blank\" rel=\"noopener\">linkedin &#8211; Alhambra<\/a><\/li>\n<\/ul>\n<p>[\/vc_column_text][vc_empty_space]<span class=\"separator_with_icon\" ><i class=\"fa fa-tree\"><\/i><\/span>[vc_empty_space][\/vc_column][\/vc_row]<\/p>\n","protected":false},"excerpt":{"rendered":"<p>[vc_row css_animation=\u00bb\u00bb row_type=\u00bbrow\u00bb use_row_as_full_screen_section=\u00bbno\u00bb type=\u00bbfull_width\u00bb angled_section=\u00bbno\u00bb text_align=\u00bbleft\u00bb background_image_as_pattern=\u00bbwithout_pattern\u00bb][vc_column][vc_column_text] SPAIN [\/vc_column_text][vc_empty_space][vc_empty_space][\/vc_column][\/vc_row][vc_row css_animation=\u00bb\u00bb row_type=\u00bbrow\u00bb use_row_as_full_screen_section=\u00bbno\u00bb type=\u00bbfull_width\u00bb angled_section=\u00bbno\u00bb text_align=\u00bbleft\u00bb background_image_as_pattern=\u00bbwithout_pattern\u00bb][vc_column][vc_column_text]COGOLLOS VEGA Mercacei actualidad &#8211; The Garden of Peace &#8211; un jardin de olivosde todo el mundo El diario de carlos paz olivos por la paz desde cogollos de&#8230;<\/p>\n","protected":false},"author":3,"featured_media":0,"parent":0,"menu_order":0,"comment_status":"closed","ping_status":"closed","template":"","meta":{"footnotes":""},"class_list":["post-5242","page","type-page","status-publish","hentry"],"yoast_head":"<!-- This site is optimized with the Yoast SEO plugin v27.1.1 - https:\/\/yoast.com\/product\/yoast-seo-wordpress\/ -->\n<title>SPAIN LINK - The Garden of Peace<\/title>\n<meta name=\"robots\" content=\"index, follow, max-snippet:-1, max-image-preview:large, max-video-preview:-1\" \/>\n<link rel=\"canonical\" href=\"https:\/\/www.thegardenofpeace.org\/spain-link\/\" \/>\n<meta property=\"og:locale\" content=\"es_ES\" \/>\n<meta property=\"og:type\" content=\"article\" \/>\n<meta property=\"og:title\" content=\"SPAIN LINK - The Garden of Peace\" \/>\n<meta property=\"og:description\" content=\"[vc_row css_animation=\u00bb\u00bb row_type=\u00bbrow\u00bb use_row_as_full_screen_section=\u00bbno\u00bb type=\u00bbfull_width\u00bb angled_section=\u00bbno\u00bb text_align=\u00bbleft\u00bb background_image_as_pattern=\u00bbwithout_pattern\u00bb][vc_column][vc_column_text] SPAIN [\/vc_column_text][vc_empty_space][vc_empty_space][\/vc_column][\/vc_row][vc_row css_animation=\u00bb\u00bb row_type=\u00bbrow\u00bb use_row_as_full_screen_section=\u00bbno\u00bb type=\u00bbfull_width\u00bb angled_section=\u00bbno\u00bb text_align=\u00bbleft\u00bb background_image_as_pattern=\u00bbwithout_pattern\u00bb][vc_column][vc_column_text]COGOLLOS VEGA Mercacei actualidad &#8211; The Garden of Peace &#8211; un jardin de olivosde todo el mundo El diario de carlos paz olivos por la paz desde cogollos de...\" \/>\n<meta property=\"og:url\" content=\"https:\/\/www.thegardenofpeace.org\/spain-link\/\" \/>\n<meta property=\"og:site_name\" content=\"The Garden of Peace\" \/>\n<meta property=\"article:modified_time\" content=\"2026-02-28T15:27:16+00:00\" \/>\n<meta property=\"og:image\" content=\"https:\/\/www.thegardenofpeace.org\/wp-content\/uploads\/2022\/07\/spagna.png\" \/>\n<meta name=\"twitter:card\" content=\"summary_large_image\" \/>\n<meta name=\"twitter:label1\" content=\"Tiempo de lectura\" \/>\n\t<meta name=\"twitter:data1\" content=\"3 minutos\" \/>\n<script type=\"application\/ld+json\" class=\"yoast-schema-graph\">{\"@context\":\"https:\/\/schema.org\",\"@graph\":[{\"@type\":\"WebPage\",\"@id\":\"https:\/\/www.thegardenofpeace.org\/spain-link\/\",\"url\":\"https:\/\/www.thegardenofpeace.org\/spain-link\/\",\"name\":\"SPAIN LINK - The Garden of Peace\",\"isPartOf\":{\"@id\":\"https:\/\/www.thegardenofpeace.org\/fr\/#website\"},\"primaryImageOfPage\":{\"@id\":\"https:\/\/www.thegardenofpeace.org\/spain-link\/#primaryimage\"},\"image\":{\"@id\":\"https:\/\/www.thegardenofpeace.org\/spain-link\/#primaryimage\"},\"thumbnailUrl\":\"https:\/\/www.thegardenofpeace.org\/wp-content\/uploads\/2022\/07\/spagna.png\",\"datePublished\":\"2023-08-12T14:45:03+00:00\",\"dateModified\":\"2026-02-28T15:27:16+00:00\",\"breadcrumb\":{\"@id\":\"https:\/\/www.thegardenofpeace.org\/spain-link\/#breadcrumb\"},\"inLanguage\":\"es\",\"potentialAction\":[{\"@type\":\"ReadAction\",\"target\":[\"https:\/\/www.thegardenofpeace.org\/spain-link\/\"]}]},{\"@type\":\"ImageObject\",\"inLanguage\":\"es\",\"@id\":\"https:\/\/www.thegardenofpeace.org\/spain-link\/#primaryimage\",\"url\":\"https:\/\/www.thegardenofpeace.org\/wp-content\/uploads\/2022\/07\/spagna.png\",\"contentUrl\":\"https:\/\/www.thegardenofpeace.org\/wp-content\/uploads\/2022\/07\/spagna.png\"},{\"@type\":\"BreadcrumbList\",\"@id\":\"https:\/\/www.thegardenofpeace.org\/spain-link\/#breadcrumb\",\"itemListElement\":[{\"@type\":\"ListItem\",\"position\":1,\"name\":\"Home\",\"item\":\"https:\/\/www.thegardenofpeace.org\/es\/\"},{\"@type\":\"ListItem\",\"position\":2,\"name\":\"SPAIN LINK\"}]},{\"@type\":\"WebSite\",\"@id\":\"https:\/\/www.thegardenofpeace.org\/fr\/#website\",\"url\":\"https:\/\/www.thegardenofpeace.org\/fr\/\",\"name\":\"The Garden of Peace\",\"description\":\"The Garden of Peace\",\"alternateName\":\"TGoP\",\"potentialAction\":[{\"@type\":\"SearchAction\",\"target\":{\"@type\":\"EntryPoint\",\"urlTemplate\":\"https:\/\/www.thegardenofpeace.org\/fr\/?s={search_term_string}\"},\"query-input\":{\"@type\":\"PropertyValueSpecification\",\"valueRequired\":true,\"valueName\":\"search_term_string\"}}],\"inLanguage\":\"es\"}]}<\/script>\n<!-- \/ Yoast SEO plugin. -->","yoast_head_json":{"title":"SPAIN LINK - The Garden of Peace","robots":{"index":"index","follow":"follow","max-snippet":"max-snippet:-1","max-image-preview":"max-image-preview:large","max-video-preview":"max-video-preview:-1"},"canonical":"https:\/\/www.thegardenofpeace.org\/spain-link\/","og_locale":"es_ES","og_type":"article","og_title":"SPAIN LINK - The Garden of Peace","og_description":"[vc_row css_animation=\u00bb\u00bb row_type=\u00bbrow\u00bb use_row_as_full_screen_section=\u00bbno\u00bb type=\u00bbfull_width\u00bb angled_section=\u00bbno\u00bb text_align=\u00bbleft\u00bb background_image_as_pattern=\u00bbwithout_pattern\u00bb][vc_column][vc_column_text] SPAIN [\/vc_column_text][vc_empty_space][vc_empty_space][\/vc_column][\/vc_row][vc_row css_animation=\u00bb\u00bb row_type=\u00bbrow\u00bb use_row_as_full_screen_section=\u00bbno\u00bb type=\u00bbfull_width\u00bb angled_section=\u00bbno\u00bb text_align=\u00bbleft\u00bb background_image_as_pattern=\u00bbwithout_pattern\u00bb][vc_column][vc_column_text]COGOLLOS VEGA Mercacei actualidad &#8211; The Garden of Peace &#8211; un jardin de olivosde todo el mundo El diario de carlos paz olivos por la paz desde cogollos de...","og_url":"https:\/\/www.thegardenofpeace.org\/spain-link\/","og_site_name":"The Garden of Peace","article_modified_time":"2026-02-28T15:27:16+00:00","og_image":[{"url":"https:\/\/www.thegardenofpeace.org\/wp-content\/uploads\/2022\/07\/spagna.png","type":"","width":"","height":""}],"twitter_card":"summary_large_image","twitter_misc":{"Tiempo de lectura":"3 minutos"},"schema":{"@context":"https:\/\/schema.org","@graph":[{"@type":"WebPage","@id":"https:\/\/www.thegardenofpeace.org\/spain-link\/","url":"https:\/\/www.thegardenofpeace.org\/spain-link\/","name":"SPAIN LINK - The Garden of Peace","isPartOf":{"@id":"https:\/\/www.thegardenofpeace.org\/fr\/#website"},"primaryImageOfPage":{"@id":"https:\/\/www.thegardenofpeace.org\/spain-link\/#primaryimage"},"image":{"@id":"https:\/\/www.thegardenofpeace.org\/spain-link\/#primaryimage"},"thumbnailUrl":"https:\/\/www.thegardenofpeace.org\/wp-content\/uploads\/2022\/07\/spagna.png","datePublished":"2023-08-12T14:45:03+00:00","dateModified":"2026-02-28T15:27:16+00:00","breadcrumb":{"@id":"https:\/\/www.thegardenofpeace.org\/spain-link\/#breadcrumb"},"inLanguage":"es","potentialAction":[{"@type":"ReadAction","target":["https:\/\/www.thegardenofpeace.org\/spain-link\/"]}]},{"@type":"ImageObject","inLanguage":"es","@id":"https:\/\/www.thegardenofpeace.org\/spain-link\/#primaryimage","url":"https:\/\/www.thegardenofpeace.org\/wp-content\/uploads\/2022\/07\/spagna.png","contentUrl":"https:\/\/www.thegardenofpeace.org\/wp-content\/uploads\/2022\/07\/spagna.png"},{"@type":"BreadcrumbList","@id":"https:\/\/www.thegardenofpeace.org\/spain-link\/#breadcrumb","itemListElement":[{"@type":"ListItem","position":1,"name":"Home","item":"https:\/\/www.thegardenofpeace.org\/es\/"},{"@type":"ListItem","position":2,"name":"SPAIN LINK"}]},{"@type":"WebSite","@id":"https:\/\/www.thegardenofpeace.org\/fr\/#website","url":"https:\/\/www.thegardenofpeace.org\/fr\/","name":"The Garden of Peace","description":"The Garden of Peace","alternateName":"TGoP","potentialAction":[{"@type":"SearchAction","target":{"@type":"EntryPoint","urlTemplate":"https:\/\/www.thegardenofpeace.org\/fr\/?s={search_term_string}"},"query-input":{"@type":"PropertyValueSpecification","valueRequired":true,"valueName":"search_term_string"}}],"inLanguage":"es"}]}},"_links":{"self":[{"href":"https:\/\/www.thegardenofpeace.org\/es\/wp-json\/wp\/v2\/pages\/5242","targetHints":{"allow":["GET"]}}],"collection":[{"href":"https:\/\/www.thegardenofpeace.org\/es\/wp-json\/wp\/v2\/pages"}],"about":[{"href":"https:\/\/www.thegardenofpeace.org\/es\/wp-json\/wp\/v2\/types\/page"}],"author":[{"embeddable":true,"href":"https:\/\/www.thegardenofpeace.org\/es\/wp-json\/wp\/v2\/users\/3"}],"replies":[{"embeddable":true,"href":"https:\/\/www.thegardenofpeace.org\/es\/wp-json\/wp\/v2\/comments?post=5242"}],"version-history":[{"count":11,"href":"https:\/\/www.thegardenofpeace.org\/es\/wp-json\/wp\/v2\/pages\/5242\/revisions"}],"predecessor-version":[{"id":15722,"href":"https:\/\/www.thegardenofpeace.org\/es\/wp-json\/wp\/v2\/pages\/5242\/revisions\/15722"}],"wp:attachment":[{"href":"https:\/\/www.thegardenofpeace.org\/es\/wp-json\/wp\/v2\/media?parent=5242"}],"curies":[{"name":"wp","href":"https:\/\/api.w.org\/{rel}","templated":true}]}}