{"id":7646,"date":"2024-07-01T16:48:48","date_gmt":"2024-07-01T14:48:48","guid":{"rendered":"https:\/\/www.thegardenofpeace.org\/?page_id=7646"},"modified":"2024-07-01T16:48:58","modified_gmt":"2024-07-01T14:48:58","slug":"terminos-y-condiciones","status":"publish","type":"page","link":"https:\/\/www.thegardenofpeace.org\/es\/terminos-y-condiciones\/","title":{"rendered":"T\u00e9rminos y condiciones"},"content":{"rendered":"<p>[vc_row css_animation=\u00bb\u00bb row_type=\u00bbrow\u00bb use_row_as_full_screen_section=\u00bbno\u00bb type=\u00bbfull_width\u00bb angled_section=\u00bbno\u00bb text_align=\u00bbleft\u00bb background_image_as_pattern=\u00bbwithout_pattern\u00bb][vc_column][vc_empty_space][vc_raw_html]JTNDYSUyMGhyZWYlM0QlMjJodHRwcyUzQSUyRiUyRnd3dy5pdWJlbmRhLmNvbSUyRnByaXZhY3ktcG9saWN5JTJGNTk1MTY2MTUlMjIlMjBjbGFzcyUzRCUyMml1YmVuZGEtbm9zdHlsZSUyMG5vLWJyYW5kJTIwaXViZW5kYS1ub2lmcmFtZSUyMGl1YmVuZGEtZW1iZWQlMjBpdWJlbmRhLW5vaWZyYW1lJTIwJTIyJTIwdGl0bGUlM0QlMjJQb2wlQzMlQUR0aWNhJTIwZGUlMjBQcml2YWNpZGFkJTIwJTIyJTNFUG9sJUMzJUFEdGljYSUyMGRlJTIwUHJpdmFjaWRhZCUzQyUyRmElM0UlM0NzY3JpcHQlMjB0eXBlJTNEJTIydGV4dCUyRmphdmFzY3JpcHQlMjIlM0UlMjhmdW5jdGlvbiUyMCUyOHclMkNkJTI5JTIwJTdCdmFyJTIwbG9hZGVyJTIwJTNEJTIwZnVuY3Rpb24lMjAlMjglMjklMjAlN0J2YXIlMjBzJTIwJTNEJTIwZC5jcmVhdGVFbGVtZW50JTI4JTIyc2NyaXB0JTIyJTI5JTJDJTIwdGFnJTIwJTNEJTIwZC5nZXRFbGVtZW50c0J5VGFnTmFtZSUyOCUyMnNjcmlwdCUyMiUyOSU1QjAlNUQlM0IlMjBzLnNyYyUzRCUyMmh0dHBzJTNBJTJGJTJGY2RuLml1YmVuZGEuY29tJTJGaXViZW5kYS5qcyUyMiUzQiUyMHRhZy5wYXJlbnROb2RlLmluc2VydEJlZm9yZSUyOHMlMkN0YWclMjklM0IlN0QlM0IlMjBpZiUyOHcuYWRkRXZlbnRMaXN0ZW5lciUyOSU3QncuYWRkRXZlbnRMaXN0ZW5lciUyOCUyMmxvYWQlMjIlMkMlMjBsb2FkZXIlMkMlMjBmYWxzZSUyOSUzQiU3RGVsc2UlMjBpZiUyOHcuYXR0YWNoRXZlbnQlMjklN0J3LmF0dGFjaEV2ZW50JTI4JTIyb25sb2FkJTIyJTJDJTIwbG9hZGVyJTI5JTNCJTdEZWxzZSU3Qncub25sb2FkJTIwJTNEJTIwbG9hZGVyJTNCJTdEJTdEJTI5JTI4d2luZG93JTJDJTIwZG9jdW1lbnQlMjklM0IlM0MlMkZzY3JpcHQlM0UlMjAtJTIwJTNDYSUyMGhyZWYlM0QlMjJodHRwcyUzQSUyRiUyRnd3dy5pdWJlbmRhLmNvbSUyRnByaXZhY3ktcG9saWN5JTJGNTk1MTY2MTUlMkZjb29raWUtcG9saWN5JTIyJTIwY2xhc3MlM0QlMjJpdWJlbmRhLW5vc3R5bGUlMjBuby1icmFuZCUyMGl1YmVuZGEtbm9pZnJhbWUlMjBpdWJlbmRhLWVtYmVkJTIwaXViZW5kYS1ub2lmcmFtZSUyMCUyMiUyMHRpdGxlJTNEJTIyUG9sJUMzJUFEdGljYSUyMGRlJTIwQ29va2llcyUyMCUyMiUzRVBvbCVDMyVBRHRpY2ElMjBkZSUyMENvb2tpZXMlM0MlMkZhJTNFJTNDc2NyaXB0JTIwdHlwZSUzRCUyMnRleHQlMkZqYXZhc2NyaXB0JTIyJTNFJTI4ZnVuY3Rpb24lMjAlMjh3JTJDZCUyOSUyMCU3QnZhciUyMGxvYWRlciUyMCUzRCUyMGZ1bmN0aW9uJTIwJTI4JTI5JTIwJTdCdmFyJTIwcyUyMCUzRCUyMGQuY3JlYXRlRWxlbWVudCUyOCUyMnNjcmlwdCUyMiUyOSUyQyUyMHRhZyUyMCUzRCUyMGQuZ2V0RWxlbWVudHNCeVRhZ05hbWUlMjglMjJzY3JpcHQlMjIlMjklNUIwJTVEJTNCJTIwcy5zcmMlM0QlMjJodHRwcyUzQSUyRiUyRmNkbi5pdWJlbmRhLmNvbSUyRml1YmVuZGEuanMlMjIlM0IlMjB0YWcucGFyZW50Tm9kZS5pbnNlcnRCZWZvcmUlMjhzJTJDdGFnJTI5JTNCJTdEJTNCJTIwaWYlMjh3LmFkZEV2ZW50TGlzdGVuZXIlMjklN0J3LmFkZEV2ZW50TGlzdGVuZXIlMjglMjJsb2FkJTIyJTJDJTIwbG9hZGVyJTJDJTIwZmFsc2UlMjklM0IlN0RlbHNlJTIwaWYlMjh3LmF0dGFjaEV2ZW50JTI5JTdCdy5hdHRhY2hFdmVudCUyOCUyMm9ubG9hZCUyMiUyQyUyMGxvYWRlciUyOSUzQiU3RGVsc2UlN0J3Lm9ubG9hZCUyMCUzRCUyMGxvYWRlciUzQiU3RCU3RCUyOSUyOHdpbmRvdyUyQyUyMGRvY3VtZW50JTI5JTNCJTNDJTJGc2NyaXB0JTNF[\/vc_raw_html][vc_empty_space][\/vc_column][\/vc_row][vc_row css_animation=\u00bb\u00bb row_type=\u00bbrow\u00bb use_row_as_full_screen_section=\u00bbno\u00bb type=\u00bbfull_width\u00bb angled_section=\u00bbno\u00bb text_align=\u00bbleft\u00bb background_image_as_pattern=\u00bbwithout_pattern\u00bb][vc_column][vc_column_text]<\/p>\n<p class=\"p1\"><span class=\"s1\"><b>T\u00e9rminos y condiciones de las donaciones<\/b><\/span><\/p>\n<p class=\"p1\">Las siguientes Condiciones para la realizaci\u00f3n de la donaci\u00f3n, contienen la informaci\u00f3n previa a la donaci\u00f3n que se pretende realizar ofertada en la Web www.thegardenofpeace.org y dem\u00e1s derechos y obligaciones que pudieran derivarse de la relaci\u00f3n entre \u201cThe Garden of Peace\u201d, con domicilio en Avenida Gaud\u00ed n\u00ba 1 \u2013 chalet n\u00ba 11, Villanueva de la Ca\u00f1ada &#8211; Madrid y provista de CIF G05315767 y el donante.<\/p>\n<p class=\"p1\"><span class=\"s1\"><b>Objeto<\/b><\/span>.<\/p>\n<p class=\"p1\">Estas Condiciones regulan el proceso de donaci\u00f3n a trav\u00e9s de la web propiedad de The Garden of Peace, que voluntariamente desean realizar los donantes que previamente hayan rellenando el correspondiente formulario, con los datos necesarios para poder llevar a cabo la relaci\u00f3n entre \u201cThe Garden of Peace\u201d y los donantes, y que hayan prestado su consentimiento y aceptaci\u00f3n plena, sin reserva alguna, de todas y cada una de las condiciones publicadas por \u201cThe Garden of Peace\u201d en cada momento en que el Usuario acceda al referido sitio Web. El donante deber\u00e1 leer \u00edntegramente las Condiciones cada vez que desee realizar una donaci\u00f3n a \u201cThe Garden of Peace\u201d a trav\u00e9s de esta web. Las Condiciones se aplicar\u00e1n a todas las donaciones que se deseen realizar en la Web, rigiendo las que est\u00e9n vigentes en el momento de realizar cada donaci\u00f3n.<\/p>\n<p class=\"p1\"><span class=\"s1\"><b>Concepto y registro de donante.<\/b><\/span><\/p>\n<p class=\"p1\">Se entiende por donante aquel que acceda a la Web, que consigne los datos obligatorios que se soliciten y realice una donaci\u00f3n siguiendo las correspondientes instrucciones del sitio Web y haya prestado previamente su consentimiento y aceptaci\u00f3n plena con estas Condiciones. \u201cThe Garden of Peace\u201d se reserva el derecho de cancelar la donaci\u00f3n si la informaci\u00f3n suministrada se considera falsa o poco a veraz por \u201cThe Garden of Peace\u201d.<\/p>\n<p class=\"p1\"><span class=\"s1\"><b>Aceptaci\u00f3n de las condiciones establecidas.<\/b><\/span><\/p>\n<p class=\"p1\">El Usuario tiene acceso, en cualquier momento, a las instrucciones de utilizaci\u00f3n del sitio Web, as\u00ed como a su utilizaci\u00f3n y aceptaci\u00f3n de la Web. Por el simple hecho de navegar a trav\u00e9s del sitio Web y\/o por la realizaci\u00f3n de cualquier donaci\u00f3n, el donante acepta, sin reserva alguna, las instrucciones de navegaci\u00f3n y, en especial, todas y cada una de Condiciones de Uso, su Aviso Legal y Pol\u00edtica de Privacidad, as\u00ed como las Condiciones particulares que, en su caso, rijan la realizaci\u00f3n de donaciones. En caso de disconformidad el usuario deber\u00e1 salir cerrando la Web. En el supuesto de cometer un error por parte del donante en la introducci\u00f3n de los datos, \u00e9ste debe comunicarlo a \u201cThe Garden of Peace\u201d a trav\u00e9s de tel\u00e9fono, e-mail que aparecen como contacto en la web. El donante declara, bajo su responsabilidad, que es mayor de edad, ha le\u00eddo \u00edntegramente las presentes Condiciones particulares de las donaciones ofertadas por \u201cThe Garden of Peace\u201d; as\u00ed como las instrucciones e indicaciones que, para el desplazamiento o navegaci\u00f3n por el referido sitio Web, figuran en cada una de las pantallas que lo integran, acept\u00e1ndolas plenamente.<\/p>\n<p class=\"p1\"><span class=\"s1\"><b>\u00bfC\u00f3mo puedo hacer una donaci\u00f3n?<\/b><\/span><\/p>\n<p class=\"p1\">A trav\u00e9s de la plataforma Stripe, habilitada al efecto introduciendo el n\u00famero de la tarjeta para poder realizarlo. Los datos se encuentran protegidos siendo Stripe un proveedor del servicio seguro.<\/p>\n<p class=\"p1\"><span class=\"s1\"><b>Confirmaci\u00f3n de donaci\u00f3n.<\/b><\/span><\/p>\n<p class=\"p1\">Una vez efectuada la donaci\u00f3n, \u201cThe Garden of Peace\u201d remitir\u00e1 al donante la aceptaci\u00f3n de la donaci\u00f3n realizada, por e-mail a la cuenta de correo electr\u00f3nico que haya introducido en el formulario.<\/p>\n<p class=\"p1\"><span class=\"s1\"><b>Cobertura geogr\u00e1fica.<\/b><\/span><\/p>\n<p class=\"p1\">La cobertura geogr\u00e1fica de las donaciones no est\u00e1 limitada a ning\u00fan territorio. Se aceptan donaciones desde cualquier lugar.<\/p>\n<p class=\"p1\"><span class=\"s1\"><b>Horario de realizaci\u00f3n de donaci\u00f3n.<\/b><\/span><\/p>\n<p class=\"p1\">El donante puede realizar sus donaciones durante las 24 horas del d\u00eda los 365 d\u00edas del a\u00f1o desde cualquier ordenador que tenga acceso a Internet y cumpla con los requisitos t\u00e9cnicos especificados y a trav\u00e9s de los otros medios que se faciliten.<\/p>\n<p>[\/vc_column_text][\/vc_column][\/vc_row]<\/p>\n","protected":false},"excerpt":{"rendered":"<p>[vc_row css_animation=\u00bb\u00bb row_type=\u00bbrow\u00bb use_row_as_full_screen_section=\u00bbno\u00bb type=\u00bbfull_width\u00bb angled_section=\u00bbno\u00bb text_align=\u00bbleft\u00bb background_image_as_pattern=\u00bbwithout_pattern\u00bb][vc_column][vc_empty_space][vc_raw_html]JTNDYSUyMGhyZWYlM0QlMjJodHRwcyUzQSUyRiUyRnd3dy5pdWJlbmRhLmNvbSUyRnByaXZhY3ktcG9saWN5JTJGNTk1MTY2MTUlMjIlMjBjbGFzcyUzRCUyMml1YmVuZGEtbm9zdHlsZSUyMG5vLWJyYW5kJTIwaXViZW5kYS1ub2lmcmFtZSUyMGl1YmVuZGEtZW1iZWQlMjBpdWJlbmRhLW5vaWZyYW1lJTIwJTIyJTIwdGl0bGUlM0QlMjJQb2wlQzMlQUR0aWNhJTIwZGUlMjBQcml2YWNpZGFkJTIwJTIyJTNFUG9sJUMzJUFEdGljYSUyMGRlJTIwUHJpdmFjaWRhZCUzQyUyRmElM0UlM0NzY3JpcHQlMjB0eXBlJTNEJTIydGV4dCUyRmphdmFzY3JpcHQlMjIlM0UlMjhmdW5jdGlvbiUyMCUyOHclMkNkJTI5JTIwJTdCdmFyJTIwbG9hZGVyJTIwJTNEJTIwZnVuY3Rpb24lMjAlMjglMjklMjAlN0J2YXIlMjBzJTIwJTNEJTIwZC5jcmVhdGVFbGVtZW50JTI4JTIyc2NyaXB0JTIyJTI5JTJDJTIwdGFnJTIwJTNEJTIwZC5nZXRFbGVtZW50c0J5VGFnTmFtZSUyOCUyMnNjcmlwdCUyMiUyOSU1QjAlNUQlM0IlMjBzLnNyYyUzRCUyMmh0dHBzJTNBJTJGJTJGY2RuLml1YmVuZGEuY29tJTJGaXViZW5kYS5qcyUyMiUzQiUyMHRhZy5wYXJlbnROb2RlLmluc2VydEJlZm9yZSUyOHMlMkN0YWclMjklM0IlN0QlM0IlMjBpZiUyOHcuYWRkRXZlbnRMaXN0ZW5lciUyOSU3QncuYWRkRXZlbnRMaXN0ZW5lciUyOCUyMmxvYWQlMjIlMkMlMjBsb2FkZXIlMkMlMjBmYWxzZSUyOSUzQiU3RGVsc2UlMjBpZiUyOHcuYXR0YWNoRXZlbnQlMjklN0J3LmF0dGFjaEV2ZW50JTI4JTIyb25sb2FkJTIyJTJDJTIwbG9hZGVyJTI5JTNCJTdEZWxzZSU3Qncub25sb2FkJTIwJTNEJTIwbG9hZGVyJTNCJTdEJTdEJTI5JTI4d2luZG93JTJDJTIwZG9jdW1lbnQlMjklM0IlM0MlMkZzY3JpcHQlM0UlMjAtJTIwJTNDYSUyMGhyZWYlM0QlMjJodHRwcyUzQSUyRiUyRnd3dy5pdWJlbmRhLmNvbSUyRnByaXZhY3ktcG9saWN5JTJGNTk1MTY2MTUlMkZjb29raWUtcG9saWN5JTIyJTIwY2xhc3MlM0QlMjJpdWJlbmRhLW5vc3R5bGUlMjBuby1icmFuZCUyMGl1YmVuZGEtbm9pZnJhbWUlMjBpdWJlbmRhLWVtYmVkJTIwaXViZW5kYS1ub2lmcmFtZSUyMCUyMiUyMHRpdGxlJTNEJTIyUG9sJUMzJUFEdGljYSUyMGRlJTIwQ29va2llcyUyMCUyMiUzRVBvbCVDMyVBRHRpY2ElMjBkZSUyMENvb2tpZXMlM0MlMkZhJTNFJTNDc2NyaXB0JTIwdHlwZSUzRCUyMnRleHQlMkZqYXZhc2NyaXB0JTIyJTNFJTI4ZnVuY3Rpb24lMjAlMjh3JTJDZCUyOSUyMCU3QnZhciUyMGxvYWRlciUyMCUzRCUyMGZ1bmN0aW9uJTIwJTI4JTI5JTIwJTdCdmFyJTIwcyUyMCUzRCUyMGQuY3JlYXRlRWxlbWVudCUyOCUyMnNjcmlwdCUyMiUyOSUyQyUyMHRhZyUyMCUzRCUyMGQuZ2V0RWxlbWVudHNCeVRhZ05hbWUlMjglMjJzY3JpcHQlMjIlMjklNUIwJTVEJTNCJTIwcy5zcmMlM0QlMjJodHRwcyUzQSUyRiUyRmNkbi5pdWJlbmRhLmNvbSUyRml1YmVuZGEuanMlMjIlM0IlMjB0YWcucGFyZW50Tm9kZS5pbnNlcnRCZWZvcmUlMjhzJTJDdGFnJTI5JTNCJTdEJTNCJTIwaWYlMjh3LmFkZEV2ZW50TGlzdGVuZXIlMjklN0J3LmFkZEV2ZW50TGlzdGVuZXIlMjglMjJsb2FkJTIyJTJDJTIwbG9hZGVyJTJDJTIwZmFsc2UlMjklM0IlN0RlbHNlJTIwaWYlMjh3LmF0dGFjaEV2ZW50JTI5JTdCdy5hdHRhY2hFdmVudCUyOCUyMm9ubG9hZCUyMiUyQyUyMGxvYWRlciUyOSUzQiU3RGVsc2UlN0J3Lm9ubG9hZCUyMCUzRCUyMGxvYWRlciUzQiU3RCU3RCUyOSUyOHdpbmRvdyUyQyUyMGRvY3VtZW50JTI5JTNCJTNDJTJGc2NyaXB0JTNF[\/vc_raw_html][vc_empty_space][\/vc_column][\/vc_row][vc_row css_animation=\u00bb\u00bb row_type=\u00bbrow\u00bb use_row_as_full_screen_section=\u00bbno\u00bb type=\u00bbfull_width\u00bb angled_section=\u00bbno\u00bb text_align=\u00bbleft\u00bb background_image_as_pattern=\u00bbwithout_pattern\u00bb][vc_column][vc_column_text] T\u00e9rminos y condiciones de las donaciones Las siguientes Condiciones para la realizaci\u00f3n de la donaci\u00f3n, contienen la informaci\u00f3n previa a la donaci\u00f3n que se pretende realizar ofertada en la Web&#8230;<\/p>\n","protected":false},"author":1,"featured_media":0,"parent":0,"menu_order":0,"comment_status":"closed","ping_status":"closed","template":"","meta":{"footnotes":""},"class_list":["post-7646","page","type-page","status-publish","hentry"],"yoast_head":"<!-- This site is optimized with the Yoast SEO plugin v27.1.1 - https:\/\/yoast.com\/product\/yoast-seo-wordpress\/ -->\n<title>T\u00e9rminos y condiciones - The Garden of Peace<\/title>\n<meta name=\"robots\" content=\"index, follow, max-snippet:-1, max-image-preview:large, max-video-preview:-1\" \/>\n<link rel=\"canonical\" href=\"https:\/\/www.thegardenofpeace.org\/es\/terminos-y-condiciones\/\" \/>\n<meta property=\"og:locale\" content=\"es_ES\" \/>\n<meta property=\"og:type\" content=\"article\" \/>\n<meta property=\"og:title\" content=\"T\u00e9rminos y condiciones - The Garden of Peace\" \/>\n<meta property=\"og:description\" content=\"[vc_row css_animation=\u00bb\u00bb row_type=\u00bbrow\u00bb use_row_as_full_screen_section=\u00bbno\u00bb type=\u00bbfull_width\u00bb angled_section=\u00bbno\u00bb text_align=\u00bbleft\u00bb background_image_as_pattern=\u00bbwithout_pattern\u00bb][vc_column][vc_empty_space][vc_raw_html]JTNDYSUyMGhyZWYlM0QlMjJodHRwcyUzQSUyRiUyRnd3dy5pdWJlbmRhLmNvbSUyRnByaXZhY3ktcG9saWN5JTJGNTk1MTY2MTUlMjIlMjBjbGFzcyUzRCUyMml1YmVuZGEtbm9zdHlsZSUyMG5vLWJyYW5kJTIwaXViZW5kYS1ub2lmcmFtZSUyMGl1YmVuZGEtZW1iZWQlMjBpdWJlbmRhLW5vaWZyYW1lJTIwJTIyJTIwdGl0bGUlM0QlMjJQb2wlQzMlQUR0aWNhJTIwZGUlMjBQcml2YWNpZGFkJTIwJTIyJTNFUG9sJUMzJUFEdGljYSUyMGRlJTIwUHJpdmFjaWRhZCUzQyUyRmElM0UlM0NzY3JpcHQlMjB0eXBlJTNEJTIydGV4dCUyRmphdmFzY3JpcHQlMjIlM0UlMjhmdW5jdGlvbiUyMCUyOHclMkNkJTI5JTIwJTdCdmFyJTIwbG9hZGVyJTIwJTNEJTIwZnVuY3Rpb24lMjAlMjglMjklMjAlN0J2YXIlMjBzJTIwJTNEJTIwZC5jcmVhdGVFbGVtZW50JTI4JTIyc2NyaXB0JTIyJTI5JTJDJTIwdGFnJTIwJTNEJTIwZC5nZXRFbGVtZW50c0J5VGFnTmFtZSUyOCUyMnNjcmlwdCUyMiUyOSU1QjAlNUQlM0IlMjBzLnNyYyUzRCUyMmh0dHBzJTNBJTJGJTJGY2RuLml1YmVuZGEuY29tJTJGaXViZW5kYS5qcyUyMiUzQiUyMHRhZy5wYXJlbnROb2RlLmluc2VydEJlZm9yZSUyOHMlMkN0YWclMjklM0IlN0QlM0IlMjBpZiUyOHcuYWRkRXZlbnRMaXN0ZW5lciUyOSU3QncuYWRkRXZlbnRMaXN0ZW5lciUyOCUyMmxvYWQlMjIlMkMlMjBsb2FkZXIlMkMlMjBmYWxzZSUyOSUzQiU3RGVsc2UlMjBpZiUyOHcuYXR0YWNoRXZlbnQlMjklN0J3LmF0dGFjaEV2ZW50JTI4JTIyb25sb2FkJTIyJTJDJTIwbG9hZGVyJTI5JTNCJTdEZWxzZSU3Qncub25sb2FkJTIwJTNEJTIwbG9hZGVyJTNCJTdEJTdEJTI5JTI4d2luZG93JTJDJTIwZG9jdW1lbnQlMjklM0IlM0MlMkZzY3JpcHQlM0UlMjAtJTIwJTNDYSUyMGhyZWYlM0QlMjJodHRwcyUzQSUyRiUyRnd3dy5pdWJlbmRhLmNvbSUyRnByaXZhY3ktcG9saWN5JTJGNTk1MTY2MTUlMkZjb29raWUtcG9saWN5JTIyJTIwY2xhc3MlM0QlMjJpdWJlbmRhLW5vc3R5bGUlMjBuby1icmFuZCUyMGl1YmVuZGEtbm9pZnJhbWUlMjBpdWJlbmRhLWVtYmVkJTIwaXViZW5kYS1ub2lmcmFtZSUyMCUyMiUyMHRpdGxlJTNEJTIyUG9sJUMzJUFEdGljYSUyMGRlJTIwQ29va2llcyUyMCUyMiUzRVBvbCVDMyVBRHRpY2ElMjBkZSUyMENvb2tpZXMlM0MlMkZhJTNFJTNDc2NyaXB0JTIwdHlwZSUzRCUyMnRleHQlMkZqYXZhc2NyaXB0JTIyJTNFJTI4ZnVuY3Rpb24lMjAlMjh3JTJDZCUyOSUyMCU3QnZhciUyMGxvYWRlciUyMCUzRCUyMGZ1bmN0aW9uJTIwJTI4JTI5JTIwJTdCdmFyJTIwcyUyMCUzRCUyMGQuY3JlYXRlRWxlbWVudCUyOCUyMnNjcmlwdCUyMiUyOSUyQyUyMHRhZyUyMCUzRCUyMGQuZ2V0RWxlbWVudHNCeVRhZ05hbWUlMjglMjJzY3JpcHQlMjIlMjklNUIwJTVEJTNCJTIwcy5zcmMlM0QlMjJodHRwcyUzQSUyRiUyRmNkbi5pdWJlbmRhLmNvbSUyRml1YmVuZGEuanMlMjIlM0IlMjB0YWcucGFyZW50Tm9kZS5pbnNlcnRCZWZvcmUlMjhzJTJDdGFnJTI5JTNCJTdEJTNCJTIwaWYlMjh3LmFkZEV2ZW50TGlzdGVuZXIlMjklN0J3LmFkZEV2ZW50TGlzdGVuZXIlMjglMjJsb2FkJTIyJTJDJTIwbG9hZGVyJTJDJTIwZmFsc2UlMjklM0IlN0RlbHNlJTIwaWYlMjh3LmF0dGFjaEV2ZW50JTI5JTdCdy5hdHRhY2hFdmVudCUyOCUyMm9ubG9hZCUyMiUyQyUyMGxvYWRlciUyOSUzQiU3RGVsc2UlN0J3Lm9ubG9hZCUyMCUzRCUyMGxvYWRlciUzQiU3RCU3RCUyOSUyOHdpbmRvdyUyQyUyMGRvY3VtZW50JTI5JTNCJTNDJTJGc2NyaXB0JTNF[\/vc_raw_html][vc_empty_space][\/vc_column][\/vc_row][vc_row css_animation=\u00bb\u00bb row_type=\u00bbrow\u00bb use_row_as_full_screen_section=\u00bbno\u00bb type=\u00bbfull_width\u00bb angled_section=\u00bbno\u00bb text_align=\u00bbleft\u00bb background_image_as_pattern=\u00bbwithout_pattern\u00bb][vc_column][vc_column_text] T\u00e9rminos y condiciones de las donaciones Las siguientes Condiciones para la realizaci\u00f3n de la donaci\u00f3n, contienen la informaci\u00f3n previa a la donaci\u00f3n que se pretende realizar ofertada en la Web...\" \/>\n<meta property=\"og:url\" content=\"https:\/\/www.thegardenofpeace.org\/es\/terminos-y-condiciones\/\" \/>\n<meta property=\"og:site_name\" content=\"The Garden of Peace\" \/>\n<meta property=\"article:modified_time\" content=\"2024-07-01T14:48:58+00:00\" \/>\n<meta property=\"og:image\" content=\"https:\/\/www.thegardenofpeace.org\/wp-content\/uploads\/2025\/12\/manos-olivos-con-mano-de-mujer-alta-definizione-scaled.jpg\" \/>\n\t<meta property=\"og:image:width\" content=\"2560\" \/>\n\t<meta property=\"og:image:height\" content=\"290\" \/>\n\t<meta property=\"og:image:type\" content=\"image\/jpeg\" \/>\n<meta name=\"twitter:card\" content=\"summary_large_image\" \/>\n<meta name=\"twitter:label1\" content=\"Tiempo de lectura\" \/>\n\t<meta name=\"twitter:data1\" content=\"5 minutos\" \/>\n<script type=\"application\/ld+json\" class=\"yoast-schema-graph\">{\"@context\":\"https:\/\/schema.org\",\"@graph\":[{\"@type\":\"WebPage\",\"@id\":\"https:\/\/www.thegardenofpeace.org\/es\/terminos-y-condiciones\/\",\"url\":\"https:\/\/www.thegardenofpeace.org\/es\/terminos-y-condiciones\/\",\"name\":\"T\u00e9rminos y condiciones - The Garden of Peace\",\"isPartOf\":{\"@id\":\"https:\/\/www.thegardenofpeace.org\/fr\/#website\"},\"datePublished\":\"2024-07-01T14:48:48+00:00\",\"dateModified\":\"2024-07-01T14:48:58+00:00\",\"breadcrumb\":{\"@id\":\"https:\/\/www.thegardenofpeace.org\/es\/terminos-y-condiciones\/#breadcrumb\"},\"inLanguage\":\"es\",\"potentialAction\":[{\"@type\":\"ReadAction\",\"target\":[\"https:\/\/www.thegardenofpeace.org\/es\/terminos-y-condiciones\/\"]}]},{\"@type\":\"BreadcrumbList\",\"@id\":\"https:\/\/www.thegardenofpeace.org\/es\/terminos-y-condiciones\/#breadcrumb\",\"itemListElement\":[{\"@type\":\"ListItem\",\"position\":1,\"name\":\"Home\",\"item\":\"https:\/\/www.thegardenofpeace.org\/es\/\"},{\"@type\":\"ListItem\",\"position\":2,\"name\":\"T\u00e9rminos y condiciones\"}]},{\"@type\":\"WebSite\",\"@id\":\"https:\/\/www.thegardenofpeace.org\/fr\/#website\",\"url\":\"https:\/\/www.thegardenofpeace.org\/fr\/\",\"name\":\"The Garden of Peace\",\"description\":\"The Garden of Peace\",\"alternateName\":\"TGoP\",\"potentialAction\":[{\"@type\":\"SearchAction\",\"target\":{\"@type\":\"EntryPoint\",\"urlTemplate\":\"https:\/\/www.thegardenofpeace.org\/fr\/?s={search_term_string}\"},\"query-input\":{\"@type\":\"PropertyValueSpecification\",\"valueRequired\":true,\"valueName\":\"search_term_string\"}}],\"inLanguage\":\"es\"}]}<\/script>\n<!-- \/ Yoast SEO plugin. -->","yoast_head_json":{"title":"T\u00e9rminos y condiciones - The Garden of Peace","robots":{"index":"index","follow":"follow","max-snippet":"max-snippet:-1","max-image-preview":"max-image-preview:large","max-video-preview":"max-video-preview:-1"},"canonical":"https:\/\/www.thegardenofpeace.org\/es\/terminos-y-condiciones\/","og_locale":"es_ES","og_type":"article","og_title":"T\u00e9rminos y condiciones - The Garden of Peace","og_description":"[vc_row css_animation=\u00bb\u00bb row_type=\u00bbrow\u00bb use_row_as_full_screen_section=\u00bbno\u00bb type=\u00bbfull_width\u00bb angled_section=\u00bbno\u00bb text_align=\u00bbleft\u00bb background_image_as_pattern=\u00bbwithout_pattern\u00bb][vc_column][vc_empty_space][vc_raw_html]JTNDYSUyMGhyZWYlM0QlMjJodHRwcyUzQSUyRiUyRnd3dy5pdWJlbmRhLmNvbSUyRnByaXZhY3ktcG9saWN5JTJGNTk1MTY2MTUlMjIlMjBjbGFzcyUzRCUyMml1YmVuZGEtbm9zdHlsZSUyMG5vLWJyYW5kJTIwaXViZW5kYS1ub2lmcmFtZSUyMGl1YmVuZGEtZW1iZWQlMjBpdWJlbmRhLW5vaWZyYW1lJTIwJTIyJTIwdGl0bGUlM0QlMjJQb2wlQzMlQUR0aWNhJTIwZGUlMjBQcml2YWNpZGFkJTIwJTIyJTNFUG9sJUMzJUFEdGljYSUyMGRlJTIwUHJpdmFjaWRhZCUzQyUyRmElM0UlM0NzY3JpcHQlMjB0eXBlJTNEJTIydGV4dCUyRmphdmFzY3JpcHQlMjIlM0UlMjhmdW5jdGlvbiUyMCUyOHclMkNkJTI5JTIwJTdCdmFyJTIwbG9hZGVyJTIwJTNEJTIwZnVuY3Rpb24lMjAlMjglMjklMjAlN0J2YXIlMjBzJTIwJTNEJTIwZC5jcmVhdGVFbGVtZW50JTI4JTIyc2NyaXB0JTIyJTI5JTJDJTIwdGFnJTIwJTNEJTIwZC5nZXRFbGVtZW50c0J5VGFnTmFtZSUyOCUyMnNjcmlwdCUyMiUyOSU1QjAlNUQlM0IlMjBzLnNyYyUzRCUyMmh0dHBzJTNBJTJGJTJGY2RuLml1YmVuZGEuY29tJTJGaXViZW5kYS5qcyUyMiUzQiUyMHRhZy5wYXJlbnROb2RlLmluc2VydEJlZm9yZSUyOHMlMkN0YWclMjklM0IlN0QlM0IlMjBpZiUyOHcuYWRkRXZlbnRMaXN0ZW5lciUyOSU3QncuYWRkRXZlbnRMaXN0ZW5lciUyOCUyMmxvYWQlMjIlMkMlMjBsb2FkZXIlMkMlMjBmYWxzZSUyOSUzQiU3RGVsc2UlMjBpZiUyOHcuYXR0YWNoRXZlbnQlMjklN0J3LmF0dGFjaEV2ZW50JTI4JTIyb25sb2FkJTIyJTJDJTIwbG9hZGVyJTI5JTNCJTdEZWxzZSU3Qncub25sb2FkJTIwJTNEJTIwbG9hZGVyJTNCJTdEJTdEJTI5JTI4d2luZG93JTJDJTIwZG9jdW1lbnQlMjklM0IlM0MlMkZzY3JpcHQlM0UlMjAtJTIwJTNDYSUyMGhyZWYlM0QlMjJodHRwcyUzQSUyRiUyRnd3dy5pdWJlbmRhLmNvbSUyRnByaXZhY3ktcG9saWN5JTJGNTk1MTY2MTUlMkZjb29raWUtcG9saWN5JTIyJTIwY2xhc3MlM0QlMjJpdWJlbmRhLW5vc3R5bGUlMjBuby1icmFuZCUyMGl1YmVuZGEtbm9pZnJhbWUlMjBpdWJlbmRhLWVtYmVkJTIwaXViZW5kYS1ub2lmcmFtZSUyMCUyMiUyMHRpdGxlJTNEJTIyUG9sJUMzJUFEdGljYSUyMGRlJTIwQ29va2llcyUyMCUyMiUzRVBvbCVDMyVBRHRpY2ElMjBkZSUyMENvb2tpZXMlM0MlMkZhJTNFJTNDc2NyaXB0JTIwdHlwZSUzRCUyMnRleHQlMkZqYXZhc2NyaXB0JTIyJTNFJTI4ZnVuY3Rpb24lMjAlMjh3JTJDZCUyOSUyMCU3QnZhciUyMGxvYWRlciUyMCUzRCUyMGZ1bmN0aW9uJTIwJTI4JTI5JTIwJTdCdmFyJTIwcyUyMCUzRCUyMGQuY3JlYXRlRWxlbWVudCUyOCUyMnNjcmlwdCUyMiUyOSUyQyUyMHRhZyUyMCUzRCUyMGQuZ2V0RWxlbWVudHNCeVRhZ05hbWUlMjglMjJzY3JpcHQlMjIlMjklNUIwJTVEJTNCJTIwcy5zcmMlM0QlMjJodHRwcyUzQSUyRiUyRmNkbi5pdWJlbmRhLmNvbSUyRml1YmVuZGEuanMlMjIlM0IlMjB0YWcucGFyZW50Tm9kZS5pbnNlcnRCZWZvcmUlMjhzJTJDdGFnJTI5JTNCJTdEJTNCJTIwaWYlMjh3LmFkZEV2ZW50TGlzdGVuZXIlMjklN0J3LmFkZEV2ZW50TGlzdGVuZXIlMjglMjJsb2FkJTIyJTJDJTIwbG9hZGVyJTJDJTIwZmFsc2UlMjklM0IlN0RlbHNlJTIwaWYlMjh3LmF0dGFjaEV2ZW50JTI5JTdCdy5hdHRhY2hFdmVudCUyOCUyMm9ubG9hZCUyMiUyQyUyMGxvYWRlciUyOSUzQiU3RGVsc2UlN0J3Lm9ubG9hZCUyMCUzRCUyMGxvYWRlciUzQiU3RCU3RCUyOSUyOHdpbmRvdyUyQyUyMGRvY3VtZW50JTI5JTNCJTNDJTJGc2NyaXB0JTNF[\/vc_raw_html][vc_empty_space][\/vc_column][\/vc_row][vc_row css_animation=\u00bb\u00bb row_type=\u00bbrow\u00bb use_row_as_full_screen_section=\u00bbno\u00bb type=\u00bbfull_width\u00bb angled_section=\u00bbno\u00bb text_align=\u00bbleft\u00bb background_image_as_pattern=\u00bbwithout_pattern\u00bb][vc_column][vc_column_text] T\u00e9rminos y condiciones de las donaciones Las siguientes Condiciones para la realizaci\u00f3n de la donaci\u00f3n, contienen la informaci\u00f3n previa a la donaci\u00f3n que se pretende realizar ofertada en la Web...","og_url":"https:\/\/www.thegardenofpeace.org\/es\/terminos-y-condiciones\/","og_site_name":"The Garden of Peace","article_modified_time":"2024-07-01T14:48:58+00:00","og_image":[{"width":2560,"height":290,"url":"https:\/\/www.thegardenofpeace.org\/wp-content\/uploads\/2025\/12\/manos-olivos-con-mano-de-mujer-alta-definizione-scaled.jpg","type":"image\/jpeg"}],"twitter_card":"summary_large_image","twitter_misc":{"Tiempo de lectura":"5 minutos"},"schema":{"@context":"https:\/\/schema.org","@graph":[{"@type":"WebPage","@id":"https:\/\/www.thegardenofpeace.org\/es\/terminos-y-condiciones\/","url":"https:\/\/www.thegardenofpeace.org\/es\/terminos-y-condiciones\/","name":"T\u00e9rminos y condiciones - The Garden of Peace","isPartOf":{"@id":"https:\/\/www.thegardenofpeace.org\/fr\/#website"},"datePublished":"2024-07-01T14:48:48+00:00","dateModified":"2024-07-01T14:48:58+00:00","breadcrumb":{"@id":"https:\/\/www.thegardenofpeace.org\/es\/terminos-y-condiciones\/#breadcrumb"},"inLanguage":"es","potentialAction":[{"@type":"ReadAction","target":["https:\/\/www.thegardenofpeace.org\/es\/terminos-y-condiciones\/"]}]},{"@type":"BreadcrumbList","@id":"https:\/\/www.thegardenofpeace.org\/es\/terminos-y-condiciones\/#breadcrumb","itemListElement":[{"@type":"ListItem","position":1,"name":"Home","item":"https:\/\/www.thegardenofpeace.org\/es\/"},{"@type":"ListItem","position":2,"name":"T\u00e9rminos y condiciones"}]},{"@type":"WebSite","@id":"https:\/\/www.thegardenofpeace.org\/fr\/#website","url":"https:\/\/www.thegardenofpeace.org\/fr\/","name":"The Garden of Peace","description":"The Garden of Peace","alternateName":"TGoP","potentialAction":[{"@type":"SearchAction","target":{"@type":"EntryPoint","urlTemplate":"https:\/\/www.thegardenofpeace.org\/fr\/?s={search_term_string}"},"query-input":{"@type":"PropertyValueSpecification","valueRequired":true,"valueName":"search_term_string"}}],"inLanguage":"es"}]}},"_links":{"self":[{"href":"https:\/\/www.thegardenofpeace.org\/es\/wp-json\/wp\/v2\/pages\/7646","targetHints":{"allow":["GET"]}}],"collection":[{"href":"https:\/\/www.thegardenofpeace.org\/es\/wp-json\/wp\/v2\/pages"}],"about":[{"href":"https:\/\/www.thegardenofpeace.org\/es\/wp-json\/wp\/v2\/types\/page"}],"author":[{"embeddable":true,"href":"https:\/\/www.thegardenofpeace.org\/es\/wp-json\/wp\/v2\/users\/1"}],"replies":[{"embeddable":true,"href":"https:\/\/www.thegardenofpeace.org\/es\/wp-json\/wp\/v2\/comments?post=7646"}],"version-history":[{"count":1,"href":"https:\/\/www.thegardenofpeace.org\/es\/wp-json\/wp\/v2\/pages\/7646\/revisions"}],"predecessor-version":[{"id":7647,"href":"https:\/\/www.thegardenofpeace.org\/es\/wp-json\/wp\/v2\/pages\/7646\/revisions\/7647"}],"wp:attachment":[{"href":"https:\/\/www.thegardenofpeace.org\/es\/wp-json\/wp\/v2\/media?parent=7646"}],"curies":[{"name":"wp","href":"https:\/\/api.w.org\/{rel}","templated":true}]}}