{"id":11143,"date":"2025-03-29T13:01:48","date_gmt":"2025-03-29T12:01:48","guid":{"rendered":"https:\/\/www.thegardenofpeace.org\/marocco\/"},"modified":"2025-04-30T18:21:49","modified_gmt":"2025-04-30T16:21:49","slug":"marocco","status":"publish","type":"page","link":"https:\/\/www.thegardenofpeace.org\/fr\/marocco\/","title":{"rendered":"MAROCCO"},"content":{"rendered":"<p>[vc_row css_animation=\u00a0\u00bb\u00a0\u00bb row_type=\u00a0\u00bbrow\u00a0\u00bb use_row_as_full_screen_section=\u00a0\u00bbno\u00a0\u00bb type=\u00a0\u00bbfull_width\u00a0\u00bb angled_section=\u00a0\u00bbno\u00a0\u00bb text_align=\u00a0\u00bbleft\u00a0\u00bb background_image_as_pattern=\u00a0\u00bbwithout_pattern\u00a0\u00bb][vc_column][vc_empty_space][\/vc_column][\/vc_row][vc_row css_animation=\u00a0\u00bb\u00a0\u00bb row_type=\u00a0\u00bbrow\u00a0\u00bb use_row_as_full_screen_section=\u00a0\u00bbno\u00a0\u00bb type=\u00a0\u00bbfull_width\u00a0\u00bb angled_section=\u00a0\u00bbno\u00a0\u00bb text_align=\u00a0\u00bbleft\u00a0\u00bb background_image_as_pattern=\u00a0\u00bbwithout_pattern\u00a0\u00bb][vc_column][vc_single_image image=\u00a0\u00bb9826&Prime; img_size=\u00a0\u00bblarge\u00a0\u00bb alignment=\u00a0\u00bbcenter\u00a0\u00bb qode_css_animation=\u00a0\u00bb\u00a0\u00bb][vc_empty_space][\/vc_column][\/vc_row][vc_row css_animation=\u00a0\u00bb\u00a0\u00bb row_type=\u00a0\u00bbrow\u00a0\u00bb use_row_as_full_screen_section=\u00a0\u00bbno\u00a0\u00bb type=\u00a0\u00bbfull_width\u00a0\u00bb angled_section=\u00a0\u00bbno\u00a0\u00bb text_align=\u00a0\u00bbleft\u00a0\u00bb background_image_as_pattern=\u00a0\u00bbwithout_pattern\u00a0\u00bb][vc_column][vc_column_text]<\/p>\n<h1 style=\"text-align: center;\"><strong>MAROC<\/strong><\/h1>\n<p>[\/vc_column_text][vc_empty_space][vc_column_text]<\/p>\n<h2 style=\"text-align: center;\"><em>Les pas silencieux du changement<\/em><\/h2>\n<p>[\/vc_column_text][vc_empty_space][vc_column_text]\u00ab\u202fJe crois en un monde o\u00f9 l\u2019amour ne reste pas un simple sentiment, mais se transforme en action. Un monde o\u00f9 chaque cr\u00e9ature a droit \u00e0 la vie, au respect et \u00e0 la paix.\u00bb[\/vc_column_text][vc_empty_space]<a  itemprop=\"url\" href=\"https:\/\/thegardenofpeace.org\/fr\/laura-formentini-peace-in-action#paesi\" target=\"_self\"  class=\"qbutton  default\" style=\"\">Go Back<\/a>[vc_empty_space][vc_empty_space][vc_separator type=\u00a0\u00bbnormal\u00a0\u00bb color=\u00a0\u00bb#c1c1c1&Prime;][vc_column_text]<\/p>\n<h2 style=\"text-align: center;\" data-start=\"293\" data-end=\"335\"><strong>GIARDINO DELLA PACE DI TANGER<\/strong><\/h2>\n<p>[\/vc_column_text][\/vc_column][\/vc_row][vc_row css_animation=\u00a0\u00bb\u00a0\u00bb row_type=\u00a0\u00bbrow\u00a0\u00bb use_row_as_full_screen_section=\u00a0\u00bbno\u00a0\u00bb type=\u00a0\u00bbfull_width\u00a0\u00bb angled_section=\u00a0\u00bbno\u00a0\u00bb text_align=\u00a0\u00bbleft\u00a0\u00bb background_image_as_pattern=\u00a0\u00bbwithout_pattern\u00a0\u00bb][vc_column width=\u00a0\u00bb2\/3&Prime;][vc_empty_space][vc_column_text]<\/p>\n<h3 class=\"\" data-start=\"293\" data-end=\"335\"><em>L\u00e0 o\u00f9 l\u2019amour des animaux rencontre l\u2019action pour la paix<\/em><\/h3>\n<p>[\/vc_column_text][vc_empty_space][vc_column_text]<\/p>\n<p class=\"\" data-start=\"0\" data-end=\"345\">Au c\u0153ur du <strong data-start=\"11\" data-end=\"35\">SFT Animal Sanctuary<\/strong>, le plus grand sanctuaire pour animaux du Maroc, fond\u00e9 en 2013 par Salima \u00ab\u202fSally\u202f\u00bb Kadaoui, est n\u00e9 le tout premier <strong data-start=\"152\" data-end=\"173\">Jardin de la Paix<\/strong> sur le sol africain. Un lieu \u00e0 la fois symbolique et r\u00e9el, o\u00f9 oliviers, animaux sauv\u00e9s et \u00eatres humains se rencontrent dans une \u00e9treinte de renaissance et de compassion. Fruit de la collaboration entre <strong data-start=\"379\" data-end=\"402\">The Garden of Peace<\/strong> et <strong data-start=\"406\" data-end=\"413\">SFT<\/strong>, ce jardin incarne une nouvelle vision du monde : un lieu o\u00f9 chaque geste de bont\u00e9 devient un acte de r\u00e9volution, et o\u00f9 l\u2019amour pour les animaux se transforme en une action concr\u00e8te pour la paix. \u00ab\u202fNous avons plant\u00e9 des oliviers l\u00e0 o\u00f9 il n\u2019y avait autrefois que de l\u2019abandon. Aujourd\u2019hui, dans ce silence, s\u2019\u00e9l\u00e8ve la voix de l\u2019espoir.\u202f\u00bb<\/p>\n<p>[\/vc_column_text][\/vc_column][vc_column width=\u00a0\u00bb1\/3&Prime;][vc_empty_space height=\u00a0\u00bb15px\u00a0\u00bb][vc_single_image image=\u00a0\u00bb9988&Prime; img_size=\u00a0\u00bbfull\u00a0\u00bb alignment=\u00a0\u00bbcenter\u00a0\u00bb onclick=\u00a0\u00bbimg_link_large\u00a0\u00bb qode_css_animation=\u00a0\u00bb\u00a0\u00bb qode_hover_animation=\u00a0\u00bbzoom_in\u00a0\u00bb][vc_column_text]<\/p>\n<p style=\"background: white;\">Avec Sally, au sein du sanctuaire SFT, en train de montrer le panneau inaugural du tout premier Jardin de la Paix en Afrique. Un lieu o\u00f9 chaque arbre raconte une histoire d\u2019amour, de r\u00e9silience et d\u2019espoir.<\/p>\n<p>[\/vc_column_text][\/vc_column][\/vc_row][vc_row css_animation=\u00a0\u00bb\u00a0\u00bb row_type=\u00a0\u00bbrow\u00a0\u00bb use_row_as_full_screen_section=\u00a0\u00bbno\u00a0\u00bb type=\u00a0\u00bbfull_width\u00a0\u00bb angled_section=\u00a0\u00bbno\u00a0\u00bb text_align=\u00a0\u00bbleft\u00a0\u00bb background_image_as_pattern=\u00a0\u00bbwithout_pattern\u00a0\u00bb][vc_column][vc_separator type=\u00a0\u00bbnormal\u00a0\u00bb color=\u00a0\u00bb#c1c1c1&Prime;][vc_empty_space][vc_column_text]<\/p>\n<h2 style=\"text-align: center;\"><strong>PROJET HAYAT<\/strong><\/h2>\n<p>[\/vc_column_text][vc_empty_space][vc_column_text]<\/p>\n<h3 class=\"\" data-start=\"293\" data-end=\"335\"><em>\u00c9duquer \u00e0 l\u2019amour, cultiver la vie<\/em><\/h3>\n<p>[\/vc_column_text][vc_empty_space][vc_column_text]Chaque ann\u00e9e au Maroc, des milliers de chiens sont tu\u00e9s par crainte de la rage et pour contr\u00f4ler la population errante.<br \/>\nLe <strong>Projet Hayat<\/strong>, qui signifie \u00ab\u202fvie\u202f\u00bb en arabe, est n\u00e9 pour changer cette mentalit\u00e9, en sauvant des vies gr\u00e2ce \u00e0 l\u2019\u00e9ducation et \u00e0 l\u2019implication de la communaut\u00e9.<\/p>\n<p>Gr\u00e2ce au travail de <strong>SFT<\/strong>, laur\u00e9at pour la troisi\u00e8me ann\u00e9e cons\u00e9cutive du <strong>Global Rabies Day Award<\/strong> dans la r\u00e9gion Meracon, ce projet promeut la compassion comme une valeur sociale. L\u2019objectif : faire de Tanger la premi\u00e8re ville d\u2019Afrique exempte de rage et v\u00e9ritablement amie des animaux. \u00ab\u202f\u00c9duquer \u00e0 la compassion est le premier pas pour sauver des vies \u2014 animales et humaines. Hayat, c\u2019est la vie, et nous la c\u00e9l\u00e9brons chaque jour \u00e0 travers l\u2019amour.\u202f\u00bb[\/vc_column_text][vc_empty_space][\/vc_column][\/vc_row][vc_row css_animation=\u00a0\u00bb\u00a0\u00bb row_type=\u00a0\u00bbrow\u00a0\u00bb use_row_as_full_screen_section=\u00a0\u00bbno\u00a0\u00bb type=\u00a0\u00bbfull_width\u00a0\u00bb angled_section=\u00a0\u00bbno\u00a0\u00bb text_align=\u00a0\u00bbleft\u00a0\u00bb background_image_as_pattern=\u00a0\u00bbwithout_pattern\u00a0\u00bb][vc_column width=\u00a0\u00bb1\/3&Prime;][vc_empty_space height=\u00a0\u00bb10px\u00a0\u00bb][vc_single_image image=\u00a0\u00bb9984&Prime; img_size=\u00a0\u00bbfull\u00a0\u00bb alignment=\u00a0\u00bbcenter\u00a0\u00bb onclick=\u00a0\u00bbimg_link_large\u00a0\u00bb qode_css_animation=\u00a0\u00bb\u00a0\u00bb][vc_empty_space height=\u00a0\u00bb10px\u00a0\u00bb][\/vc_column][vc_column width=\u00a0\u00bb1\/3&Prime;][vc_empty_space height=\u00a0\u00bb10px\u00a0\u00bb][vc_single_image image=\u00a0\u00bb9996&Prime; img_size=\u00a0\u00bbfull\u00a0\u00bb alignment=\u00a0\u00bbcenter\u00a0\u00bb onclick=\u00a0\u00bbimg_link_large\u00a0\u00bb qode_css_animation=\u00a0\u00bb\u00a0\u00bb][vc_empty_space height=\u00a0\u00bb10px\u00a0\u00bb][\/vc_column][vc_column width=\u00a0\u00bb1\/3&Prime;][vc_empty_space height=\u00a0\u00bb10px\u00a0\u00bb][vc_single_image image=\u00a0\u00bb9980&Prime; img_size=\u00a0\u00bbfull\u00a0\u00bb alignment=\u00a0\u00bbcenter\u00a0\u00bb onclick=\u00a0\u00bbimg_link_large\u00a0\u00bb qode_css_animation=\u00a0\u00bb\u00a0\u00bb][\/vc_column][\/vc_row][vc_row css_animation=\u00a0\u00bb\u00a0\u00bb row_type=\u00a0\u00bbrow\u00a0\u00bb use_row_as_full_screen_section=\u00a0\u00bbno\u00a0\u00bb type=\u00a0\u00bbfull_width\u00a0\u00bb angled_section=\u00a0\u00bbno\u00a0\u00bb text_align=\u00a0\u00bbleft\u00a0\u00bb background_image_as_pattern=\u00a0\u00bbwithout_pattern\u00a0\u00bb][vc_column][vc_column_text]<em>Avec le <strong>Projet Hayat<\/strong>, nous apportons bien plus que de la nourriture : nous apportons de la dignit\u00e9, de l\u2019\u00e9coute et de la pr\u00e9sence.<\/em><br \/>\n<em>Chaque \u00e9treinte, chaque sourire partag\u00e9 dans les rues de Tanger est une graine de paix. <\/em><em>Car <strong>Hayat<\/strong> signifie vie, et personne ne devrait l\u2019affronter seul.<\/em>[\/vc_column_text][vc_column_text][\/vc_column_text][\/vc_column][\/vc_row][vc_row css_animation=\u00a0\u00bb\u00a0\u00bb row_type=\u00a0\u00bbrow\u00a0\u00bb use_row_as_full_screen_section=\u00a0\u00bbno\u00a0\u00bb type=\u00a0\u00bbfull_width\u00a0\u00bb angled_section=\u00a0\u00bbno\u00a0\u00bb text_align=\u00a0\u00bbleft\u00a0\u00bb background_image_as_pattern=\u00a0\u00bbwithout_pattern\u00a0\u00bb][vc_column][vc_separator type=\u00a0\u00bbnormal\u00a0\u00bb color=\u00a0\u00bb#c1c1c1&Prime;][vc_empty_space][vc_column_text]<\/p>\n<h2 style=\"text-align: center;\"><strong>UN PHARE DANS LE NORD DU MAROC<\/strong><\/h2>\n<p>[\/vc_column_text][\/vc_column][\/vc_row][vc_row css_animation=\u00a0\u00bb\u00a0\u00bb row_type=\u00a0\u00bbrow\u00a0\u00bb use_row_as_full_screen_section=\u00a0\u00bbno\u00a0\u00bb type=\u00a0\u00bbfull_width\u00a0\u00bb angled_section=\u00a0\u00bbno\u00a0\u00bb text_align=\u00a0\u00bbleft\u00a0\u00bb background_image_as_pattern=\u00a0\u00bbwithout_pattern\u00a0\u00bb][vc_column width=\u00a0\u00bb2\/3&Prime;][vc_empty_space][vc_column_text]<\/p>\n<h3 class=\"\" data-start=\"293\" data-end=\"335\"><em>Renaissance, compassion et engagement actif<\/em><\/h3>\n<p>[\/vc_column_text][vc_empty_space][vc_column_text]Parmi les collines de Tanger, l\u00e0 o\u00f9 r\u00e9gnaient autrefois l\u2019abandon et la souffrance, une lumi\u00e8re d\u2019espoir s\u2019allume aujourd\u2019hui. Une lumi\u00e8re concr\u00e8te, faite d\u2019engagement quotidien, n\u00e9e de la rencontre de trois r\u00e9alit\u00e9s unies par une vision commune : <strong>SFT Animal Sanctuary<\/strong>, <strong>The Garden of Peace<\/strong> et le <strong>Projet Hayat<\/strong>. Ensemble, ils ont donn\u00e9 vie \u00e0 un lieu qui n\u2019est pas seulement un refuge pour animaux en d\u00e9tresse, mais un v\u00e9ritable centre de transformation sociale, o\u00f9 l\u2019\u00e9ducation, la protection et le soin deviennent des outils pour construire un avenir diff\u00e9rent. Dans cet espace r\u00e9g\u00e9n\u00e9r\u00e9, la compassion devient action, et la fragilit\u00e9 se transforme en force.<br \/>\nOn y cultive les liens, on y promeut le respect, on y s\u00e8me la conscience.<br \/>\nChaque animal sauv\u00e9, chaque personne impliqu\u00e9e, chaque geste d\u2019attention raconte la possibilit\u00e9 de rena\u00eetre \u2014 ensemble. C\u2019est un phare pour l\u2019avenir, un exemple tangible de la mani\u00e8re dont, m\u00eame dans les lieux les plus meurtris, la paix peut germer lorsque l\u2019amour se traduit en pr\u00e9sence, en \u00e9coute et en responsabilit\u00e9 partag\u00e9e. \u00ab\u202fDans un coin oubli\u00e9 du monde, nous avons allum\u00e9 une lumi\u00e8re qui ne s\u2019\u00e9teindra pas : celle de l\u2019engagement, du soin et du courage d\u2019aimer.\u202f\u00bb[\/vc_column_text][\/vc_column][vc_column width=\u00a0\u00bb1\/3&Prime;][vc_empty_space][vc_empty_space][vc_single_image image=\u00a0\u00bb9992&Prime; img_size=\u00a0\u00bbfull\u00a0\u00bb alignment=\u00a0\u00bbcenter\u00a0\u00bb onclick=\u00a0\u00bbimg_link_large\u00a0\u00bb qode_css_animation=\u00a0\u00bb\u00a0\u00bb][vc_column_text]<\/p>\n<p style=\"background: white;\"><em>Avec Sally sur la plage de Tanger, entour\u00e9es d\u2019\u00e2mes courageuses sur roulettes. <\/em><br \/>\n<em>L\u00e0 o\u00f9 l\u2019amour n\u2019a pas de limites et o\u00f9 l\u2019espoir court, m\u00eame quand les pattes ne le peuvent pas.<\/em><\/p>\n<p>[\/vc_column_text][\/vc_column][\/vc_row][vc_row css_animation=\u00a0\u00bb\u00a0\u00bb row_type=\u00a0\u00bbrow\u00a0\u00bb use_row_as_full_screen_section=\u00a0\u00bbno\u00a0\u00bb type=\u00a0\u00bbfull_width\u00a0\u00bb angled_section=\u00a0\u00bbno\u00a0\u00bb text_align=\u00a0\u00bbleft\u00a0\u00bb background_image_as_pattern=\u00a0\u00bbwithout_pattern\u00a0\u00bb][vc_column][vc_empty_space]<span class=\"separator_with_icon\" style='color:#666666;'><i class=\"fa fa-tree\"><\/i><\/span>[vc_empty_space][vc_separator type=\u00a0\u00bbnormal\u00a0\u00bb color=\u00a0\u00bb#c1c1c1&Prime;][\/vc_column][\/vc_row]<\/p>\n","protected":false},"excerpt":{"rendered":"<p>[vc_row css_animation=\u00a0\u00bb\u00a0\u00bb row_type=\u00a0\u00bbrow\u00a0\u00bb use_row_as_full_screen_section=\u00a0\u00bbno\u00a0\u00bb type=\u00a0\u00bbfull_width\u00a0\u00bb angled_section=\u00a0\u00bbno\u00a0\u00bb text_align=\u00a0\u00bbleft\u00a0\u00bb background_image_as_pattern=\u00a0\u00bbwithout_pattern\u00a0\u00bb][vc_column][vc_empty_space][\/vc_column][\/vc_row][vc_row css_animation=\u00a0\u00bb\u00a0\u00bb row_type=\u00a0\u00bbrow\u00a0\u00bb use_row_as_full_screen_section=\u00a0\u00bbno\u00a0\u00bb type=\u00a0\u00bbfull_width\u00a0\u00bb angled_section=\u00a0\u00bbno\u00a0\u00bb text_align=\u00a0\u00bbleft\u00a0\u00bb background_image_as_pattern=\u00a0\u00bbwithout_pattern\u00a0\u00bb][vc_column][vc_single_image image=\u00a0\u00bb9826&Prime; img_size=\u00a0\u00bblarge\u00a0\u00bb alignment=\u00a0\u00bbcenter\u00a0\u00bb qode_css_animation=\u00a0\u00bb\u00a0\u00bb][vc_empty_space][\/vc_column][\/vc_row][vc_row css_animation=\u00a0\u00bb\u00a0\u00bb row_type=\u00a0\u00bbrow\u00a0\u00bb use_row_as_full_screen_section=\u00a0\u00bbno\u00a0\u00bb type=\u00a0\u00bbfull_width\u00a0\u00bb angled_section=\u00a0\u00bbno\u00a0\u00bb text_align=\u00a0\u00bbleft\u00a0\u00bb background_image_as_pattern=\u00a0\u00bbwithout_pattern\u00a0\u00bb][vc_column][vc_column_text] MAROC [\/vc_column_text][vc_empty_space][vc_column_text] Les pas silencieux du changement [\/vc_column_text][vc_empty_space][vc_column_text]\u00ab\u202fJe crois en un monde o\u00f9 l\u2019amour ne reste pas un simple&#8230;<\/p>\n","protected":false},"author":3,"featured_media":0,"parent":0,"menu_order":0,"comment_status":"closed","ping_status":"closed","template":"","meta":{"footnotes":""},"class_list":["post-11143","page","type-page","status-publish","hentry"],"yoast_head":"<!-- This site is optimized with the Yoast SEO plugin v27.1.1 - https:\/\/yoast.com\/product\/yoast-seo-wordpress\/ -->\n<title>MAROCCO - The Garden of Peace<\/title>\n<meta name=\"robots\" content=\"index, follow, max-snippet:-1, max-image-preview:large, max-video-preview:-1\" \/>\n<link rel=\"canonical\" href=\"https:\/\/www.thegardenofpeace.org\/marocco\/\" \/>\n<meta property=\"og:locale\" content=\"fr_FR\" \/>\n<meta property=\"og:type\" content=\"article\" \/>\n<meta property=\"og:title\" content=\"MAROCCO - The Garden of Peace\" \/>\n<meta property=\"og:description\" content=\"[vc_row css_animation=\u00a0\u00bb\u00a0\u00bb row_type=\u00a0\u00bbrow\u00a0\u00bb use_row_as_full_screen_section=\u00a0\u00bbno\u00a0\u00bb type=\u00a0\u00bbfull_width\u00a0\u00bb angled_section=\u00a0\u00bbno\u00a0\u00bb text_align=\u00a0\u00bbleft\u00a0\u00bb background_image_as_pattern=\u00a0\u00bbwithout_pattern\u00a0\u00bb][vc_column][vc_empty_space][\/vc_column][\/vc_row][vc_row css_animation=\u00a0\u00bb\u00a0\u00bb row_type=\u00a0\u00bbrow\u00a0\u00bb use_row_as_full_screen_section=\u00a0\u00bbno\u00a0\u00bb type=\u00a0\u00bbfull_width\u00a0\u00bb angled_section=\u00a0\u00bbno\u00a0\u00bb text_align=\u00a0\u00bbleft\u00a0\u00bb background_image_as_pattern=\u00a0\u00bbwithout_pattern\u00a0\u00bb][vc_column][vc_single_image image=\u00a0\u00bb9826&Prime; img_size=\u00a0\u00bblarge\u00a0\u00bb alignment=\u00a0\u00bbcenter\u00a0\u00bb qode_css_animation=\u00a0\u00bb\u00a0\u00bb][vc_empty_space][\/vc_column][\/vc_row][vc_row css_animation=\u00a0\u00bb\u00a0\u00bb row_type=\u00a0\u00bbrow\u00a0\u00bb use_row_as_full_screen_section=\u00a0\u00bbno\u00a0\u00bb type=\u00a0\u00bbfull_width\u00a0\u00bb angled_section=\u00a0\u00bbno\u00a0\u00bb text_align=\u00a0\u00bbleft\u00a0\u00bb background_image_as_pattern=\u00a0\u00bbwithout_pattern\u00a0\u00bb][vc_column][vc_column_text] MAROC [\/vc_column_text][vc_empty_space][vc_column_text] Les pas silencieux du changement [\/vc_column_text][vc_empty_space][vc_column_text]\u00ab\u202fJe crois en un monde o\u00f9 l\u2019amour ne reste pas un simple...\" \/>\n<meta property=\"og:url\" content=\"https:\/\/www.thegardenofpeace.org\/marocco\/\" \/>\n<meta property=\"og:site_name\" content=\"The Garden of Peace\" \/>\n<meta property=\"article:modified_time\" content=\"2025-04-30T16:21:49+00:00\" \/>\n<meta property=\"og:image\" content=\"https:\/\/www.thegardenofpeace.org\/wp-content\/uploads\/2025\/12\/manos-olivos-con-mano-de-mujer-alta-definizione-scaled.jpg\" \/>\n\t<meta property=\"og:image:width\" content=\"2560\" \/>\n\t<meta property=\"og:image:height\" content=\"290\" \/>\n\t<meta property=\"og:image:type\" content=\"image\/jpeg\" \/>\n<meta name=\"twitter:card\" content=\"summary_large_image\" \/>\n<meta name=\"twitter:label1\" content=\"Dur\u00e9e de lecture estim\u00e9e\" \/>\n\t<meta name=\"twitter:data1\" content=\"7 minutes\" \/>\n<script type=\"application\/ld+json\" class=\"yoast-schema-graph\">{\"@context\":\"https:\/\/schema.org\",\"@graph\":[{\"@type\":\"WebPage\",\"@id\":\"https:\/\/www.thegardenofpeace.org\/marocco\/\",\"url\":\"https:\/\/www.thegardenofpeace.org\/marocco\/\",\"name\":\"MAROCCO - The Garden of Peace\",\"isPartOf\":{\"@id\":\"https:\/\/www.thegardenofpeace.org\/fr\/#website\"},\"datePublished\":\"2025-03-29T12:01:48+00:00\",\"dateModified\":\"2025-04-30T16:21:49+00:00\",\"breadcrumb\":{\"@id\":\"https:\/\/www.thegardenofpeace.org\/marocco\/#breadcrumb\"},\"inLanguage\":\"fr-FR\",\"potentialAction\":[{\"@type\":\"ReadAction\",\"target\":[\"https:\/\/www.thegardenofpeace.org\/marocco\/\"]}]},{\"@type\":\"BreadcrumbList\",\"@id\":\"https:\/\/www.thegardenofpeace.org\/marocco\/#breadcrumb\",\"itemListElement\":[{\"@type\":\"ListItem\",\"position\":1,\"name\":\"Home\",\"item\":\"https:\/\/www.thegardenofpeace.org\/fr\/\"},{\"@type\":\"ListItem\",\"position\":2,\"name\":\"MAROCCO\"}]},{\"@type\":\"WebSite\",\"@id\":\"https:\/\/www.thegardenofpeace.org\/fr\/#website\",\"url\":\"https:\/\/www.thegardenofpeace.org\/fr\/\",\"name\":\"The Garden of Peace\",\"description\":\"The Garden of Peace\",\"alternateName\":\"TGoP\",\"potentialAction\":[{\"@type\":\"SearchAction\",\"target\":{\"@type\":\"EntryPoint\",\"urlTemplate\":\"https:\/\/www.thegardenofpeace.org\/fr\/?s={search_term_string}\"},\"query-input\":{\"@type\":\"PropertyValueSpecification\",\"valueRequired\":true,\"valueName\":\"search_term_string\"}}],\"inLanguage\":\"fr-FR\"}]}<\/script>\n<!-- \/ Yoast SEO plugin. -->","yoast_head_json":{"title":"MAROCCO - The Garden of Peace","robots":{"index":"index","follow":"follow","max-snippet":"max-snippet:-1","max-image-preview":"max-image-preview:large","max-video-preview":"max-video-preview:-1"},"canonical":"https:\/\/www.thegardenofpeace.org\/marocco\/","og_locale":"fr_FR","og_type":"article","og_title":"MAROCCO - The Garden of Peace","og_description":"[vc_row css_animation=\u00a0\u00bb\u00a0\u00bb row_type=\u00a0\u00bbrow\u00a0\u00bb use_row_as_full_screen_section=\u00a0\u00bbno\u00a0\u00bb type=\u00a0\u00bbfull_width\u00a0\u00bb angled_section=\u00a0\u00bbno\u00a0\u00bb text_align=\u00a0\u00bbleft\u00a0\u00bb background_image_as_pattern=\u00a0\u00bbwithout_pattern\u00a0\u00bb][vc_column][vc_empty_space][\/vc_column][\/vc_row][vc_row css_animation=\u00a0\u00bb\u00a0\u00bb row_type=\u00a0\u00bbrow\u00a0\u00bb use_row_as_full_screen_section=\u00a0\u00bbno\u00a0\u00bb type=\u00a0\u00bbfull_width\u00a0\u00bb angled_section=\u00a0\u00bbno\u00a0\u00bb text_align=\u00a0\u00bbleft\u00a0\u00bb background_image_as_pattern=\u00a0\u00bbwithout_pattern\u00a0\u00bb][vc_column][vc_single_image image=\u00a0\u00bb9826&Prime; img_size=\u00a0\u00bblarge\u00a0\u00bb alignment=\u00a0\u00bbcenter\u00a0\u00bb qode_css_animation=\u00a0\u00bb\u00a0\u00bb][vc_empty_space][\/vc_column][\/vc_row][vc_row css_animation=\u00a0\u00bb\u00a0\u00bb row_type=\u00a0\u00bbrow\u00a0\u00bb use_row_as_full_screen_section=\u00a0\u00bbno\u00a0\u00bb type=\u00a0\u00bbfull_width\u00a0\u00bb angled_section=\u00a0\u00bbno\u00a0\u00bb text_align=\u00a0\u00bbleft\u00a0\u00bb background_image_as_pattern=\u00a0\u00bbwithout_pattern\u00a0\u00bb][vc_column][vc_column_text] MAROC [\/vc_column_text][vc_empty_space][vc_column_text] Les pas silencieux du changement [\/vc_column_text][vc_empty_space][vc_column_text]\u00ab\u202fJe crois en un monde o\u00f9 l\u2019amour ne reste pas un simple...","og_url":"https:\/\/www.thegardenofpeace.org\/marocco\/","og_site_name":"The Garden of Peace","article_modified_time":"2025-04-30T16:21:49+00:00","og_image":[{"width":2560,"height":290,"url":"https:\/\/www.thegardenofpeace.org\/wp-content\/uploads\/2025\/12\/manos-olivos-con-mano-de-mujer-alta-definizione-scaled.jpg","type":"image\/jpeg"}],"twitter_card":"summary_large_image","twitter_misc":{"Dur\u00e9e de lecture estim\u00e9e":"7 minutes"},"schema":{"@context":"https:\/\/schema.org","@graph":[{"@type":"WebPage","@id":"https:\/\/www.thegardenofpeace.org\/marocco\/","url":"https:\/\/www.thegardenofpeace.org\/marocco\/","name":"MAROCCO - The Garden of Peace","isPartOf":{"@id":"https:\/\/www.thegardenofpeace.org\/fr\/#website"},"datePublished":"2025-03-29T12:01:48+00:00","dateModified":"2025-04-30T16:21:49+00:00","breadcrumb":{"@id":"https:\/\/www.thegardenofpeace.org\/marocco\/#breadcrumb"},"inLanguage":"fr-FR","potentialAction":[{"@type":"ReadAction","target":["https:\/\/www.thegardenofpeace.org\/marocco\/"]}]},{"@type":"BreadcrumbList","@id":"https:\/\/www.thegardenofpeace.org\/marocco\/#breadcrumb","itemListElement":[{"@type":"ListItem","position":1,"name":"Home","item":"https:\/\/www.thegardenofpeace.org\/fr\/"},{"@type":"ListItem","position":2,"name":"MAROCCO"}]},{"@type":"WebSite","@id":"https:\/\/www.thegardenofpeace.org\/fr\/#website","url":"https:\/\/www.thegardenofpeace.org\/fr\/","name":"The Garden of Peace","description":"The Garden of Peace","alternateName":"TGoP","potentialAction":[{"@type":"SearchAction","target":{"@type":"EntryPoint","urlTemplate":"https:\/\/www.thegardenofpeace.org\/fr\/?s={search_term_string}"},"query-input":{"@type":"PropertyValueSpecification","valueRequired":true,"valueName":"search_term_string"}}],"inLanguage":"fr-FR"}]}},"_links":{"self":[{"href":"https:\/\/www.thegardenofpeace.org\/fr\/wp-json\/wp\/v2\/pages\/11143","targetHints":{"allow":["GET"]}}],"collection":[{"href":"https:\/\/www.thegardenofpeace.org\/fr\/wp-json\/wp\/v2\/pages"}],"about":[{"href":"https:\/\/www.thegardenofpeace.org\/fr\/wp-json\/wp\/v2\/types\/page"}],"author":[{"embeddable":true,"href":"https:\/\/www.thegardenofpeace.org\/fr\/wp-json\/wp\/v2\/users\/3"}],"replies":[{"embeddable":true,"href":"https:\/\/www.thegardenofpeace.org\/fr\/wp-json\/wp\/v2\/comments?post=11143"}],"version-history":[{"count":3,"href":"https:\/\/www.thegardenofpeace.org\/fr\/wp-json\/wp\/v2\/pages\/11143\/revisions"}],"predecessor-version":[{"id":11146,"href":"https:\/\/www.thegardenofpeace.org\/fr\/wp-json\/wp\/v2\/pages\/11143\/revisions\/11146"}],"wp:attachment":[{"href":"https:\/\/www.thegardenofpeace.org\/fr\/wp-json\/wp\/v2\/media?parent=11143"}],"curies":[{"name":"wp","href":"https:\/\/api.w.org\/{rel}","templated":true}]}}