{"id":12521,"date":"2025-08-29T12:08:15","date_gmt":"2025-08-29T10:08:15","guid":{"rendered":"https:\/\/www.thegardenofpeace.org\/alhambra\/"},"modified":"2026-02-23T20:44:02","modified_gmt":"2026-02-23T19:44:02","slug":"alhambra","status":"publish","type":"page","link":"https:\/\/www.thegardenofpeace.org\/fr\/alhambra\/","title":{"rendered":"Alhambra"},"content":{"rendered":"<p>[vc_row css_animation=\u00a0\u00bb\u00a0\u00bb row_type=\u00a0\u00bbrow\u00a0\u00bb use_row_as_full_screen_section=\u00a0\u00bbno\u00a0\u00bb type=\u00a0\u00bbfull_width\u00a0\u00bb angled_section=\u00a0\u00bbno\u00a0\u00bb text_align=\u00a0\u00bbleft\u00a0\u00bb background_image_as_pattern=\u00a0\u00bbwithout_pattern\u00a0\u00bb][vc_column width=\u00a0\u00bb1\/3&Prime;][vc_single_image image=\u00a0\u00bb12472&Prime; img_size=\u00a0\u00bblarge\u00a0\u00bb alignment=\u00a0\u00bbcenter\u00a0\u00bb qode_css_animation=\u00a0\u00bb\u00a0\u00bb][vc_empty_space][vc_column_text][\/vc_column_text][\/vc_column][vc_column width=\u00a0\u00bb1\/3&Prime;][\/vc_column][vc_column width=\u00a0\u00bb1\/3&Prime;][vc_single_image image=\u00a0\u00bb11717&Prime; img_size=\u00a0\u00bb250&#215;250&Prime; alignment=\u00a0\u00bbcenter\u00a0\u00bb qode_css_animation=\u00a0\u00bb\u00a0\u00bb][vc_empty_space][\/vc_column][\/vc_row][vc_row css_animation=\u00a0\u00bb\u00a0\u00bb row_type=\u00a0\u00bbrow\u00a0\u00bb use_row_as_full_screen_section=\u00a0\u00bbno\u00a0\u00bb type=\u00a0\u00bbfull_width\u00a0\u00bb angled_section=\u00a0\u00bbno\u00a0\u00bb text_align=\u00a0\u00bbleft\u00a0\u00bb background_image_as_pattern=\u00a0\u00bbwithout_pattern\u00a0\u00bb][vc_column][vc_empty_space][vc_column_text]<\/p>\n<h1 style=\"text-align: center;\"><strong>ALHAMBRA<\/strong><\/h1>\n<p>[\/vc_column_text][vc_empty_space][vc_single_image image=\u00a0\u00bb457&Prime; alignment=\u00a0\u00bbcenter\u00a0\u00bb qode_css_animation=\u00a0\u00bb\u00a0\u00bb][\/vc_column][\/vc_row][vc_row css_animation=\u00a0\u00bb\u00a0\u00bb row_type=\u00a0\u00bbrow\u00a0\u00bb use_row_as_full_screen_section=\u00a0\u00bbno\u00a0\u00bb type=\u00a0\u00bbfull_width\u00a0\u00bb angled_section=\u00a0\u00bbno\u00a0\u00bb text_align=\u00a0\u00bbleft\u00a0\u00bb background_image_as_pattern=\u00a0\u00bbwithout_pattern\u00a0\u00bb][vc_column][vc_empty_space][vc_empty_space][vc_empty_space][\/vc_column][\/vc_row][vc_row css_animation=\u00a0\u00bb\u00a0\u00bb row_type=\u00a0\u00bbrow\u00a0\u00bb use_row_as_full_screen_section=\u00a0\u00bbno\u00a0\u00bb type=\u00a0\u00bbfull_width\u00a0\u00bb angled_section=\u00a0\u00bbno\u00a0\u00bb text_align=\u00a0\u00bbleft\u00a0\u00bb background_image_as_pattern=\u00a0\u00bbwithout_pattern\u00a0\u00bb][vc_column][vc_column_text]<\/p>\n<h2 style=\"text-align: center;\">L\u2019Alhambra \u2013 Symbole \u00e9ternel de rencontre entre les cultures<\/h2>\n<p>[\/vc_column_text][\/vc_column][\/vc_row][vc_row css_animation=\u00a0\u00bb\u00a0\u00bb row_type=\u00a0\u00bbrow\u00a0\u00bb use_row_as_full_screen_section=\u00a0\u00bbno\u00a0\u00bb type=\u00a0\u00bbfull_width\u00a0\u00bb angled_section=\u00a0\u00bbno\u00a0\u00bb text_align=\u00a0\u00bbleft\u00a0\u00bb background_image_as_pattern=\u00a0\u00bbwithout_pattern\u00a0\u00bb][vc_column][vc_column_text]\u00c0 l\u2019Alhambra de Grenade, le Jardin de la Paix s\u2019inscrit dans l\u2019un des monuments les plus visit\u00e9s et admir\u00e9s au monde, o\u00f9 l\u2019histoire et la beaut\u00e9 dialoguent depuis des si\u00e8cles. Ce lieu, symbole de l\u2019\u00e9clat andalou, est aussi le t\u00e9moin de la coexistence des cultures, des religions et des traditions qui y ont laiss\u00e9 leur empreinte et leur h\u00e9ritage culturel.<\/p>\n<p>Le Jardin de la Paix de l\u2019Alhambra incarne la continuit\u00e9 de cet esprit : un espace o\u00f9 la m\u00e9moire du pass\u00e9 se conjugue avec l\u2019aspiration \u00e0 un avenir partag\u00e9. Tout comme les murs, les palais et les jardins de l\u2019Alhambra racontent des histoires de rencontre entre peuples divers, les oliviers plant\u00e9s dans ce jardin \u201421 vari\u00e9t\u00e9s originaires de 21 pays\u2014 symbolisent la force de l\u2019unit\u00e9 dans la diversit\u00e9.<\/p>\n<p>Chaque arbre, enracin\u00e9 dans une terre diff\u00e9rente, partage le m\u00eame sol, la m\u00eame lumi\u00e8re et le m\u00eame ciel de Grenade. Ensemble, ils nous rappellent que la paix n\u2019est pas une utopie lointaine, mais une construction quotidienne fond\u00e9e sur le respect, le dialogue et la coexistence.[\/vc_column_text][vc_empty_space][\/vc_column][\/vc_row][vc_row css_animation=\u00a0\u00bb\u00a0\u00bb row_type=\u00a0\u00bbrow\u00a0\u00bb use_row_as_full_screen_section=\u00a0\u00bbno\u00a0\u00bb type=\u00a0\u00bbfull_width\u00a0\u00bb angled_section=\u00a0\u00bbno\u00a0\u00bb text_align=\u00a0\u00bbleft\u00a0\u00bb background_image_as_pattern=\u00a0\u00bbwithout_pattern\u00a0\u00bb][vc_column][vc_empty_space][vc_empty_space]<span class=\"separator_with_icon\" style='color:#606060;'><i class=\"fa fa-tree\"><\/i><\/span>[vc_empty_space height=\u00a0\u00bb15px\u00a0\u00bb][vc_empty_space height=\u00a0\u00bb15px\u00a0\u00bb][\/vc_column][\/vc_row][vc_row css_animation=\u00a0\u00bb\u00a0\u00bb row_type=\u00a0\u00bbrow\u00a0\u00bb use_row_as_full_screen_section=\u00a0\u00bbno\u00a0\u00bb type=\u00a0\u00bbfull_width\u00a0\u00bb angled_section=\u00a0\u00bbno\u00a0\u00bb text_align=\u00a0\u00bbleft\u00a0\u00bb background_image_as_pattern=\u00a0\u00bbwithout_pattern\u00a0\u00bb][vc_column][vc_empty_space height=\u00a0\u00bb15px\u00a0\u00bb][vc_column_text]<\/p>\n<h3 style=\"text-align: center;\">GALERIE PHOTOGRAPHIQUE<\/h3>\n<p>[\/vc_column_text][vc_empty_space height=\u00a0\u00bb15px\u00a0\u00bb][vc_column_text]Les repr\u00e9sentants des pays participants au Forum sur l\u2019Avenir de la M\u00e9diterran\u00e9e ont \u00e9t\u00e9 les protagonistes de l\u2019inauguration du Jardin de la Paix. Cette grande rencontre internationale a r\u00e9uni des d\u00e9l\u00e9gations de 43 nations afin d\u2019aborder des enjeux cruciaux tels que la migration, l\u2019emploi des jeunes, l\u2019\u00e9galit\u00e9 des genres et le changement climatique. La plantation symbolique, r\u00e9alis\u00e9e par diff\u00e9rents responsables institutionnels, a donn\u00e9 naissance \u00e0 un nouveau Jardin de la Paix, con\u00e7u comme un espace de dialogue, de coexistence et de coop\u00e9ration entre les cultures.[\/vc_column_text][vc_empty_space][vc_gallery type=\u00a0\u00bbimage_grid\u00a0\u00bb images=\u00a0\u00bb12418,12406,12442,12414,12434,12438,12410,12422,12430,12446,12426,12458,12454,12450&Prime; img_size=\u00a0\u00bbfull\u00a0\u00bb column_number=\u00a0\u00bb3&Prime; grayscale=\u00a0\u00bbno\u00a0\u00bb images_space=\u00a0\u00bbgallery_with_space\u00a0\u00bb]<span class=\"separator_with_icon\" style='color:#606060;'><i class=\"fa fa-tree\"><\/i><\/span>[\/vc_column][\/vc_row][vc_row css_animation=\u00a0\u00bb\u00a0\u00bb row_type=\u00a0\u00bbrow\u00a0\u00bb use_row_as_full_screen_section=\u00a0\u00bbno\u00a0\u00bb type=\u00a0\u00bbfull_width\u00a0\u00bb angled_section=\u00a0\u00bbno\u00a0\u00bb text_align=\u00a0\u00bbleft\u00a0\u00bb background_image_as_pattern=\u00a0\u00bbwithout_pattern\u00a0\u00bb][vc_column][vc_empty_space][vc_column_text]<\/p>\n<h3 style=\"text-align: center;\">LE JARDIN<\/h3>\n<p>[\/vc_column_text][vc_empty_space]<div class='projects_holder_outer v3 portfolio_with_space portfolio_standard'>\n        <div class='projects_holder portfolio_main_holder clearfix v3 standard portfolio_landscape_image '>\n        \n        <p>Sorry, no posts matched your criteria.<\/p>    <\/div>\n\n    \n    <\/div>[vc_empty_space]<span class=\"separator_with_icon\" style='color:#606060;'><i class=\"fa fa-tree\"><\/i><\/span>[vc_empty_space][\/vc_column][\/vc_row]<\/p>\n","protected":false},"excerpt":{"rendered":"<p>[vc_row css_animation=\u00a0\u00bb\u00a0\u00bb row_type=\u00a0\u00bbrow\u00a0\u00bb use_row_as_full_screen_section=\u00a0\u00bbno\u00a0\u00bb type=\u00a0\u00bbfull_width\u00a0\u00bb angled_section=\u00a0\u00bbno\u00a0\u00bb text_align=\u00a0\u00bbleft\u00a0\u00bb background_image_as_pattern=\u00a0\u00bbwithout_pattern\u00a0\u00bb][vc_column width=\u00a0\u00bb1\/3&Prime;][vc_single_image image=\u00a0\u00bb12472&Prime; img_size=\u00a0\u00bblarge\u00a0\u00bb alignment=\u00a0\u00bbcenter\u00a0\u00bb qode_css_animation=\u00a0\u00bb\u00a0\u00bb][vc_empty_space][vc_column_text][\/vc_column_text][\/vc_column][vc_column width=\u00a0\u00bb1\/3&Prime;][\/vc_column][vc_column width=\u00a0\u00bb1\/3&Prime;][vc_single_image image=\u00a0\u00bb11717&Prime; img_size=\u00a0\u00bb250&#215;250&Prime; alignment=\u00a0\u00bbcenter\u00a0\u00bb qode_css_animation=\u00a0\u00bb\u00a0\u00bb][vc_empty_space][\/vc_column][\/vc_row][vc_row css_animation=\u00a0\u00bb\u00a0\u00bb row_type=\u00a0\u00bbrow\u00a0\u00bb use_row_as_full_screen_section=\u00a0\u00bbno\u00a0\u00bb type=\u00a0\u00bbfull_width\u00a0\u00bb angled_section=\u00a0\u00bbno\u00a0\u00bb text_align=\u00a0\u00bbleft\u00a0\u00bb background_image_as_pattern=\u00a0\u00bbwithout_pattern\u00a0\u00bb][vc_column][vc_empty_space][vc_column_text] ALHAMBRA [\/vc_column_text][vc_empty_space][vc_single_image image=\u00a0\u00bb457&Prime; alignment=\u00a0\u00bbcenter\u00a0\u00bb qode_css_animation=\u00a0\u00bb\u00a0\u00bb][\/vc_column][\/vc_row][vc_row css_animation=\u00a0\u00bb\u00a0\u00bb row_type=\u00a0\u00bbrow\u00a0\u00bb use_row_as_full_screen_section=\u00a0\u00bbno\u00a0\u00bb type=\u00a0\u00bbfull_width\u00a0\u00bb angled_section=\u00a0\u00bbno\u00a0\u00bb text_align=\u00a0\u00bbleft\u00a0\u00bb background_image_as_pattern=\u00a0\u00bbwithout_pattern\u00a0\u00bb][vc_column][vc_empty_space][vc_empty_space][vc_empty_space][\/vc_column][\/vc_row][vc_row css_animation=\u00a0\u00bb\u00a0\u00bb row_type=\u00a0\u00bbrow\u00a0\u00bb use_row_as_full_screen_section=\u00a0\u00bbno\u00a0\u00bb type=\u00a0\u00bbfull_width\u00a0\u00bb angled_section=\u00a0\u00bbno\u00a0\u00bb text_align=\u00a0\u00bbleft\u00a0\u00bb background_image_as_pattern=\u00a0\u00bbwithout_pattern\u00a0\u00bb][vc_column][vc_column_text]&#8230;<\/p>\n","protected":false},"author":3,"featured_media":0,"parent":0,"menu_order":0,"comment_status":"closed","ping_status":"closed","template":"","meta":{"footnotes":""},"class_list":["post-12521","page","type-page","status-publish","hentry"],"yoast_head":"<!-- This site is optimized with the Yoast SEO plugin v27.1.1 - https:\/\/yoast.com\/product\/yoast-seo-wordpress\/ -->\n<title>Alhambra - The Garden of Peace<\/title>\n<meta name=\"robots\" content=\"index, follow, max-snippet:-1, max-image-preview:large, max-video-preview:-1\" \/>\n<link rel=\"canonical\" href=\"https:\/\/www.thegardenofpeace.org\/alhambra\/\" \/>\n<meta property=\"og:locale\" content=\"fr_FR\" \/>\n<meta property=\"og:type\" content=\"article\" \/>\n<meta property=\"og:title\" content=\"Alhambra - The Garden of Peace\" \/>\n<meta property=\"og:description\" content=\"[vc_row css_animation=\u00a0\u00bb\u00a0\u00bb row_type=\u00a0\u00bbrow\u00a0\u00bb use_row_as_full_screen_section=\u00a0\u00bbno\u00a0\u00bb type=\u00a0\u00bbfull_width\u00a0\u00bb angled_section=\u00a0\u00bbno\u00a0\u00bb text_align=\u00a0\u00bbleft\u00a0\u00bb background_image_as_pattern=\u00a0\u00bbwithout_pattern\u00a0\u00bb][vc_column width=\u00a0\u00bb1\/3&Prime;][vc_single_image image=\u00a0\u00bb12472&Prime; img_size=\u00a0\u00bblarge\u00a0\u00bb alignment=\u00a0\u00bbcenter\u00a0\u00bb qode_css_animation=\u00a0\u00bb\u00a0\u00bb][vc_empty_space][vc_column_text][\/vc_column_text][\/vc_column][vc_column width=\u00a0\u00bb1\/3&Prime;][\/vc_column][vc_column width=\u00a0\u00bb1\/3&Prime;][vc_single_image image=\u00a0\u00bb11717&Prime; img_size=\u00a0\u00bb250&#215;250&Prime; alignment=\u00a0\u00bbcenter\u00a0\u00bb qode_css_animation=\u00a0\u00bb\u00a0\u00bb][vc_empty_space][\/vc_column][\/vc_row][vc_row css_animation=\u00a0\u00bb\u00a0\u00bb row_type=\u00a0\u00bbrow\u00a0\u00bb use_row_as_full_screen_section=\u00a0\u00bbno\u00a0\u00bb type=\u00a0\u00bbfull_width\u00a0\u00bb angled_section=\u00a0\u00bbno\u00a0\u00bb text_align=\u00a0\u00bbleft\u00a0\u00bb background_image_as_pattern=\u00a0\u00bbwithout_pattern\u00a0\u00bb][vc_column][vc_empty_space][vc_column_text] ALHAMBRA [\/vc_column_text][vc_empty_space][vc_single_image image=\u00a0\u00bb457&Prime; alignment=\u00a0\u00bbcenter\u00a0\u00bb qode_css_animation=\u00a0\u00bb\u00a0\u00bb][\/vc_column][\/vc_row][vc_row css_animation=\u00a0\u00bb\u00a0\u00bb row_type=\u00a0\u00bbrow\u00a0\u00bb use_row_as_full_screen_section=\u00a0\u00bbno\u00a0\u00bb type=\u00a0\u00bbfull_width\u00a0\u00bb angled_section=\u00a0\u00bbno\u00a0\u00bb text_align=\u00a0\u00bbleft\u00a0\u00bb background_image_as_pattern=\u00a0\u00bbwithout_pattern\u00a0\u00bb][vc_column][vc_empty_space][vc_empty_space][vc_empty_space][\/vc_column][\/vc_row][vc_row css_animation=\u00a0\u00bb\u00a0\u00bb row_type=\u00a0\u00bbrow\u00a0\u00bb use_row_as_full_screen_section=\u00a0\u00bbno\u00a0\u00bb type=\u00a0\u00bbfull_width\u00a0\u00bb angled_section=\u00a0\u00bbno\u00a0\u00bb text_align=\u00a0\u00bbleft\u00a0\u00bb background_image_as_pattern=\u00a0\u00bbwithout_pattern\u00a0\u00bb][vc_column][vc_column_text]...\" \/>\n<meta property=\"og:url\" content=\"https:\/\/www.thegardenofpeace.org\/alhambra\/\" \/>\n<meta property=\"og:site_name\" content=\"The Garden of Peace\" \/>\n<meta property=\"article:modified_time\" content=\"2026-02-23T19:44:02+00:00\" \/>\n<meta property=\"og:image\" content=\"https:\/\/www.thegardenofpeace.org\/wp-content\/uploads\/2025\/12\/manos-olivos-con-mano-de-mujer-alta-definizione-scaled.jpg\" \/>\n\t<meta property=\"og:image:width\" content=\"2560\" \/>\n\t<meta property=\"og:image:height\" content=\"290\" \/>\n\t<meta property=\"og:image:type\" content=\"image\/jpeg\" \/>\n<meta name=\"twitter:card\" content=\"summary_large_image\" \/>\n<meta name=\"twitter:label1\" content=\"Dur\u00e9e de lecture estim\u00e9e\" \/>\n\t<meta name=\"twitter:data1\" content=\"4 minutes\" \/>\n<script type=\"application\/ld+json\" class=\"yoast-schema-graph\">{\"@context\":\"https:\/\/schema.org\",\"@graph\":[{\"@type\":\"WebPage\",\"@id\":\"https:\/\/www.thegardenofpeace.org\/alhambra\/\",\"url\":\"https:\/\/www.thegardenofpeace.org\/alhambra\/\",\"name\":\"Alhambra - The Garden of Peace\",\"isPartOf\":{\"@id\":\"https:\/\/www.thegardenofpeace.org\/fr\/#website\"},\"datePublished\":\"2025-08-29T10:08:15+00:00\",\"dateModified\":\"2026-02-23T19:44:02+00:00\",\"breadcrumb\":{\"@id\":\"https:\/\/www.thegardenofpeace.org\/alhambra\/#breadcrumb\"},\"inLanguage\":\"fr-FR\",\"potentialAction\":[{\"@type\":\"ReadAction\",\"target\":[\"https:\/\/www.thegardenofpeace.org\/alhambra\/\"]}]},{\"@type\":\"BreadcrumbList\",\"@id\":\"https:\/\/www.thegardenofpeace.org\/alhambra\/#breadcrumb\",\"itemListElement\":[{\"@type\":\"ListItem\",\"position\":1,\"name\":\"Home\",\"item\":\"https:\/\/www.thegardenofpeace.org\/fr\/\"},{\"@type\":\"ListItem\",\"position\":2,\"name\":\"Alhambra\"}]},{\"@type\":\"WebSite\",\"@id\":\"https:\/\/www.thegardenofpeace.org\/fr\/#website\",\"url\":\"https:\/\/www.thegardenofpeace.org\/fr\/\",\"name\":\"The Garden of Peace\",\"description\":\"The Garden of Peace\",\"alternateName\":\"TGoP\",\"potentialAction\":[{\"@type\":\"SearchAction\",\"target\":{\"@type\":\"EntryPoint\",\"urlTemplate\":\"https:\/\/www.thegardenofpeace.org\/fr\/?s={search_term_string}\"},\"query-input\":{\"@type\":\"PropertyValueSpecification\",\"valueRequired\":true,\"valueName\":\"search_term_string\"}}],\"inLanguage\":\"fr-FR\"}]}<\/script>\n<!-- \/ Yoast SEO plugin. -->","yoast_head_json":{"title":"Alhambra - The Garden of Peace","robots":{"index":"index","follow":"follow","max-snippet":"max-snippet:-1","max-image-preview":"max-image-preview:large","max-video-preview":"max-video-preview:-1"},"canonical":"https:\/\/www.thegardenofpeace.org\/alhambra\/","og_locale":"fr_FR","og_type":"article","og_title":"Alhambra - The Garden of Peace","og_description":"[vc_row css_animation=\u00a0\u00bb\u00a0\u00bb row_type=\u00a0\u00bbrow\u00a0\u00bb use_row_as_full_screen_section=\u00a0\u00bbno\u00a0\u00bb type=\u00a0\u00bbfull_width\u00a0\u00bb angled_section=\u00a0\u00bbno\u00a0\u00bb text_align=\u00a0\u00bbleft\u00a0\u00bb background_image_as_pattern=\u00a0\u00bbwithout_pattern\u00a0\u00bb][vc_column width=\u00a0\u00bb1\/3&Prime;][vc_single_image image=\u00a0\u00bb12472&Prime; img_size=\u00a0\u00bblarge\u00a0\u00bb alignment=\u00a0\u00bbcenter\u00a0\u00bb qode_css_animation=\u00a0\u00bb\u00a0\u00bb][vc_empty_space][vc_column_text][\/vc_column_text][\/vc_column][vc_column width=\u00a0\u00bb1\/3&Prime;][\/vc_column][vc_column width=\u00a0\u00bb1\/3&Prime;][vc_single_image image=\u00a0\u00bb11717&Prime; img_size=\u00a0\u00bb250&#215;250&Prime; alignment=\u00a0\u00bbcenter\u00a0\u00bb qode_css_animation=\u00a0\u00bb\u00a0\u00bb][vc_empty_space][\/vc_column][\/vc_row][vc_row css_animation=\u00a0\u00bb\u00a0\u00bb row_type=\u00a0\u00bbrow\u00a0\u00bb use_row_as_full_screen_section=\u00a0\u00bbno\u00a0\u00bb type=\u00a0\u00bbfull_width\u00a0\u00bb angled_section=\u00a0\u00bbno\u00a0\u00bb text_align=\u00a0\u00bbleft\u00a0\u00bb background_image_as_pattern=\u00a0\u00bbwithout_pattern\u00a0\u00bb][vc_column][vc_empty_space][vc_column_text] ALHAMBRA [\/vc_column_text][vc_empty_space][vc_single_image image=\u00a0\u00bb457&Prime; alignment=\u00a0\u00bbcenter\u00a0\u00bb qode_css_animation=\u00a0\u00bb\u00a0\u00bb][\/vc_column][\/vc_row][vc_row css_animation=\u00a0\u00bb\u00a0\u00bb row_type=\u00a0\u00bbrow\u00a0\u00bb use_row_as_full_screen_section=\u00a0\u00bbno\u00a0\u00bb type=\u00a0\u00bbfull_width\u00a0\u00bb angled_section=\u00a0\u00bbno\u00a0\u00bb text_align=\u00a0\u00bbleft\u00a0\u00bb background_image_as_pattern=\u00a0\u00bbwithout_pattern\u00a0\u00bb][vc_column][vc_empty_space][vc_empty_space][vc_empty_space][\/vc_column][\/vc_row][vc_row css_animation=\u00a0\u00bb\u00a0\u00bb row_type=\u00a0\u00bbrow\u00a0\u00bb use_row_as_full_screen_section=\u00a0\u00bbno\u00a0\u00bb type=\u00a0\u00bbfull_width\u00a0\u00bb angled_section=\u00a0\u00bbno\u00a0\u00bb text_align=\u00a0\u00bbleft\u00a0\u00bb background_image_as_pattern=\u00a0\u00bbwithout_pattern\u00a0\u00bb][vc_column][vc_column_text]...","og_url":"https:\/\/www.thegardenofpeace.org\/alhambra\/","og_site_name":"The Garden of Peace","article_modified_time":"2026-02-23T19:44:02+00:00","og_image":[{"width":2560,"height":290,"url":"https:\/\/www.thegardenofpeace.org\/wp-content\/uploads\/2025\/12\/manos-olivos-con-mano-de-mujer-alta-definizione-scaled.jpg","type":"image\/jpeg"}],"twitter_card":"summary_large_image","twitter_misc":{"Dur\u00e9e de lecture estim\u00e9e":"4 minutes"},"schema":{"@context":"https:\/\/schema.org","@graph":[{"@type":"WebPage","@id":"https:\/\/www.thegardenofpeace.org\/alhambra\/","url":"https:\/\/www.thegardenofpeace.org\/alhambra\/","name":"Alhambra - The Garden of Peace","isPartOf":{"@id":"https:\/\/www.thegardenofpeace.org\/fr\/#website"},"datePublished":"2025-08-29T10:08:15+00:00","dateModified":"2026-02-23T19:44:02+00:00","breadcrumb":{"@id":"https:\/\/www.thegardenofpeace.org\/alhambra\/#breadcrumb"},"inLanguage":"fr-FR","potentialAction":[{"@type":"ReadAction","target":["https:\/\/www.thegardenofpeace.org\/alhambra\/"]}]},{"@type":"BreadcrumbList","@id":"https:\/\/www.thegardenofpeace.org\/alhambra\/#breadcrumb","itemListElement":[{"@type":"ListItem","position":1,"name":"Home","item":"https:\/\/www.thegardenofpeace.org\/fr\/"},{"@type":"ListItem","position":2,"name":"Alhambra"}]},{"@type":"WebSite","@id":"https:\/\/www.thegardenofpeace.org\/fr\/#website","url":"https:\/\/www.thegardenofpeace.org\/fr\/","name":"The Garden of Peace","description":"The Garden of Peace","alternateName":"TGoP","potentialAction":[{"@type":"SearchAction","target":{"@type":"EntryPoint","urlTemplate":"https:\/\/www.thegardenofpeace.org\/fr\/?s={search_term_string}"},"query-input":{"@type":"PropertyValueSpecification","valueRequired":true,"valueName":"search_term_string"}}],"inLanguage":"fr-FR"}]}},"_links":{"self":[{"href":"https:\/\/www.thegardenofpeace.org\/fr\/wp-json\/wp\/v2\/pages\/12521","targetHints":{"allow":["GET"]}}],"collection":[{"href":"https:\/\/www.thegardenofpeace.org\/fr\/wp-json\/wp\/v2\/pages"}],"about":[{"href":"https:\/\/www.thegardenofpeace.org\/fr\/wp-json\/wp\/v2\/types\/page"}],"author":[{"embeddable":true,"href":"https:\/\/www.thegardenofpeace.org\/fr\/wp-json\/wp\/v2\/users\/3"}],"replies":[{"embeddable":true,"href":"https:\/\/www.thegardenofpeace.org\/fr\/wp-json\/wp\/v2\/comments?post=12521"}],"version-history":[{"count":8,"href":"https:\/\/www.thegardenofpeace.org\/fr\/wp-json\/wp\/v2\/pages\/12521\/revisions"}],"predecessor-version":[{"id":15663,"href":"https:\/\/www.thegardenofpeace.org\/fr\/wp-json\/wp\/v2\/pages\/12521\/revisions\/15663"}],"wp:attachment":[{"href":"https:\/\/www.thegardenofpeace.org\/fr\/wp-json\/wp\/v2\/media?parent=12521"}],"curies":[{"name":"wp","href":"https:\/\/api.w.org\/{rel}","templated":true}]}}