{"id":13233,"date":"2022-07-06T16:39:14","date_gmt":"2022-07-06T14:39:14","guid":{"rendered":"https:\/\/www.thegardenofpeace.org\/the-olive-tree-4\/"},"modified":"2025-11-07T16:32:39","modified_gmt":"2025-11-07T15:32:39","slug":"the-olive-tree-4","status":"publish","type":"page","link":"https:\/\/www.thegardenofpeace.org\/fr\/the-olive-tree-4\/","title":{"rendered":"L&rsquo;IMPORTANCE D&rsquo;AVOIR UN JARDIN DE PAIX"},"content":{"rendered":"<p>[vc_row css_animation=\u00a0\u00bb\u00a0\u00bb row_type=\u00a0\u00bbrow\u00a0\u00bb use_row_as_full_screen_section=\u00a0\u00bbno\u00a0\u00bb type=\u00a0\u00bbgrid\u00a0\u00bb angled_section=\u00a0\u00bbno\u00a0\u00bb text_align=\u00a0\u00bbcenter\u00a0\u00bb background_image_as_pattern=\u00a0\u00bbwithout_pattern\u00a0\u00bb z_index=\u00a0\u00bb\u00a0\u00bb background_color=\u00a0\u00bb#ffffff\u00a0\u00bb][vc_column][vc_empty_space height=\u00a0\u00bb60px\u00a0\u00bb][vc_column_text]<\/p>\n<div class=\"flex-1 overflow-hidden\">\n<div class=\"react-scroll-to-bottom--css-tminj-79elbk h-full dark:bg-gray-800\">\n<div class=\"react-scroll-to-bottom--css-tminj-1n7m0yu\">\n<div class=\"flex flex-col text-sm dark:bg-gray-800\">\n<div class=\"group w-full text-gray-800 dark:text-gray-100 border-b border-black\/10 dark:border-gray-900\/50 bg-gray-50 dark:bg-[#444654]\">\n<div class=\"flex p-4 gap-4 text-base md:gap-6 md:max-w-2xl lg:max-w-[38rem] xl:max-w-3xl md:py-6 lg:px-0 m-auto\">\n<div class=\"relative flex w-[calc(100%-50px)] flex-col gap-1 md:gap-3 lg:w-[calc(100%-115px)]\">\n<div class=\"flex flex-grow flex-col gap-3\">\n<div class=\"min-h-[20px] flex items-start overflow-x-auto whitespace-pre-wrap break-words flex-col gap-4\">\n<div class=\"markdown prose w-full break-words dark:prose-invert light\">\n<h1 style=\"text-align: center;\"><strong>L&rsquo;IMPORTANCE D&rsquo;AVOIR UN JARDIN DE PAIX <\/strong><\/h1>\n<\/div>\n<\/div>\n<\/div>\n<\/div>\n<\/div>\n<\/div>\n<\/div>\n<\/div>\n<\/div>\n<\/div>\n<p>[\/vc_column_text][vc_empty_space][vc_column_text]<\/p>\n<div class=\"flex-1 overflow-hidden\">\n<div class=\"react-scroll-to-bottom--css-tminj-79elbk h-full dark:bg-gray-800\">\n<div class=\"react-scroll-to-bottom--css-tminj-1n7m0yu\">\n<div class=\"flex flex-col text-sm dark:bg-gray-800\">\n<div class=\"group w-full text-gray-800 dark:text-gray-100 border-b border-black\/10 dark:border-gray-900\/50 bg-gray-50 dark:bg-[#444654]\">\n<div class=\"flex p-4 gap-4 text-base md:gap-6 md:max-w-2xl lg:max-w-[38rem] xl:max-w-3xl md:py-6 lg:px-0 m-auto\">\n<div class=\"relative flex w-[calc(100%-50px)] flex-col gap-1 md:gap-3 lg:w-[calc(100%-115px)]\">\n<div class=\"flex flex-grow flex-col gap-3\">\n<div class=\"min-h-[20px] flex items-start overflow-x-auto whitespace-pre-wrap break-words flex-col gap-4\">\n<div class=\"markdown prose w-full break-words dark:prose-invert light\">\n<h2 style=\"text-align: center;\"><strong>PROMOUVOIR LA PAIX ET L&rsquo;INCLUSION<\/strong><\/h2>\n<\/div>\n<\/div>\n<\/div>\n<\/div>\n<\/div>\n<\/div>\n<\/div>\n<\/div>\n<\/div>\n<\/div>\n<p>[\/vc_column_text][vc_empty_space]<span class=\"separator_with_icon\" style='color:#6d6d6d;'><i class=\"fa fa-tree\"><\/i><\/span>[vc_empty_space height=\u00a0\u00bb60px\u00a0\u00bb][\/vc_column][\/vc_row][vc_row css_animation=\u00a0\u00bb\u00a0\u00bb row_type=\u00a0\u00bbrow\u00a0\u00bb use_row_as_full_screen_section=\u00a0\u00bbno\u00a0\u00bb type=\u00a0\u00bbfull_width\u00a0\u00bb angled_section=\u00a0\u00bbno\u00a0\u00bb text_align=\u00a0\u00bbleft\u00a0\u00bb background_image_as_pattern=\u00a0\u00bbwithout_pattern\u00a0\u00bb z_index=\u00a0\u00bb\u00a0\u00bb background_color=\u00a0\u00bb#f0f2d5&Prime;][vc_column][qode_elements_holder background_color=\u00a0\u00bb#ffffff\u00a0\u00bb number_of_columns=\u00a0\u00bbtwo_columns\u00a0\u00bb][qode_elements_holder_item vertical_alignment=\u00a0\u00bbmiddle\u00a0\u00bb horizontal_alignment=\u00a0\u00bbcenter\u00a0\u00bb advanced_animations=\u00a0\u00bbno\u00a0\u00bb][vc_single_image image=\u00a0\u00bb4587&Prime; img_size=\u00a0\u00bbfull\u00a0\u00bb qode_css_animation=\u00a0\u00bb\u00a0\u00bb][\/qode_elements_holder_item][qode_elements_holder_item vertical_alignment=\u00a0\u00bbmiddle\u00a0\u00bb advanced_animations=\u00a0\u00bbno\u00a0\u00bb][vc_empty_space height=\u00a0\u00bb15px\u00a0\u00bb][vc_column_text el_class=\u00a0\u00bbmw600&Prime;]<\/p>\n<h3><em><strong>Le jardin de la paix &#8211; une oasis d\u2019harmonie et de partage<\/strong><\/em><\/h3>\n<p>Le jardin de la paix est un lieu sp\u00e9cial qui offre de multiples possibilit\u00e9s, tant au niveau local qu\u2019international. Ce chapitre explore les raisons pour lesquelles il est important d\u2019avoir un jardin de la paix, en examinant ses aspects locaux, internationaux et \u00e9ducatifs.<\/p>\n<p>&nbsp;<\/p>\n<h3><em><strong>Avantages locaux du jardin de la paix<\/strong><\/em><\/h3>\n<p>Les jardins de la paix sont des espaces qui favorisent la construction de communaut\u00e9s plus fortes et plus coh\u00e9sives au niveau local. Ces jardins peuvent servir de point de rencontre pour les habitants, cr\u00e9ant un sentiment d\u2019appartenance et favorisant l\u2019interaction sociale. Ils encouragent souvent la participation active des membres de la communaut\u00e9 \u00e0 l\u2019entretien des espaces verts, ce qui favorise une plus grande responsabilit\u00e9 environnementale et un sentiment de fiert\u00e9 \u00e0 l\u2019\u00e9gard de sa r\u00e9gion.[\/vc_column_text][vc_empty_space height=\u00a0\u00bb15px\u00a0\u00bb][\/qode_elements_holder_item][\/qode_elements_holder][\/vc_column][\/vc_row][vc_row css_animation=\u00a0\u00bb\u00a0\u00bb row_type=\u00a0\u00bbrow\u00a0\u00bb use_row_as_full_screen_section=\u00a0\u00bbno\u00a0\u00bb type=\u00a0\u00bbfull_width\u00a0\u00bb angled_section=\u00a0\u00bbno\u00a0\u00bb text_align=\u00a0\u00bbleft\u00a0\u00bb background_image_as_pattern=\u00a0\u00bbwithout_pattern\u00a0\u00bb z_index=\u00a0\u00bb\u00a0\u00bb background_color=\u00a0\u00bb#ffffff\u00a0\u00bb][vc_column offset=\u00a0\u00bbvc_hidden-xs\u00a0\u00bb][qode_elements_holder number_of_columns=\u00a0\u00bbtwo_columns\u00a0\u00bb][qode_elements_holder_item vertical_alignment=\u00a0\u00bbmiddle\u00a0\u00bb advanced_animations=\u00a0\u00bbno\u00a0\u00bb][vc_empty_space][vc_column_text el_class=\u00a0\u00bbmw600&Prime;]<\/p>\n<h3><em><strong>Contributions internationales du jardin de la paix<\/strong><\/em><\/h3>\n<p>Les jardins de la paix jouent \u00e9galement un r\u00f4le important au niveau international. Ils sont un symbole de coop\u00e9ration et de dialogue entre diff\u00e9rentes nations et cultures. Les initiatives telles que les jardins de la paix encouragent les \u00e9changes culturels et favorisent la compr\u00e9hension mutuelle, en aidant \u00e0 surmonter les barri\u00e8res linguistiques et sociales. Ils offrent un terrain neutre o\u00f9 des personnes de diff\u00e9rentes parties du monde peuvent se rencontrer, partager leurs exp\u00e9riences et travailler ensemble \u00e0 la cr\u00e9ation d\u2019un monde plus pacifique et plus inclusif.<\/p>\n<p>L\u2019importance de l\u2019olivier et de ce qu\u2019il repr\u00e9sente est telle que depuis 2019, l\u2019UNESCO c\u00e9l\u00e8bre la \u00ab\u00a0Journ\u00e9e mondiale de l\u2019olivier\u00a0\u00bb le 26 novembre. L\u2019UNESCO (Organisation des Nations unies pour l\u2019\u00e9ducation, la science et la culture), par une motion vot\u00e9e \u00e0 l\u2019unanimit\u00e9, a instaur\u00e9 cette journ\u00e9e dans le but de prot\u00e9ger la plante et de promouvoir les valeurs de paix, de sagesse et d\u2019harmonie qu\u2019elle symbolise.<\/p>\n<p>&nbsp;<\/p>\n<h3><em><strong>Le jardin de la paix comme outil p\u00e9dagogique<\/strong><\/em><\/h3>\n<p>Les jardins de la paix peuvent jouer un r\u00f4le pr\u00e9cieux dans l\u2019\u00e9ducation et la formation des jeunes g\u00e9n\u00e9rations. Ces espaces offrent un environnement d\u2019apprentissage stimulant o\u00f9 les \u00e9l\u00e8ves peuvent acqu\u00e9rir un large \u00e9ventail de connaissances, allant des sciences naturelles \u00e0 l\u2019art et \u00e0 la culture. Gr\u00e2ce \u00e0 une exp\u00e9rience pratique de l\u2019entretien et de la culture des plantes, les jeunes apprennent \u00e0 d\u00e9velopper une plus grande conscience environnementale.[\/vc_column_text][vc_empty_space height=\u00a0\u00bb15px\u00a0\u00bb][\/qode_elements_holder_item][qode_elements_holder_item vertical_alignment=\u00a0\u00bbmiddle\u00a0\u00bb horizontal_alignment=\u00a0\u00bbcenter\u00a0\u00bb advanced_animations=\u00a0\u00bbno\u00a0\u00bb][vc_single_image image=\u00a0\u00bb4338&Prime; img_size=\u00a0\u00bbfull\u00a0\u00bb qode_css_animation=\u00a0\u00bb\u00a0\u00bb][\/qode_elements_holder_item][\/qode_elements_holder][\/vc_column][\/vc_row][vc_row css_animation=\u00a0\u00bb\u00a0\u00bb row_type=\u00a0\u00bbrow\u00a0\u00bb use_row_as_full_screen_section=\u00a0\u00bbno\u00a0\u00bb type=\u00a0\u00bbfull_width\u00a0\u00bb angled_section=\u00a0\u00bbno\u00a0\u00bb text_align=\u00a0\u00bbleft\u00a0\u00bb background_image_as_pattern=\u00a0\u00bbwithout_pattern\u00a0\u00bb z_index=\u00a0\u00bb\u00a0\u00bb background_color=\u00a0\u00bb#ffffff\u00a0\u00bb][vc_column offset=\u00a0\u00bbvc_hidden-lg vc_hidden-md vc_hidden-sm\u00a0\u00bb][qode_elements_holder number_of_columns=\u00a0\u00bbtwo_columns\u00a0\u00bb][qode_elements_holder_item vertical_alignment=\u00a0\u00bbmiddle\u00a0\u00bb horizontal_alignment=\u00a0\u00bbcenter\u00a0\u00bb advanced_animations=\u00a0\u00bbno\u00a0\u00bb background_color=\u00a0\u00bb#ffffff\u00a0\u00bb][vc_single_image image=\u00a0\u00bb4338&Prime; img_size=\u00a0\u00bbfull\u00a0\u00bb qode_css_animation=\u00a0\u00bb\u00a0\u00bb][\/qode_elements_holder_item][qode_elements_holder_item vertical_alignment=\u00a0\u00bbmiddle\u00a0\u00bb advanced_animations=\u00a0\u00bbno\u00a0\u00bb][vc_empty_space height=\u00a0\u00bb15px\u00a0\u00bb][vc_column_text el_class=\u00a0\u00bbmw600&Prime;]<\/p>\n<h3><em><strong>Contributions internationales du jardin de la paix<\/strong><\/em><\/h3>\n<p>Les jardins de la paix jouent \u00e9galement un r\u00f4le important au niveau international. Ils sont un symbole de coop\u00e9ration et de dialogue entre diff\u00e9rentes nations et cultures. Les initiatives telles que les jardins de la paix encouragent les \u00e9changes culturels et favorisent la compr\u00e9hension mutuelle, en aidant \u00e0 surmonter les barri\u00e8res linguistiques et sociales. Ils offrent un terrain neutre o\u00f9 des personnes de diff\u00e9rentes parties du monde peuvent se rencontrer, partager leurs exp\u00e9riences et travailler ensemble \u00e0 la cr\u00e9ation d\u2019un monde plus pacifique et plus inclusif.<\/p>\n<p>L\u2019importance de l\u2019olivier et de ce qu\u2019il repr\u00e9sente est telle que depuis 2019, l\u2019UNESCO c\u00e9l\u00e8bre la \u00ab\u00a0Journ\u00e9e mondiale de l\u2019olivier\u00a0\u00bb le 26 novembre. L\u2019UNESCO (Organisation des Nations unies pour l\u2019\u00e9ducation, la science et la culture), par une motion vot\u00e9e \u00e0 l\u2019unanimit\u00e9, a instaur\u00e9 cette journ\u00e9e dans le but de prot\u00e9ger la plante et de promouvoir les valeurs de paix, de sagesse et d\u2019harmonie qu\u2019elle symbolise.<\/p>\n<p>&nbsp;<\/p>\n<h3><em><strong>Le jardin de la paix comme outil p\u00e9dagogique<\/strong><\/em><\/h3>\n<p>Les jardins de la paix peuvent jouer un r\u00f4le pr\u00e9cieux dans l\u2019\u00e9ducation et la formation des jeunes g\u00e9n\u00e9rations. Ces espaces offrent un environnement d\u2019apprentissage stimulant o\u00f9 les \u00e9l\u00e8ves peuvent acqu\u00e9rir un large \u00e9ventail de connaissances, allant des sciences naturelles \u00e0 l\u2019art et \u00e0 la culture. Gr\u00e2ce \u00e0 une exp\u00e9rience pratique de l\u2019entretien et de la culture des plantes, les jeunes apprennent \u00e0 d\u00e9velopper une plus grande conscience environnementale.[\/vc_column_text][vc_empty_space height=\u00a0\u00bb15px\u00a0\u00bb][\/qode_elements_holder_item][\/qode_elements_holder][\/vc_column][\/vc_row][vc_row css_animation=\u00a0\u00bb\u00a0\u00bb row_type=\u00a0\u00bbrow\u00a0\u00bb use_row_as_full_screen_section=\u00a0\u00bbno\u00a0\u00bb type=\u00a0\u00bbfull_width\u00a0\u00bb angled_section=\u00a0\u00bbno\u00a0\u00bb text_align=\u00a0\u00bbleft\u00a0\u00bb background_image_as_pattern=\u00a0\u00bbwithout_pattern\u00a0\u00bb z_index=\u00a0\u00bb\u00a0\u00bb background_color=\u00a0\u00bb#ececec\u00a0\u00bb][vc_column][qode_elements_holder number_of_columns=\u00a0\u00bbtwo_columns\u00a0\u00bb][qode_elements_holder_item vertical_alignment=\u00a0\u00bbmiddle\u00a0\u00bb advanced_animations=\u00a0\u00bbno\u00a0\u00bb background_image=\u00a0\u00bb1077&Prime; background_color=\u00a0\u00bb#ffffff\u00a0\u00bb][vc_single_image image=\u00a0\u00bb4500&Prime; img_size=\u00a0\u00bbfull\u00a0\u00bb qode_css_animation=\u00a0\u00bb\u00a0\u00bb][vc_empty_space height=\u00a0\u00bb15px\u00a0\u00bb][\/qode_elements_holder_item][qode_elements_holder_item vertical_alignment=\u00a0\u00bbmiddle\u00a0\u00bb advanced_animations=\u00a0\u00bbno\u00a0\u00bb background_color=\u00a0\u00bb#ffffff\u00a0\u00bb][vc_column_text el_class=\u00a0\u00bbmw600&Prime;]<\/p>\n<h3><em><strong>Sensibilisation \u00e0 l\u2019importance de la biodiversit\u00e9<\/strong><\/em><\/h3>\n<p><strong>\u00a0<\/strong>La biodiversit\u00e9 comprend toutes les vari\u00e9t\u00e9s d\u2019organismes vivants pr\u00e9sents sur Terre, tels que les animaux, les plantes, les champignons et les micro-organismes. Elle comprend \u00e9galement les diff\u00e9rents \u00e9cosyst\u00e8mes dans lesquels vivent ces organismes, tels que les for\u00eats, les prairies, les zones humides, les d\u00e9serts, les mers et bien d\u2019autres habitats. Le jardin de la paix repr\u00e9sente une partie de la diversit\u00e9 vari\u00e9tale de l\u2019olivier <em>(Olea europaea), qui <\/em>se manifeste dans les 21 vari\u00e9t\u00e9s provenant de 21 pays. L\u2019olivier, avec son histoire mill\u00e9naire, nous offre une incroyable vari\u00e9t\u00e9 de formes, de couleurs et d\u2019ar\u00f4mes. Chaque cultivar porte en lui une histoire li\u00e9e \u00e0 la terre. Explorer la biodiversit\u00e9 de l\u2019olivier, c\u2019est s\u2019immerger dans un monde merveilleux, o\u00f9 chaque arbre est un tr\u00e9sor \u00e0 pr\u00e9server. D\u00e9couvrir la beaut\u00e9 de l\u2019olivier, c\u2019est aussi appr\u00e9cier son importance \u00e9cologique et son r\u00f4le dans la promotion de la durabilit\u00e9 environnementale.[\/vc_column_text][vc_empty_space height=\u00a0\u00bb15px\u00a0\u00bb][\/qode_elements_holder_item][\/qode_elements_holder][\/vc_column][\/vc_row][vc_row css_animation=\u00a0\u00bb\u00a0\u00bb row_type=\u00a0\u00bbrow\u00a0\u00bb use_row_as_full_screen_section=\u00a0\u00bbno\u00a0\u00bb type=\u00a0\u00bbfull_width\u00a0\u00bb angled_section=\u00a0\u00bbno\u00a0\u00bb text_align=\u00a0\u00bbleft\u00a0\u00bb background_image_as_pattern=\u00a0\u00bbwithout_pattern\u00a0\u00bb z_index=\u00a0\u00bb\u00a0\u00bb background_color=\u00a0\u00bb#ffffff\u00a0\u00bb][vc_column][vc_empty_space]<span class=\"separator_with_icon\" style='color:#6d6d6d;'><i class=\"fa fa-tree\"><\/i><\/span>[\/vc_column][\/vc_row]<\/p>\n","protected":false},"excerpt":{"rendered":"<p>[vc_row css_animation=\u00a0\u00bb\u00a0\u00bb row_type=\u00a0\u00bbrow\u00a0\u00bb use_row_as_full_screen_section=\u00a0\u00bbno\u00a0\u00bb type=\u00a0\u00bbgrid\u00a0\u00bb angled_section=\u00a0\u00bbno\u00a0\u00bb text_align=\u00a0\u00bbcenter\u00a0\u00bb background_image_as_pattern=\u00a0\u00bbwithout_pattern\u00a0\u00bb z_index=\u00a0\u00bb\u00a0\u00bb background_color=\u00a0\u00bb#ffffff\u00a0\u00bb][vc_column][vc_empty_space height=\u00a0\u00bb60px\u00a0\u00bb][vc_column_text] L&rsquo;IMPORTANCE D&rsquo;AVOIR UN JARDIN DE PAIX [\/vc_column_text][vc_empty_space][vc_column_text] PROMOUVOIR LA PAIX ET L&rsquo;INCLUSION [\/vc_column_text][vc_empty_space][vc_empty_space height=\u00a0\u00bb60px\u00a0\u00bb][\/vc_column][\/vc_row][vc_row css_animation=\u00a0\u00bb\u00a0\u00bb row_type=\u00a0\u00bbrow\u00a0\u00bb use_row_as_full_screen_section=\u00a0\u00bbno\u00a0\u00bb type=\u00a0\u00bbfull_width\u00a0\u00bb angled_section=\u00a0\u00bbno\u00a0\u00bb text_align=\u00a0\u00bbleft\u00a0\u00bb background_image_as_pattern=\u00a0\u00bbwithout_pattern\u00a0\u00bb z_index=\u00a0\u00bb\u00a0\u00bb background_color=\u00a0\u00bb#f0f2d5&Prime;][vc_column][qode_elements_holder background_color=\u00a0\u00bb#ffffff\u00a0\u00bb number_of_columns=\u00a0\u00bbtwo_columns\u00a0\u00bb][qode_elements_holder_item vertical_alignment=\u00a0\u00bbmiddle\u00a0\u00bb horizontal_alignment=\u00a0\u00bbcenter\u00a0\u00bb advanced_animations=\u00a0\u00bbno\u00a0\u00bb][vc_single_image image=\u00a0\u00bb4587&Prime; img_size=\u00a0\u00bbfull\u00a0\u00bb qode_css_animation=\u00a0\u00bb\u00a0\u00bb][\/qode_elements_holder_item][qode_elements_holder_item vertical_alignment=\u00a0\u00bbmiddle\u00a0\u00bb advanced_animations=\u00a0\u00bbno\u00a0\u00bb][vc_empty_space height=\u00a0\u00bb15px\u00a0\u00bb][vc_column_text&#8230;<\/p>\n","protected":false},"author":3,"featured_media":0,"parent":0,"menu_order":0,"comment_status":"closed","ping_status":"closed","template":"full_width.php","meta":{"footnotes":""},"class_list":["post-13233","page","type-page","status-publish","hentry"],"yoast_head":"<!-- This site is optimized with the Yoast SEO plugin v27.1.1 - https:\/\/yoast.com\/product\/yoast-seo-wordpress\/ -->\n<title>L&#039;IMPORTANCE D&#039;AVOIR UN JARDIN DE PAIX - The Garden of Peace<\/title>\n<meta name=\"robots\" content=\"index, follow, max-snippet:-1, max-image-preview:large, max-video-preview:-1\" \/>\n<link rel=\"canonical\" href=\"https:\/\/www.thegardenofpeace.org\/fr\/the-olive-tree-4\/\" \/>\n<meta property=\"og:locale\" content=\"fr_FR\" \/>\n<meta property=\"og:type\" content=\"article\" \/>\n<meta property=\"og:title\" content=\"L&#039;IMPORTANCE D&#039;AVOIR UN JARDIN DE PAIX - The Garden of Peace\" \/>\n<meta property=\"og:description\" content=\"[vc_row css_animation=\u00a0\u00bb\u00a0\u00bb row_type=\u00a0\u00bbrow\u00a0\u00bb use_row_as_full_screen_section=\u00a0\u00bbno\u00a0\u00bb type=\u00a0\u00bbgrid\u00a0\u00bb angled_section=\u00a0\u00bbno\u00a0\u00bb text_align=\u00a0\u00bbcenter\u00a0\u00bb background_image_as_pattern=\u00a0\u00bbwithout_pattern\u00a0\u00bb z_index=\u00a0\u00bb\u00a0\u00bb background_color=\u00a0\u00bb#ffffff\u00a0\u00bb][vc_column][vc_empty_space height=\u00a0\u00bb60px\u00a0\u00bb][vc_column_text] L&rsquo;IMPORTANCE D&rsquo;AVOIR UN JARDIN DE PAIX [\/vc_column_text][vc_empty_space][vc_column_text] PROMOUVOIR LA PAIX ET L&rsquo;INCLUSION [\/vc_column_text][vc_empty_space][vc_empty_space height=\u00a0\u00bb60px\u00a0\u00bb][\/vc_column][\/vc_row][vc_row css_animation=\u00a0\u00bb\u00a0\u00bb row_type=\u00a0\u00bbrow\u00a0\u00bb use_row_as_full_screen_section=\u00a0\u00bbno\u00a0\u00bb type=\u00a0\u00bbfull_width\u00a0\u00bb angled_section=\u00a0\u00bbno\u00a0\u00bb text_align=\u00a0\u00bbleft\u00a0\u00bb background_image_as_pattern=\u00a0\u00bbwithout_pattern\u00a0\u00bb z_index=\u00a0\u00bb\u00a0\u00bb background_color=\u00a0\u00bb#f0f2d5&Prime;][vc_column][qode_elements_holder background_color=\u00a0\u00bb#ffffff\u00a0\u00bb number_of_columns=\u00a0\u00bbtwo_columns\u00a0\u00bb][qode_elements_holder_item vertical_alignment=\u00a0\u00bbmiddle\u00a0\u00bb horizontal_alignment=\u00a0\u00bbcenter\u00a0\u00bb advanced_animations=\u00a0\u00bbno\u00a0\u00bb][vc_single_image image=\u00a0\u00bb4587&Prime; img_size=\u00a0\u00bbfull\u00a0\u00bb qode_css_animation=\u00a0\u00bb\u00a0\u00bb][\/qode_elements_holder_item][qode_elements_holder_item vertical_alignment=\u00a0\u00bbmiddle\u00a0\u00bb advanced_animations=\u00a0\u00bbno\u00a0\u00bb][vc_empty_space height=\u00a0\u00bb15px\u00a0\u00bb][vc_column_text...\" \/>\n<meta property=\"og:url\" content=\"https:\/\/www.thegardenofpeace.org\/fr\/the-olive-tree-4\/\" \/>\n<meta property=\"og:site_name\" content=\"The Garden of Peace\" \/>\n<meta property=\"article:modified_time\" content=\"2025-11-07T15:32:39+00:00\" \/>\n<meta property=\"og:image\" content=\"https:\/\/www.thegardenofpeace.org\/wp-content\/uploads\/2025\/12\/manos-olivos-con-mano-de-mujer-alta-definizione-scaled.jpg\" \/>\n\t<meta property=\"og:image:width\" content=\"2560\" \/>\n\t<meta property=\"og:image:height\" content=\"290\" \/>\n\t<meta property=\"og:image:type\" content=\"image\/jpeg\" \/>\n<meta name=\"twitter:card\" content=\"summary_large_image\" \/>\n<meta name=\"twitter:label1\" content=\"Dur\u00e9e de lecture estim\u00e9e\" \/>\n\t<meta name=\"twitter:data1\" content=\"7 minutes\" \/>\n<script type=\"application\/ld+json\" class=\"yoast-schema-graph\">{\"@context\":\"https:\/\/schema.org\",\"@graph\":[{\"@type\":\"WebPage\",\"@id\":\"https:\/\/www.thegardenofpeace.org\/fr\/the-olive-tree-4\/\",\"url\":\"https:\/\/www.thegardenofpeace.org\/fr\/the-olive-tree-4\/\",\"name\":\"L'IMPORTANCE D'AVOIR UN JARDIN DE PAIX - The Garden of Peace\",\"isPartOf\":{\"@id\":\"https:\/\/www.thegardenofpeace.org\/fr\/#website\"},\"datePublished\":\"2022-07-06T14:39:14+00:00\",\"dateModified\":\"2025-11-07T15:32:39+00:00\",\"breadcrumb\":{\"@id\":\"https:\/\/www.thegardenofpeace.org\/fr\/the-olive-tree-4\/#breadcrumb\"},\"inLanguage\":\"fr-FR\",\"potentialAction\":[{\"@type\":\"ReadAction\",\"target\":[\"https:\/\/www.thegardenofpeace.org\/fr\/the-olive-tree-4\/\"]}]},{\"@type\":\"BreadcrumbList\",\"@id\":\"https:\/\/www.thegardenofpeace.org\/fr\/the-olive-tree-4\/#breadcrumb\",\"itemListElement\":[{\"@type\":\"ListItem\",\"position\":1,\"name\":\"Home\",\"item\":\"https:\/\/www.thegardenofpeace.org\/fr\/\"},{\"@type\":\"ListItem\",\"position\":2,\"name\":\"L&#8217;IMPORTANCE D&#8217;AVOIR UN JARDIN DE PAIX\"}]},{\"@type\":\"WebSite\",\"@id\":\"https:\/\/www.thegardenofpeace.org\/fr\/#website\",\"url\":\"https:\/\/www.thegardenofpeace.org\/fr\/\",\"name\":\"The Garden of Peace\",\"description\":\"The Garden of Peace\",\"alternateName\":\"TGoP\",\"potentialAction\":[{\"@type\":\"SearchAction\",\"target\":{\"@type\":\"EntryPoint\",\"urlTemplate\":\"https:\/\/www.thegardenofpeace.org\/fr\/?s={search_term_string}\"},\"query-input\":{\"@type\":\"PropertyValueSpecification\",\"valueRequired\":true,\"valueName\":\"search_term_string\"}}],\"inLanguage\":\"fr-FR\"}]}<\/script>\n<!-- \/ Yoast SEO plugin. -->","yoast_head_json":{"title":"L'IMPORTANCE D'AVOIR UN JARDIN DE PAIX - The Garden of Peace","robots":{"index":"index","follow":"follow","max-snippet":"max-snippet:-1","max-image-preview":"max-image-preview:large","max-video-preview":"max-video-preview:-1"},"canonical":"https:\/\/www.thegardenofpeace.org\/fr\/the-olive-tree-4\/","og_locale":"fr_FR","og_type":"article","og_title":"L'IMPORTANCE D'AVOIR UN JARDIN DE PAIX - The Garden of Peace","og_description":"[vc_row css_animation=\u00a0\u00bb\u00a0\u00bb row_type=\u00a0\u00bbrow\u00a0\u00bb use_row_as_full_screen_section=\u00a0\u00bbno\u00a0\u00bb type=\u00a0\u00bbgrid\u00a0\u00bb angled_section=\u00a0\u00bbno\u00a0\u00bb text_align=\u00a0\u00bbcenter\u00a0\u00bb background_image_as_pattern=\u00a0\u00bbwithout_pattern\u00a0\u00bb z_index=\u00a0\u00bb\u00a0\u00bb background_color=\u00a0\u00bb#ffffff\u00a0\u00bb][vc_column][vc_empty_space height=\u00a0\u00bb60px\u00a0\u00bb][vc_column_text] L&rsquo;IMPORTANCE D&rsquo;AVOIR UN JARDIN DE PAIX [\/vc_column_text][vc_empty_space][vc_column_text] PROMOUVOIR LA PAIX ET L&rsquo;INCLUSION [\/vc_column_text][vc_empty_space][vc_empty_space height=\u00a0\u00bb60px\u00a0\u00bb][\/vc_column][\/vc_row][vc_row css_animation=\u00a0\u00bb\u00a0\u00bb row_type=\u00a0\u00bbrow\u00a0\u00bb use_row_as_full_screen_section=\u00a0\u00bbno\u00a0\u00bb type=\u00a0\u00bbfull_width\u00a0\u00bb angled_section=\u00a0\u00bbno\u00a0\u00bb text_align=\u00a0\u00bbleft\u00a0\u00bb background_image_as_pattern=\u00a0\u00bbwithout_pattern\u00a0\u00bb z_index=\u00a0\u00bb\u00a0\u00bb background_color=\u00a0\u00bb#f0f2d5&Prime;][vc_column][qode_elements_holder background_color=\u00a0\u00bb#ffffff\u00a0\u00bb number_of_columns=\u00a0\u00bbtwo_columns\u00a0\u00bb][qode_elements_holder_item vertical_alignment=\u00a0\u00bbmiddle\u00a0\u00bb horizontal_alignment=\u00a0\u00bbcenter\u00a0\u00bb advanced_animations=\u00a0\u00bbno\u00a0\u00bb][vc_single_image image=\u00a0\u00bb4587&Prime; img_size=\u00a0\u00bbfull\u00a0\u00bb qode_css_animation=\u00a0\u00bb\u00a0\u00bb][\/qode_elements_holder_item][qode_elements_holder_item vertical_alignment=\u00a0\u00bbmiddle\u00a0\u00bb advanced_animations=\u00a0\u00bbno\u00a0\u00bb][vc_empty_space height=\u00a0\u00bb15px\u00a0\u00bb][vc_column_text...","og_url":"https:\/\/www.thegardenofpeace.org\/fr\/the-olive-tree-4\/","og_site_name":"The Garden of Peace","article_modified_time":"2025-11-07T15:32:39+00:00","og_image":[{"width":2560,"height":290,"url":"https:\/\/www.thegardenofpeace.org\/wp-content\/uploads\/2025\/12\/manos-olivos-con-mano-de-mujer-alta-definizione-scaled.jpg","type":"image\/jpeg"}],"twitter_card":"summary_large_image","twitter_misc":{"Dur\u00e9e de lecture estim\u00e9e":"7 minutes"},"schema":{"@context":"https:\/\/schema.org","@graph":[{"@type":"WebPage","@id":"https:\/\/www.thegardenofpeace.org\/fr\/the-olive-tree-4\/","url":"https:\/\/www.thegardenofpeace.org\/fr\/the-olive-tree-4\/","name":"L'IMPORTANCE D'AVOIR UN JARDIN DE PAIX - The Garden of Peace","isPartOf":{"@id":"https:\/\/www.thegardenofpeace.org\/fr\/#website"},"datePublished":"2022-07-06T14:39:14+00:00","dateModified":"2025-11-07T15:32:39+00:00","breadcrumb":{"@id":"https:\/\/www.thegardenofpeace.org\/fr\/the-olive-tree-4\/#breadcrumb"},"inLanguage":"fr-FR","potentialAction":[{"@type":"ReadAction","target":["https:\/\/www.thegardenofpeace.org\/fr\/the-olive-tree-4\/"]}]},{"@type":"BreadcrumbList","@id":"https:\/\/www.thegardenofpeace.org\/fr\/the-olive-tree-4\/#breadcrumb","itemListElement":[{"@type":"ListItem","position":1,"name":"Home","item":"https:\/\/www.thegardenofpeace.org\/fr\/"},{"@type":"ListItem","position":2,"name":"L&#8217;IMPORTANCE D&#8217;AVOIR UN JARDIN DE PAIX"}]},{"@type":"WebSite","@id":"https:\/\/www.thegardenofpeace.org\/fr\/#website","url":"https:\/\/www.thegardenofpeace.org\/fr\/","name":"The Garden of Peace","description":"The Garden of Peace","alternateName":"TGoP","potentialAction":[{"@type":"SearchAction","target":{"@type":"EntryPoint","urlTemplate":"https:\/\/www.thegardenofpeace.org\/fr\/?s={search_term_string}"},"query-input":{"@type":"PropertyValueSpecification","valueRequired":true,"valueName":"search_term_string"}}],"inLanguage":"fr-FR"}]}},"_links":{"self":[{"href":"https:\/\/www.thegardenofpeace.org\/fr\/wp-json\/wp\/v2\/pages\/13233","targetHints":{"allow":["GET"]}}],"collection":[{"href":"https:\/\/www.thegardenofpeace.org\/fr\/wp-json\/wp\/v2\/pages"}],"about":[{"href":"https:\/\/www.thegardenofpeace.org\/fr\/wp-json\/wp\/v2\/types\/page"}],"author":[{"embeddable":true,"href":"https:\/\/www.thegardenofpeace.org\/fr\/wp-json\/wp\/v2\/users\/3"}],"replies":[{"embeddable":true,"href":"https:\/\/www.thegardenofpeace.org\/fr\/wp-json\/wp\/v2\/comments?post=13233"}],"version-history":[{"count":1,"href":"https:\/\/www.thegardenofpeace.org\/fr\/wp-json\/wp\/v2\/pages\/13233\/revisions"}],"predecessor-version":[{"id":13305,"href":"https:\/\/www.thegardenofpeace.org\/fr\/wp-json\/wp\/v2\/pages\/13233\/revisions\/13305"}],"wp:attachment":[{"href":"https:\/\/www.thegardenofpeace.org\/fr\/wp-json\/wp\/v2\/media?parent=13233"}],"curies":[{"name":"wp","href":"https:\/\/api.w.org\/{rel}","templated":true}]}}