{"id":13381,"date":"2022-07-06T16:39:14","date_gmt":"2022-07-06T14:39:14","guid":{"rendered":"https:\/\/www.thegardenofpeace.org\/importanza\/"},"modified":"2025-11-10T17:28:38","modified_gmt":"2025-11-10T16:28:38","slug":"importanza","status":"publish","type":"page","link":"https:\/\/www.thegardenofpeace.org\/fr\/importanza\/","title":{"rendered":"L&rsquo;importanza di avere un Giardino della Pace"},"content":{"rendered":"<p>[vc_row css_animation=\u00a0\u00bb\u00a0\u00bb row_type=\u00a0\u00bbrow\u00a0\u00bb use_row_as_full_screen_section=\u00a0\u00bbno\u00a0\u00bb type=\u00a0\u00bbgrid\u00a0\u00bb angled_section=\u00a0\u00bbno\u00a0\u00bb text_align=\u00a0\u00bbcenter\u00a0\u00bb background_image_as_pattern=\u00a0\u00bbwithout_pattern\u00a0\u00bb z_index=\u00a0\u00bb\u00a0\u00bb background_color=\u00a0\u00bb#ffffff\u00a0\u00bb][vc_column][vc_empty_space height=\u00a0\u00bb60px\u00a0\u00bb][vc_column_text]<\/p>\n<h2 style=\"text-align: center;\"><strong data-start=\"68\" data-end=\"113\">L\u2019IMPORTANCE D\u2019AVOIR UN JARDIN DE LA PAIX<\/strong><\/h2>\n<p>&nbsp;<\/p>\n<h1 style=\"text-align: center;\"><\/h1>\n<p>[\/vc_column_text][vc_empty_space height=\u00a0\u00bb10px\u00a0\u00bb][vc_column_text]<\/p>\n<h3 style=\"text-align: center;\"><strong>PROMOUVOIR LA PAIX, L\u2019INCLUSION ET LA DURABILIT\u00c9<\/strong><\/h3>\n<p>[\/vc_column_text][vc_empty_space height=\u00a0\u00bb60px\u00a0\u00bb]<span class=\"separator_with_icon\" style='color:#7f7f7f;'><i class=\"fa fa-tree\"><\/i><\/span>[vc_empty_space height=\u00a0\u00bb60px\u00a0\u00bb][\/vc_column][\/vc_row][vc_row css_animation=\u00a0\u00bb\u00a0\u00bb row_type=\u00a0\u00bbrow\u00a0\u00bb use_row_as_full_screen_section=\u00a0\u00bbno\u00a0\u00bb type=\u00a0\u00bbfull_width\u00a0\u00bb angled_section=\u00a0\u00bbno\u00a0\u00bb text_align=\u00a0\u00bbleft\u00a0\u00bb background_image_as_pattern=\u00a0\u00bbwithout_pattern\u00a0\u00bb z_index=\u00a0\u00bb\u00a0\u00bb background_color=\u00a0\u00bb#f0f2d5&Prime;][vc_column][qode_elements_holder background_color=\u00a0\u00bb#ffffff\u00a0\u00bb number_of_columns=\u00a0\u00bbtwo_columns\u00a0\u00bb][qode_elements_holder_item vertical_alignment=\u00a0\u00bbmiddle\u00a0\u00bb horizontal_alignment=\u00a0\u00bbcenter\u00a0\u00bb advanced_animations=\u00a0\u00bbno\u00a0\u00bb background_color=\u00a0\u00bb#ffffff\u00a0\u00bb][vc_single_image image=\u00a0\u00bb4588&Prime; img_size=\u00a0\u00bbfull\u00a0\u00bb qode_css_animation=\u00a0\u00bb\u00a0\u00bb][\/qode_elements_holder_item][qode_elements_holder_item vertical_alignment=\u00a0\u00bbmiddle\u00a0\u00bb advanced_animations=\u00a0\u00bbno\u00a0\u00bb][vc_empty_space height=\u00a0\u00bb15px\u00a0\u00bb][vc_column_text el_class=\u00a0\u00bbmw600&Prime;]<\/p>\n<h3 data-start=\"99\" data-end=\"140\"><em><strong data-start=\"99\" data-end=\"140\">Un message qui d\u00e9passe les fronti\u00e8res<\/strong><\/em><\/h3>\n<p data-start=\"142\" data-end=\"397\">Dans le monde entier, les Jardins de la Paix sont des symboles de rencontre entre cultures et religions.<br data-start=\"246\" data-end=\"249\" \/>Ce sont des lieux o\u00f9 l\u2019on d\u00e9passe les diff\u00e9rences, o\u00f9 l\u2019on partage des exp\u00e9riences et o\u00f9 se tissent des relations fond\u00e9es sur la confiance mutuelle.<\/p>\n<p data-start=\"399\" data-end=\"563\">Depuis 2019, l\u2019UNESCO c\u00e9l\u00e8bre le 26 novembre comme <strong data-start=\"450\" data-end=\"483\">Journ\u00e9e Mondiale de l\u2019Olivier<\/strong>, reconnaissant dans cet arbre un embl\u00e8me de sagesse, d\u2019\u00e9quilibre et d\u2019harmonie.<\/p>\n<h3 data-start=\"565\" data-end=\"600\"><em><strong data-start=\"565\" data-end=\"600\">La vision de Francesco Serafini<\/strong><\/em><\/h3>\n<p data-start=\"602\" data-end=\"1040\">C\u2019est sur ce m\u00eame principe qu\u2019est n\u00e9e la vision de <strong data-start=\"653\" data-end=\"675\">Francesco Serafini<\/strong>, cr\u00e9ateur et promoteur du projet <em data-start=\"709\" data-end=\"730\">The Garden of Peace<\/em>.<br data-start=\"731\" data-end=\"734\" \/>Son engagement renouvelle et amplifie le message universel de l\u2019olivier : promouvoir un dialogue qui ne s\u2019arr\u00eate pas aux fronti\u00e8res des nations, mais qui embrasse la diversit\u00e9 des territoires et des continents.<br data-start=\"944\" data-end=\"947\" \/>Une invitation \u00e0 construire, \u00e0 travers la nature, une paix concr\u00e8te, partag\u00e9e et universelle.<\/p>\n<p>[\/vc_column_text][vc_empty_space height=\u00a0\u00bb15px\u00a0\u00bb][\/qode_elements_holder_item][\/qode_elements_holder][\/vc_column][\/vc_row][vc_row css_animation=\u00a0\u00bb\u00a0\u00bb row_type=\u00a0\u00bbrow\u00a0\u00bb use_row_as_full_screen_section=\u00a0\u00bbno\u00a0\u00bb type=\u00a0\u00bbfull_width\u00a0\u00bb angled_section=\u00a0\u00bbno\u00a0\u00bb text_align=\u00a0\u00bbleft\u00a0\u00bb background_image_as_pattern=\u00a0\u00bbwithout_pattern\u00a0\u00bb z_index=\u00a0\u00bb\u00a0\u00bb background_color=\u00a0\u00bb#efe8c6&Prime;][vc_column offset=\u00a0\u00bbvc_hidden-xs\u00a0\u00bb][qode_elements_holder background_color=\u00a0\u00bb#ffffff\u00a0\u00bb number_of_columns=\u00a0\u00bbtwo_columns\u00a0\u00bb][qode_elements_holder_item vertical_alignment=\u00a0\u00bbmiddle\u00a0\u00bb advanced_animations=\u00a0\u00bbno\u00a0\u00bb background_color=\u00a0\u00bb#ffffff\u00a0\u00bb][vc_empty_space height=\u00a0\u00bb50px\u00a0\u00bb][vc_column_text el_class=\u00a0\u00bbmw600&Prime;]<\/p>\n<h3 data-start=\"126\" data-end=\"149\"><em><strong data-start=\"126\" data-end=\"149\">\u00c9ducation \u00e0 la paix<\/strong><\/em><\/h3>\n<p data-start=\"151\" data-end=\"531\">Partout o\u00f9 il s\u2019enracine, le Jardin de la Paix devient un lieu de rencontre et d\u2019apprentissage.<br data-start=\"246\" data-end=\"249\" \/>\u00c0 travers le soin apport\u00e9 aux oliviers, les communaut\u00e9s d\u00e9couvrent la valeur de la coop\u00e9ration, du respect et du partage.<br data-start=\"370\" data-end=\"373\" \/>Ces espaces enseignent la paix, la responsabilit\u00e9 et la conscience environnementale, offrant un terrain commun o\u00f9 les diff\u00e9rences se transforment en dialogue.<\/p>\n<h3 data-start=\"533\" data-end=\"559\"><em><strong data-start=\"533\" data-end=\"559\">Biodiversit\u00e9 et avenir<\/strong><\/em><\/h3>\n<p data-start=\"561\" data-end=\"829\">Le Jardin de la Paix renouvelle le message de l\u2019UNESCO en promouvant un dialogue qui ne conna\u00eet pas de fronti\u00e8res, mais qui embrasse la diversit\u00e9 des territoires et des continents, dans un engagement partag\u00e9 pour la paix avec la Terre et pour la biodiversit\u00e9 du futur.<\/p>\n<p>[\/vc_column_text][vc_empty_space][\/qode_elements_holder_item][qode_elements_holder_item vertical_alignment=\u00a0\u00bbmiddle\u00a0\u00bb horizontal_alignment=\u00a0\u00bbcenter\u00a0\u00bb advanced_animations=\u00a0\u00bbno\u00a0\u00bb][vc_empty_space height=\u00a0\u00bb36px\u00a0\u00bb][vc_single_image image=\u00a0\u00bb4336&Prime; img_size=\u00a0\u00bbfull\u00a0\u00bb qode_css_animation=\u00a0\u00bb\u00a0\u00bb][\/qode_elements_holder_item][\/qode_elements_holder][\/vc_column][\/vc_row][vc_row css_animation=\u00a0\u00bb\u00a0\u00bb row_type=\u00a0\u00bbrow\u00a0\u00bb use_row_as_full_screen_section=\u00a0\u00bbno\u00a0\u00bb type=\u00a0\u00bbfull_width\u00a0\u00bb angled_section=\u00a0\u00bbno\u00a0\u00bb text_align=\u00a0\u00bbleft\u00a0\u00bb background_image_as_pattern=\u00a0\u00bbwithout_pattern\u00a0\u00bb z_index=\u00a0\u00bb\u00a0\u00bb background_color=\u00a0\u00bb#efe8c6&Prime;][vc_column offset=\u00a0\u00bbvc_hidden-lg vc_hidden-md vc_hidden-sm\u00a0\u00bb][qode_elements_holder background_color=\u00a0\u00bb#ffffff\u00a0\u00bb number_of_columns=\u00a0\u00bbtwo_columns\u00a0\u00bb][qode_elements_holder_item vertical_alignment=\u00a0\u00bbmiddle\u00a0\u00bb horizontal_alignment=\u00a0\u00bbcenter\u00a0\u00bb advanced_animations=\u00a0\u00bbno\u00a0\u00bb background_color=\u00a0\u00bb#ffffff\u00a0\u00bb][vc_single_image image=\u00a0\u00bb4336&Prime; img_size=\u00a0\u00bbfull\u00a0\u00bb qode_css_animation=\u00a0\u00bb\u00a0\u00bb][\/qode_elements_holder_item][qode_elements_holder_item vertical_alignment=\u00a0\u00bbmiddle\u00a0\u00bb advanced_animations=\u00a0\u00bbno\u00a0\u00bb][vc_empty_space height=\u00a0\u00bb15px\u00a0\u00bb][vc_column_text el_class=\u00a0\u00bbmw600&Prime;]<\/p>\n<h3 data-start=\"126\" data-end=\"149\"><em><strong data-start=\"126\" data-end=\"149\">\u00c9ducation \u00e0 la paix<\/strong><\/em><\/h3>\n<p data-start=\"151\" data-end=\"531\">Partout o\u00f9 il s\u2019enracine, le Jardin de la Paix devient un lieu de rencontre et d\u2019apprentissage.<br data-start=\"246\" data-end=\"249\" \/>\u00c0 travers le soin apport\u00e9 aux oliviers, les communaut\u00e9s d\u00e9couvrent la valeur de la coop\u00e9ration, du respect et du partage.<br data-start=\"370\" data-end=\"373\" \/>Ces espaces enseignent la paix, la responsabilit\u00e9 et la conscience environnementale, offrant un terrain commun o\u00f9 les diff\u00e9rences se transforment en dialogue.<\/p>\n<h3 data-start=\"533\" data-end=\"559\"><em><strong data-start=\"533\" data-end=\"559\">Biodiversit\u00e9 et avenir<\/strong><\/em><\/h3>\n<p data-start=\"561\" data-end=\"829\">Le Jardin de la Paix renouvelle le message de l\u2019UNESCO en promouvant un dialogue qui ne conna\u00eet pas de fronti\u00e8res, mais qui embrasse la diversit\u00e9 des territoires et des continents, dans un engagement partag\u00e9 pour la paix avec la Terre et pour la biodiversit\u00e9 du futur.<\/p>\n<p>[\/vc_column_text][vc_empty_space height=\u00a0\u00bb10px\u00a0\u00bb][\/qode_elements_holder_item][\/qode_elements_holder][\/vc_column][\/vc_row][vc_row css_animation=\u00a0\u00bb\u00a0\u00bb row_type=\u00a0\u00bbrow\u00a0\u00bb use_row_as_full_screen_section=\u00a0\u00bbno\u00a0\u00bb type=\u00a0\u00bbfull_width\u00a0\u00bb angled_section=\u00a0\u00bbno\u00a0\u00bb text_align=\u00a0\u00bbleft\u00a0\u00bb background_image_as_pattern=\u00a0\u00bbwithout_pattern\u00a0\u00bb z_index=\u00a0\u00bb\u00a0\u00bb background_color=\u00a0\u00bb#ececec\u00a0\u00bb][vc_column][qode_elements_holder background_color=\u00a0\u00bb#ffffff\u00a0\u00bb number_of_columns=\u00a0\u00bbtwo_columns\u00a0\u00bb][qode_elements_holder_item vertical_alignment=\u00a0\u00bbmiddle\u00a0\u00bb advanced_animations=\u00a0\u00bbno\u00a0\u00bb background_image=\u00a0\u00bb1077&Prime; background_color=\u00a0\u00bb#ffffff\u00a0\u00bb][vc_single_image image=\u00a0\u00bb4501&Prime; img_size=\u00a0\u00bbfull\u00a0\u00bb qode_css_animation=\u00a0\u00bb\u00a0\u00bb][\/qode_elements_holder_item][qode_elements_holder_item vertical_alignment=\u00a0\u00bbmiddle\u00a0\u00bb advanced_animations=\u00a0\u00bbno\u00a0\u00bb][vc_empty_space height=\u00a0\u00bb15px\u00a0\u00bb][vc_column_text el_class=\u00a0\u00bbmw600&Prime;]<\/p>\n<h3 data-start=\"121\" data-end=\"148\"><em><strong data-start=\"121\" data-end=\"148\">Un h\u00e9ritage qui grandit<\/strong><\/em><\/h3>\n<p data-start=\"150\" data-end=\"419\">Chaque Jardin de la Paix est une graine de continuit\u00e9, un h\u00e9ritage qui se renouvelle au fil du temps.<br data-start=\"251\" data-end=\"254\" \/>Gr\u00e2ce au soin, \u00e0 l\u2019\u00e9ducation et \u00e0 la participation collective, il devient un lieu o\u00f9 l\u2019on cultive non seulement la terre, mais aussi la conscience du vivre ensemble.<\/p>\n<h3 data-start=\"421\" data-end=\"452\"><em><strong data-start=\"421\" data-end=\"452\">Communaut\u00e9 et participation<\/strong><\/em><\/h3>\n<p data-start=\"454\" data-end=\"894\">Les Jardins de la Paix favorisent la naissance de communaut\u00e9s plus fortes et plus solidaires.<br data-start=\"547\" data-end=\"550\" \/>Ils deviennent des espaces de rencontre, de dialogue et de collaboration, o\u00f9 grandissent le sentiment d\u2019appartenance et la responsabilit\u00e9 envers l\u2019environnement.<br data-start=\"711\" data-end=\"714\" \/>Le soin partag\u00e9 des oliviers transforme chaque jardin en un v\u00e9ritable \u00ab laboratoire social \u00bb, capable de g\u00e9n\u00e9rer fiert\u00e9, identit\u00e9 et harmonie entre les personnes et avec la nature.<\/p>\n<p>[\/vc_column_text][vc_empty_space height=\u00a0\u00bb15px\u00a0\u00bb][\/qode_elements_holder_item][\/qode_elements_holder][\/vc_column][\/vc_row][vc_row css_animation=\u00a0\u00bb\u00a0\u00bb row_type=\u00a0\u00bbrow\u00a0\u00bb use_row_as_full_screen_section=\u00a0\u00bbno\u00a0\u00bb type=\u00a0\u00bbfull_width\u00a0\u00bb angled_section=\u00a0\u00bbno\u00a0\u00bb text_align=\u00a0\u00bbleft\u00a0\u00bb background_image_as_pattern=\u00a0\u00bbwithout_pattern\u00a0\u00bb z_index=\u00a0\u00bb\u00a0\u00bb background_color=\u00a0\u00bb#ffffff\u00a0\u00bb][vc_column][vc_empty_space height=\u00a0\u00bb36px\u00a0\u00bb]<span class=\"separator_with_icon\" style='color:#5b5b5b;'><i class=\"fa fa-tree\"><\/i><\/span>[\/vc_column][\/vc_row]<\/p>\n","protected":false},"excerpt":{"rendered":"<p>[vc_row css_animation=\u00a0\u00bb\u00a0\u00bb row_type=\u00a0\u00bbrow\u00a0\u00bb use_row_as_full_screen_section=\u00a0\u00bbno\u00a0\u00bb type=\u00a0\u00bbgrid\u00a0\u00bb angled_section=\u00a0\u00bbno\u00a0\u00bb text_align=\u00a0\u00bbcenter\u00a0\u00bb background_image_as_pattern=\u00a0\u00bbwithout_pattern\u00a0\u00bb z_index=\u00a0\u00bb\u00a0\u00bb background_color=\u00a0\u00bb#ffffff\u00a0\u00bb][vc_column][vc_empty_space height=\u00a0\u00bb60px\u00a0\u00bb][vc_column_text] L\u2019IMPORTANCE D\u2019AVOIR UN JARDIN DE LA PAIX &nbsp; [\/vc_column_text][vc_empty_space height=\u00a0\u00bb10px\u00a0\u00bb][vc_column_text] PROMOUVOIR LA PAIX, L\u2019INCLUSION ET LA DURABILIT\u00c9 [\/vc_column_text][vc_empty_space height=\u00a0\u00bb60px\u00a0\u00bb][vc_empty_space height=\u00a0\u00bb60px\u00a0\u00bb][\/vc_column][\/vc_row][vc_row css_animation=\u00a0\u00bb\u00a0\u00bb row_type=\u00a0\u00bbrow\u00a0\u00bb use_row_as_full_screen_section=\u00a0\u00bbno\u00a0\u00bb type=\u00a0\u00bbfull_width\u00a0\u00bb angled_section=\u00a0\u00bbno\u00a0\u00bb text_align=\u00a0\u00bbleft\u00a0\u00bb background_image_as_pattern=\u00a0\u00bbwithout_pattern\u00a0\u00bb z_index=\u00a0\u00bb\u00a0\u00bb background_color=\u00a0\u00bb#f0f2d5&Prime;][vc_column][qode_elements_holder background_color=\u00a0\u00bb#ffffff\u00a0\u00bb number_of_columns=\u00a0\u00bbtwo_columns\u00a0\u00bb][qode_elements_holder_item vertical_alignment=\u00a0\u00bbmiddle\u00a0\u00bb horizontal_alignment=\u00a0\u00bbcenter\u00a0\u00bb advanced_animations=\u00a0\u00bbno\u00a0\u00bb&#8230;<\/p>\n","protected":false},"author":3,"featured_media":0,"parent":0,"menu_order":0,"comment_status":"closed","ping_status":"closed","template":"full_width.php","meta":{"footnotes":""},"class_list":["post-13381","page","type-page","status-publish","hentry"],"yoast_head":"<!-- This site is optimized with the Yoast SEO plugin v27.1.1 - https:\/\/yoast.com\/product\/yoast-seo-wordpress\/ -->\n<title>L&#039;importanza di avere un Giardino della Pace - The Garden of Peace<\/title>\n<meta name=\"robots\" content=\"index, follow, max-snippet:-1, max-image-preview:large, max-video-preview:-1\" \/>\n<link rel=\"canonical\" href=\"https:\/\/www.thegardenofpeace.org\/fr\/importanza\/\" \/>\n<meta property=\"og:locale\" content=\"fr_FR\" \/>\n<meta property=\"og:type\" content=\"article\" \/>\n<meta property=\"og:title\" content=\"L&#039;importanza di avere un Giardino della Pace - The Garden of Peace\" \/>\n<meta property=\"og:description\" content=\"[vc_row css_animation=\u00a0\u00bb\u00a0\u00bb row_type=\u00a0\u00bbrow\u00a0\u00bb use_row_as_full_screen_section=\u00a0\u00bbno\u00a0\u00bb type=\u00a0\u00bbgrid\u00a0\u00bb angled_section=\u00a0\u00bbno\u00a0\u00bb text_align=\u00a0\u00bbcenter\u00a0\u00bb background_image_as_pattern=\u00a0\u00bbwithout_pattern\u00a0\u00bb z_index=\u00a0\u00bb\u00a0\u00bb background_color=\u00a0\u00bb#ffffff\u00a0\u00bb][vc_column][vc_empty_space height=\u00a0\u00bb60px\u00a0\u00bb][vc_column_text] L\u2019IMPORTANCE D\u2019AVOIR UN JARDIN DE LA PAIX &nbsp; [\/vc_column_text][vc_empty_space height=\u00a0\u00bb10px\u00a0\u00bb][vc_column_text] PROMOUVOIR LA PAIX, L\u2019INCLUSION ET LA DURABILIT\u00c9 [\/vc_column_text][vc_empty_space height=\u00a0\u00bb60px\u00a0\u00bb][vc_empty_space height=\u00a0\u00bb60px\u00a0\u00bb][\/vc_column][\/vc_row][vc_row css_animation=\u00a0\u00bb\u00a0\u00bb row_type=\u00a0\u00bbrow\u00a0\u00bb use_row_as_full_screen_section=\u00a0\u00bbno\u00a0\u00bb type=\u00a0\u00bbfull_width\u00a0\u00bb angled_section=\u00a0\u00bbno\u00a0\u00bb text_align=\u00a0\u00bbleft\u00a0\u00bb background_image_as_pattern=\u00a0\u00bbwithout_pattern\u00a0\u00bb z_index=\u00a0\u00bb\u00a0\u00bb background_color=\u00a0\u00bb#f0f2d5&Prime;][vc_column][qode_elements_holder background_color=\u00a0\u00bb#ffffff\u00a0\u00bb number_of_columns=\u00a0\u00bbtwo_columns\u00a0\u00bb][qode_elements_holder_item vertical_alignment=\u00a0\u00bbmiddle\u00a0\u00bb horizontal_alignment=\u00a0\u00bbcenter\u00a0\u00bb advanced_animations=\u00a0\u00bbno\u00a0\u00bb...\" \/>\n<meta property=\"og:url\" content=\"https:\/\/www.thegardenofpeace.org\/fr\/importanza\/\" \/>\n<meta property=\"og:site_name\" content=\"The Garden of Peace\" \/>\n<meta property=\"article:modified_time\" content=\"2025-11-10T16:28:38+00:00\" \/>\n<meta property=\"og:image\" content=\"https:\/\/www.thegardenofpeace.org\/wp-content\/uploads\/2025\/12\/manos-olivos-con-mano-de-mujer-alta-definizione-scaled.jpg\" \/>\n\t<meta property=\"og:image:width\" content=\"2560\" \/>\n\t<meta property=\"og:image:height\" content=\"290\" \/>\n\t<meta property=\"og:image:type\" content=\"image\/jpeg\" \/>\n<meta name=\"twitter:card\" content=\"summary_large_image\" \/>\n<meta name=\"twitter:label1\" content=\"Dur\u00e9e de lecture estim\u00e9e\" \/>\n\t<meta name=\"twitter:data1\" content=\"6 minutes\" \/>\n<script type=\"application\/ld+json\" class=\"yoast-schema-graph\">{\"@context\":\"https:\/\/schema.org\",\"@graph\":[{\"@type\":\"WebPage\",\"@id\":\"https:\/\/www.thegardenofpeace.org\/fr\/importanza\/\",\"url\":\"https:\/\/www.thegardenofpeace.org\/fr\/importanza\/\",\"name\":\"L'importanza di avere un Giardino della Pace - The Garden of Peace\",\"isPartOf\":{\"@id\":\"https:\/\/www.thegardenofpeace.org\/fr\/#website\"},\"datePublished\":\"2022-07-06T14:39:14+00:00\",\"dateModified\":\"2025-11-10T16:28:38+00:00\",\"breadcrumb\":{\"@id\":\"https:\/\/www.thegardenofpeace.org\/fr\/importanza\/#breadcrumb\"},\"inLanguage\":\"fr-FR\",\"potentialAction\":[{\"@type\":\"ReadAction\",\"target\":[\"https:\/\/www.thegardenofpeace.org\/fr\/importanza\/\"]}]},{\"@type\":\"BreadcrumbList\",\"@id\":\"https:\/\/www.thegardenofpeace.org\/fr\/importanza\/#breadcrumb\",\"itemListElement\":[{\"@type\":\"ListItem\",\"position\":1,\"name\":\"Home\",\"item\":\"https:\/\/www.thegardenofpeace.org\/fr\/\"},{\"@type\":\"ListItem\",\"position\":2,\"name\":\"L&#8217;importanza di avere un Giardino della Pace\"}]},{\"@type\":\"WebSite\",\"@id\":\"https:\/\/www.thegardenofpeace.org\/fr\/#website\",\"url\":\"https:\/\/www.thegardenofpeace.org\/fr\/\",\"name\":\"The Garden of Peace\",\"description\":\"The Garden of Peace\",\"alternateName\":\"TGoP\",\"potentialAction\":[{\"@type\":\"SearchAction\",\"target\":{\"@type\":\"EntryPoint\",\"urlTemplate\":\"https:\/\/www.thegardenofpeace.org\/fr\/?s={search_term_string}\"},\"query-input\":{\"@type\":\"PropertyValueSpecification\",\"valueRequired\":true,\"valueName\":\"search_term_string\"}}],\"inLanguage\":\"fr-FR\"}]}<\/script>\n<!-- \/ Yoast SEO plugin. -->","yoast_head_json":{"title":"L'importanza di avere un Giardino della Pace - The Garden of Peace","robots":{"index":"index","follow":"follow","max-snippet":"max-snippet:-1","max-image-preview":"max-image-preview:large","max-video-preview":"max-video-preview:-1"},"canonical":"https:\/\/www.thegardenofpeace.org\/fr\/importanza\/","og_locale":"fr_FR","og_type":"article","og_title":"L'importanza di avere un Giardino della Pace - The Garden of Peace","og_description":"[vc_row css_animation=\u00a0\u00bb\u00a0\u00bb row_type=\u00a0\u00bbrow\u00a0\u00bb use_row_as_full_screen_section=\u00a0\u00bbno\u00a0\u00bb type=\u00a0\u00bbgrid\u00a0\u00bb angled_section=\u00a0\u00bbno\u00a0\u00bb text_align=\u00a0\u00bbcenter\u00a0\u00bb background_image_as_pattern=\u00a0\u00bbwithout_pattern\u00a0\u00bb z_index=\u00a0\u00bb\u00a0\u00bb background_color=\u00a0\u00bb#ffffff\u00a0\u00bb][vc_column][vc_empty_space height=\u00a0\u00bb60px\u00a0\u00bb][vc_column_text] L\u2019IMPORTANCE D\u2019AVOIR UN JARDIN DE LA PAIX &nbsp; [\/vc_column_text][vc_empty_space height=\u00a0\u00bb10px\u00a0\u00bb][vc_column_text] PROMOUVOIR LA PAIX, L\u2019INCLUSION ET LA DURABILIT\u00c9 [\/vc_column_text][vc_empty_space height=\u00a0\u00bb60px\u00a0\u00bb][vc_empty_space height=\u00a0\u00bb60px\u00a0\u00bb][\/vc_column][\/vc_row][vc_row css_animation=\u00a0\u00bb\u00a0\u00bb row_type=\u00a0\u00bbrow\u00a0\u00bb use_row_as_full_screen_section=\u00a0\u00bbno\u00a0\u00bb type=\u00a0\u00bbfull_width\u00a0\u00bb angled_section=\u00a0\u00bbno\u00a0\u00bb text_align=\u00a0\u00bbleft\u00a0\u00bb background_image_as_pattern=\u00a0\u00bbwithout_pattern\u00a0\u00bb z_index=\u00a0\u00bb\u00a0\u00bb background_color=\u00a0\u00bb#f0f2d5&Prime;][vc_column][qode_elements_holder background_color=\u00a0\u00bb#ffffff\u00a0\u00bb number_of_columns=\u00a0\u00bbtwo_columns\u00a0\u00bb][qode_elements_holder_item vertical_alignment=\u00a0\u00bbmiddle\u00a0\u00bb horizontal_alignment=\u00a0\u00bbcenter\u00a0\u00bb advanced_animations=\u00a0\u00bbno\u00a0\u00bb...","og_url":"https:\/\/www.thegardenofpeace.org\/fr\/importanza\/","og_site_name":"The Garden of Peace","article_modified_time":"2025-11-10T16:28:38+00:00","og_image":[{"width":2560,"height":290,"url":"https:\/\/www.thegardenofpeace.org\/wp-content\/uploads\/2025\/12\/manos-olivos-con-mano-de-mujer-alta-definizione-scaled.jpg","type":"image\/jpeg"}],"twitter_card":"summary_large_image","twitter_misc":{"Dur\u00e9e de lecture estim\u00e9e":"6 minutes"},"schema":{"@context":"https:\/\/schema.org","@graph":[{"@type":"WebPage","@id":"https:\/\/www.thegardenofpeace.org\/fr\/importanza\/","url":"https:\/\/www.thegardenofpeace.org\/fr\/importanza\/","name":"L'importanza di avere un Giardino della Pace - The Garden of Peace","isPartOf":{"@id":"https:\/\/www.thegardenofpeace.org\/fr\/#website"},"datePublished":"2022-07-06T14:39:14+00:00","dateModified":"2025-11-10T16:28:38+00:00","breadcrumb":{"@id":"https:\/\/www.thegardenofpeace.org\/fr\/importanza\/#breadcrumb"},"inLanguage":"fr-FR","potentialAction":[{"@type":"ReadAction","target":["https:\/\/www.thegardenofpeace.org\/fr\/importanza\/"]}]},{"@type":"BreadcrumbList","@id":"https:\/\/www.thegardenofpeace.org\/fr\/importanza\/#breadcrumb","itemListElement":[{"@type":"ListItem","position":1,"name":"Home","item":"https:\/\/www.thegardenofpeace.org\/fr\/"},{"@type":"ListItem","position":2,"name":"L&#8217;importanza di avere un Giardino della Pace"}]},{"@type":"WebSite","@id":"https:\/\/www.thegardenofpeace.org\/fr\/#website","url":"https:\/\/www.thegardenofpeace.org\/fr\/","name":"The Garden of Peace","description":"The Garden of Peace","alternateName":"TGoP","potentialAction":[{"@type":"SearchAction","target":{"@type":"EntryPoint","urlTemplate":"https:\/\/www.thegardenofpeace.org\/fr\/?s={search_term_string}"},"query-input":{"@type":"PropertyValueSpecification","valueRequired":true,"valueName":"search_term_string"}}],"inLanguage":"fr-FR"}]}},"_links":{"self":[{"href":"https:\/\/www.thegardenofpeace.org\/fr\/wp-json\/wp\/v2\/pages\/13381","targetHints":{"allow":["GET"]}}],"collection":[{"href":"https:\/\/www.thegardenofpeace.org\/fr\/wp-json\/wp\/v2\/pages"}],"about":[{"href":"https:\/\/www.thegardenofpeace.org\/fr\/wp-json\/wp\/v2\/types\/page"}],"author":[{"embeddable":true,"href":"https:\/\/www.thegardenofpeace.org\/fr\/wp-json\/wp\/v2\/users\/3"}],"replies":[{"embeddable":true,"href":"https:\/\/www.thegardenofpeace.org\/fr\/wp-json\/wp\/v2\/comments?post=13381"}],"version-history":[{"count":6,"href":"https:\/\/www.thegardenofpeace.org\/fr\/wp-json\/wp\/v2\/pages\/13381\/revisions"}],"predecessor-version":[{"id":13414,"href":"https:\/\/www.thegardenofpeace.org\/fr\/wp-json\/wp\/v2\/pages\/13381\/revisions\/13414"}],"wp:attachment":[{"href":"https:\/\/www.thegardenofpeace.org\/fr\/wp-json\/wp\/v2\/media?parent=13381"}],"curies":[{"name":"wp","href":"https:\/\/api.w.org\/{rel}","templated":true}]}}