{"id":13400,"date":"2022-07-06T16:37:42","date_gmt":"2022-07-06T14:37:42","guid":{"rendered":"https:\/\/www.thegardenofpeace.org\/progettare\/"},"modified":"2025-11-11T11:40:04","modified_gmt":"2025-11-11T10:40:04","slug":"progettare","status":"publish","type":"page","link":"https:\/\/www.thegardenofpeace.org\/fr\/progettare\/","title":{"rendered":"aaa Progettare un Giardino della Pace copia in lavorazione"},"content":{"rendered":"<p>[vc_row css_animation=\u00a0\u00bb\u00a0\u00bb row_type=\u00a0\u00bbrow\u00a0\u00bb use_row_as_full_screen_section=\u00a0\u00bbno\u00a0\u00bb type=\u00a0\u00bbgrid\u00a0\u00bb angled_section=\u00a0\u00bbno\u00a0\u00bb text_align=\u00a0\u00bbcenter\u00a0\u00bb background_image_as_pattern=\u00a0\u00bbwithout_pattern\u00a0\u00bb z_index=\u00a0\u00bb\u00a0\u00bb background_color=\u00a0\u00bb#ffffff\u00a0\u00bb][vc_column][vc_empty_space height=\u00a0\u00bb60px\u00a0\u00bb][vc_column_text]<\/p>\n<h1 style=\"text-align: center;\"><strong>CONCEVOIR UN JARDIN DE LA PAIX<\/strong><\/h1>\n<h4 style=\"text-align: center;\"><\/h4>\n<p>[\/vc_column_text][vc_empty_space height=\u00a0\u00bb36px\u00a0\u00bb][vc_column_text]<\/p>\n<h2 style=\"text-align: center;\"><strong>POSSIBILIT\u00c9S ET LIMITES POUR UN USAGE RESPONSABLE<\/strong><\/h2>\n<p>[\/vc_column_text][vc_empty_space height=\u00a0\u00bb36px\u00a0\u00bb]<span class=\"separator_with_icon\" style='color:#707070;'><i class=\"fa fa-tree\"><\/i><\/span>[vc_empty_space height=\u00a0\u00bb60px\u00a0\u00bb][\/vc_column][\/vc_row][vc_row css_animation=\u00a0\u00bb\u00a0\u00bb row_type=\u00a0\u00bbrow\u00a0\u00bb use_row_as_full_screen_section=\u00a0\u00bbno\u00a0\u00bb type=\u00a0\u00bbfull_width\u00a0\u00bb angled_section=\u00a0\u00bbno\u00a0\u00bb text_align=\u00a0\u00bbleft\u00a0\u00bb background_image_as_pattern=\u00a0\u00bbwithout_pattern\u00a0\u00bb z_index=\u00a0\u00bb\u00a0\u00bb background_color=\u00a0\u00bb#ffffff\u00a0\u00bb][vc_column][qode_elements_holder background_color=\u00a0\u00bb#ffffff\u00a0\u00bb number_of_columns=\u00a0\u00bbtwo_columns\u00a0\u00bb][qode_elements_holder_item vertical_alignment=\u00a0\u00bbmiddle\u00a0\u00bb horizontal_alignment=\u00a0\u00bbcenter\u00a0\u00bb advanced_animations=\u00a0\u00bbno\u00a0\u00bb background_color=\u00a0\u00bb#ffffff\u00a0\u00bb][vc_single_image image=\u00a0\u00bb4309&Prime; img_size=\u00a0\u00bbfull\u00a0\u00bb alignment=\u00a0\u00bbcenter\u00a0\u00bb qode_css_animation=\u00a0\u00bb\u00a0\u00bb][\/qode_elements_holder_item][qode_elements_holder_item vertical_alignment=\u00a0\u00bbmiddle\u00a0\u00bb advanced_animations=\u00a0\u00bbno\u00a0\u00bb background_color=\u00a0\u00bb#ffffff\u00a0\u00bb][vc_column_text el_class=\u00a0\u00bbmw600&Prime;]<\/p>\n<h3 data-start=\"106\" data-end=\"164\"><em><strong data-start=\"106\" data-end=\"164\">Le Jardin de la Paix \u2013 deux parcours, une seule racine<\/strong><\/em><\/h3>\n<p data-start=\"166\" data-end=\"282\">Le Jardin de la Paix est un projet ouvert et flexible qui offre aux communaut\u00e9s deux possibilit\u00e9s de participation :<\/p>\n<h3 data-start=\"284\" data-end=\"320\"><em><strong data-start=\"284\" data-end=\"320\">1\ufe0f\u20e3 Dialogue entre les Nations :<\/strong><\/em><\/h3>\n<p data-start=\"322\" data-end=\"690\">Ce parcours utilise 21 vari\u00e9t\u00e9s d\u2019olivier, chacune originaire d\u2019un pays diff\u00e9rent.<br data-start=\"404\" data-end=\"407\" \/>Elles symbolisent la rencontre entre les cultures et une diplomatie fond\u00e9e sur la paix.<br data-start=\"494\" data-end=\"497\" \/>Chaque arbre est accompagn\u00e9 d\u2019un panneau explicatif indiquant clairement son origine, t\u00e9moignage de l\u2019unit\u00e9 dans la diversit\u00e9 et du dialogue entre les peuples \u00e0 travers la culture de l\u2019olivier.<\/p>\n<h3 data-start=\"692\" data-end=\"730\"><em><strong data-start=\"692\" data-end=\"730\">2\ufe0f\u20e3 Territoires de la Durabilit\u00e9 :<\/strong><\/em><\/h3>\n<p data-start=\"732\" data-end=\"1099\">Ce parcours repr\u00e9sente la diffusion mondiale de l\u2019olivier \u00e0 travers 25 vari\u00e9t\u00e9s repr\u00e9sentatives, cinq pour chacun des cinq continents.<br data-start=\"866\" data-end=\"869\" \/>Dans ce cas, l\u2019origine nationale n\u2019est pas indiqu\u00e9e : ce sont les zones de d\u00e9veloppement et de diffusion de chaque vari\u00e9t\u00e9 qui sont mises en valeur, exprimant la paix avec la Terre et l\u2019engagement collectif pour un avenir durable.<\/p>\n<p data-start=\"1101\" data-end=\"1436\">\ud83d\udce9 Pour en savoir plus sur ces deux parcours ou pour cr\u00e9er votre propre Jardin de la Paix, vous pouvez \u00e9crire directement \u00e0 :<br data-start=\"1226\" data-end=\"1229\" \/><strong data-start=\"1229\" data-end=\"1268\">Francesco Serafini \u2013 Pr\u00e9sident TGoP<\/strong> \u2022 <strong data-start=\"1271\" data-end=\"1306\"><a class=\"decorated-link cursor-pointer\" href=\"mailto:f.serafini@thegardenofpeace.org\" target=\"_blank\" rel=\"noopener\" data-start=\"1273\" data-end=\"1304\">f.serafini@thegardenofpeace.org<\/a><\/strong><br data-start=\"1306\" data-end=\"1309\" \/>Il se fera un plaisir de vous fournir toutes les informations n\u00e9cessaires et de vous accompagner dans la r\u00e9alisation du projet.<\/p>\n<p>[\/vc_column_text][vc_empty_space height=\u00a0\u00bb15px\u00a0\u00bb][\/qode_elements_holder_item][\/qode_elements_holder][\/vc_column][\/vc_row][vc_row css_animation=\u00a0\u00bb\u00a0\u00bb row_type=\u00a0\u00bbrow\u00a0\u00bb use_row_as_full_screen_section=\u00a0\u00bbno\u00a0\u00bb type=\u00a0\u00bbfull_width\u00a0\u00bb angled_section=\u00a0\u00bbno\u00a0\u00bb text_align=\u00a0\u00bbleft\u00a0\u00bb background_image_as_pattern=\u00a0\u00bbwithout_pattern\u00a0\u00bb z_index=\u00a0\u00bb\u00a0\u00bb background_color=\u00a0\u00bb#ececec\u00a0\u00bb][vc_column offset=\u00a0\u00bbvc_hidden-xs\u00a0\u00bb][qode_elements_holder background_color=\u00a0\u00bb#ffffff\u00a0\u00bb number_of_columns=\u00a0\u00bbtwo_columns\u00a0\u00bb][qode_elements_holder_item vertical_alignment=\u00a0\u00bbmiddle\u00a0\u00bb advanced_animations=\u00a0\u00bbno\u00a0\u00bb][vc_empty_space height=\u00a0\u00bb15px\u00a0\u00bb][vc_column_text el_class=\u00a0\u00bbmw600&Prime;]<\/p>\n<h3 data-start=\"94\" data-end=\"135\"><em><strong data-start=\"94\" data-end=\"135\">Des espaces de rencontre et de beaut\u00e9<\/strong><\/em><\/h3>\n<p data-start=\"137\" data-end=\"347\">Chaque Jardin de la Paix est un lieu de partage o\u00f9 nature et culture se rencontrent.<br data-start=\"221\" data-end=\"224\" \/>Il accueille ateliers, \u00e9v\u00e9nements et c\u00e9r\u00e9monies, devenant un espace vivant, capable d\u2019unir \u00e9ducation, art et participation.<\/p>\n<h3 data-start=\"349\" data-end=\"387\"><em><strong data-start=\"349\" data-end=\"387\">\u00c9thique et responsabilit\u00e9 partag\u00e9e<\/strong><\/em><\/h3>\n<p data-start=\"389\" data-end=\"784\">Pour en pr\u00e9server l\u2019int\u00e9grit\u00e9, l\u2019usage du jardin est strictement r\u00e9serv\u00e9 \u00e0 des finalit\u00e9s \u00e9ducatives, scientifiques, environnementales et sociales.<br data-start=\"535\" data-end=\"538\" \/>Toute utilisation \u00e0 des fins politiques, commerciales ou de propagande est interdite.<br data-start=\"623\" data-end=\"626\" \/>Le non-respect de ces principes entra\u00eene le retrait de la reconnaissance officielle et la suppression du jardin du r\u00e9seau international <em data-start=\"762\" data-end=\"783\">The Garden of Peace<\/em>.<\/p>\n<p>[\/vc_column_text][vc_empty_space height=\u00a0\u00bb15px\u00a0\u00bb][\/qode_elements_holder_item][qode_elements_holder_item vertical_alignment=\u00a0\u00bbmiddle\u00a0\u00bb horizontal_alignment=\u00a0\u00bbcenter\u00a0\u00bb advanced_animations=\u00a0\u00bbno\u00a0\u00bb][vc_single_image image=\u00a0\u00bb4313&Prime; img_size=\u00a0\u00bbfull\u00a0\u00bb alignment=\u00a0\u00bbcenter\u00a0\u00bb qode_css_animation=\u00a0\u00bb\u00a0\u00bb][\/qode_elements_holder_item][\/qode_elements_holder][\/vc_column][\/vc_row][vc_row css_animation=\u00a0\u00bb\u00a0\u00bb row_type=\u00a0\u00bbrow\u00a0\u00bb use_row_as_full_screen_section=\u00a0\u00bbno\u00a0\u00bb type=\u00a0\u00bbfull_width\u00a0\u00bb angled_section=\u00a0\u00bbno\u00a0\u00bb text_align=\u00a0\u00bbleft\u00a0\u00bb background_image_as_pattern=\u00a0\u00bbwithout_pattern\u00a0\u00bb z_index=\u00a0\u00bb\u00a0\u00bb background_color=\u00a0\u00bb#ececec\u00a0\u00bb][vc_column offset=\u00a0\u00bbvc_hidden-lg vc_hidden-md vc_hidden-sm\u00a0\u00bb][qode_elements_holder number_of_columns=\u00a0\u00bbtwo_columns\u00a0\u00bb][qode_elements_holder_item vertical_alignment=\u00a0\u00bbmiddle\u00a0\u00bb horizontal_alignment=\u00a0\u00bbcenter\u00a0\u00bb advanced_animations=\u00a0\u00bbno\u00a0\u00bb background_color=\u00a0\u00bb#ffffff\u00a0\u00bb][vc_single_image image=\u00a0\u00bb4313&Prime; img_size=\u00a0\u00bbfull\u00a0\u00bb alignment=\u00a0\u00bbcenter\u00a0\u00bb qode_css_animation=\u00a0\u00bb\u00a0\u00bb][\/qode_elements_holder_item][qode_elements_holder_item vertical_alignment=\u00a0\u00bbmiddle\u00a0\u00bb advanced_animations=\u00a0\u00bbno\u00a0\u00bb][vc_empty_space height=\u00a0\u00bb15px\u00a0\u00bb][vc_column_text el_class=\u00a0\u00bbmw600&Prime;]<\/p>\n<h3 data-start=\"94\" data-end=\"135\"><em><strong data-start=\"94\" data-end=\"135\">Des espaces de rencontre et de beaut\u00e9<\/strong><\/em><\/h3>\n<p data-start=\"137\" data-end=\"347\">Chaque Jardin de la Paix est un lieu de partage o\u00f9 nature et culture se rencontrent.<br data-start=\"221\" data-end=\"224\" \/>Il accueille ateliers, \u00e9v\u00e9nements et c\u00e9r\u00e9monies, devenant un espace vivant, capable d\u2019unir \u00e9ducation, art et participation.<\/p>\n<h3 data-start=\"349\" data-end=\"387\"><em><strong data-start=\"349\" data-end=\"387\">\u00c9thique et responsabilit\u00e9 partag\u00e9e<\/strong><\/em><\/h3>\n<p data-start=\"389\" data-end=\"784\">Pour en pr\u00e9server l\u2019int\u00e9grit\u00e9, l\u2019usage du jardin est strictement r\u00e9serv\u00e9 \u00e0 des finalit\u00e9s \u00e9ducatives, scientifiques, environnementales et sociales.<br data-start=\"535\" data-end=\"538\" \/>Toute utilisation \u00e0 des fins politiques, commerciales ou de propagande est interdite.<br data-start=\"623\" data-end=\"626\" \/>Le non-respect de ces principes entra\u00eene le retrait de la reconnaissance officielle et la suppression du jardin du r\u00e9seau international <em data-start=\"762\" data-end=\"783\">The Garden of Peace<\/em>.<\/p>\n<p>[\/vc_column_text][vc_empty_space height=\u00a0\u00bb15px\u00a0\u00bb][\/qode_elements_holder_item][\/qode_elements_holder][\/vc_column][\/vc_row][vc_row css_animation=\u00a0\u00bb\u00a0\u00bb row_type=\u00a0\u00bbrow\u00a0\u00bb use_row_as_full_screen_section=\u00a0\u00bbno\u00a0\u00bb type=\u00a0\u00bbfull_width\u00a0\u00bb angled_section=\u00a0\u00bbno\u00a0\u00bb text_align=\u00a0\u00bbleft\u00a0\u00bb background_image_as_pattern=\u00a0\u00bbwithout_pattern\u00a0\u00bb z_index=\u00a0\u00bb\u00a0\u00bb background_color=\u00a0\u00bb#ffffff\u00a0\u00bb][vc_column][qode_elements_holder background_color=\u00a0\u00bb#ffffff\u00a0\u00bb number_of_columns=\u00a0\u00bbtwo_columns\u00a0\u00bb][qode_elements_holder_item vertical_alignment=\u00a0\u00bbmiddle\u00a0\u00bb advanced_animations=\u00a0\u00bbno\u00a0\u00bb background_image=\u00a0\u00bb1077&Prime; background_color=\u00a0\u00bb#ffffff\u00a0\u00bb][vc_single_image image=\u00a0\u00bb4318&Prime; img_size=\u00a0\u00bbfull\u00a0\u00bb alignment=\u00a0\u00bbcenter\u00a0\u00bb qode_css_animation=\u00a0\u00bb\u00a0\u00bb][\/qode_elements_holder_item][qode_elements_holder_item vertical_alignment=\u00a0\u00bbmiddle\u00a0\u00bb horizontal_alignment=\u00a0\u00bbleft\u00a0\u00bb advanced_animations=\u00a0\u00bbno\u00a0\u00bb background_color=\u00a0\u00bb#ffffff\u00a0\u00bb][vc_empty_space height=\u00a0\u00bb15px\u00a0\u00bb][vc_column_text el_class=\u00a0\u00bbmw600&Prime;]<\/p>\n<h3 data-start=\"129\" data-end=\"170\"><em><strong data-start=\"129\" data-end=\"170\">Les communaut\u00e9s gardiennes de la paix<\/strong><\/em><\/h3>\n<p data-start=\"172\" data-end=\"484\">L\u2019association accorde une attention particuli\u00e8re aux petites r\u00e9alit\u00e9s territoriales, souvent gardiennes de traditions et de paysages pr\u00e9cieux.<br data-start=\"314\" data-end=\"317\" \/>Elle encourage ainsi la cr\u00e9ation d\u2019espaces polyvalents o\u00f9 peuvent se tenir des activit\u00e9s culturelles, des concerts, des foires ou des ateliers ouverts \u00e0 la communaut\u00e9.<\/p>\n<h3 data-start=\"486\" data-end=\"520\"><em><strong data-start=\"486\" data-end=\"520\">M\u00e9moire, avenir et territoires<\/strong><\/em><\/h3>\n<p data-start=\"522\" data-end=\"1042\">Lors de la cr\u00e9ation d\u2019un Jardin de la Paix, la collaboration interg\u00e9n\u00e9rationnelle est essentielle : les jeunes plantent l\u2019avenir, tandis que les anciens pr\u00e9servent la m\u00e9moire de l\u2019olivier.<br data-start=\"710\" data-end=\"713\" \/>Dans les <em data-start=\"722\" data-end=\"752\">Territoires de la Durabilit\u00e9<\/em>, l\u2019attention se concentre sur la mise en valeur des paysages naturels et culturels \u2014 non des entit\u00e9s politiques : montagnes, d\u00e9serts, c\u00f4tes et plaines deviennent les \u00e9l\u00e9ments d\u2019un r\u00e9cit global d\u2019harmonie, o\u00f9 la paix s\u2019enracine dans la terre et grandit avec celles et ceux qui la cultivent.<\/p>\n<p>[\/vc_column_text][vc_empty_space height=\u00a0\u00bb15px\u00a0\u00bb][\/qode_elements_holder_item][\/qode_elements_holder][vc_empty_space height=\u00a0\u00bb36px\u00a0\u00bb]<span class=\"separator_with_icon\" style='color:#707070;'><i class=\"fa fa-tree\"><\/i><\/span>[\/vc_column][\/vc_row]<\/p>\n","protected":false},"excerpt":{"rendered":"<p>[vc_row css_animation=\u00a0\u00bb\u00a0\u00bb row_type=\u00a0\u00bbrow\u00a0\u00bb use_row_as_full_screen_section=\u00a0\u00bbno\u00a0\u00bb type=\u00a0\u00bbgrid\u00a0\u00bb angled_section=\u00a0\u00bbno\u00a0\u00bb text_align=\u00a0\u00bbcenter\u00a0\u00bb background_image_as_pattern=\u00a0\u00bbwithout_pattern\u00a0\u00bb z_index=\u00a0\u00bb\u00a0\u00bb background_color=\u00a0\u00bb#ffffff\u00a0\u00bb][vc_column][vc_empty_space height=\u00a0\u00bb60px\u00a0\u00bb][vc_column_text] CONCEVOIR UN JARDIN DE LA PAIX [\/vc_column_text][vc_empty_space height=\u00a0\u00bb36px\u00a0\u00bb][vc_column_text] POSSIBILIT\u00c9S ET LIMITES POUR UN USAGE RESPONSABLE [\/vc_column_text][vc_empty_space height=\u00a0\u00bb36px\u00a0\u00bb][vc_empty_space height=\u00a0\u00bb60px\u00a0\u00bb][\/vc_column][\/vc_row][vc_row css_animation=\u00a0\u00bb\u00a0\u00bb row_type=\u00a0\u00bbrow\u00a0\u00bb use_row_as_full_screen_section=\u00a0\u00bbno\u00a0\u00bb type=\u00a0\u00bbfull_width\u00a0\u00bb angled_section=\u00a0\u00bbno\u00a0\u00bb text_align=\u00a0\u00bbleft\u00a0\u00bb background_image_as_pattern=\u00a0\u00bbwithout_pattern\u00a0\u00bb z_index=\u00a0\u00bb\u00a0\u00bb background_color=\u00a0\u00bb#ffffff\u00a0\u00bb][vc_column][qode_elements_holder background_color=\u00a0\u00bb#ffffff\u00a0\u00bb number_of_columns=\u00a0\u00bbtwo_columns\u00a0\u00bb][qode_elements_holder_item vertical_alignment=\u00a0\u00bbmiddle\u00a0\u00bb horizontal_alignment=\u00a0\u00bbcenter\u00a0\u00bb advanced_animations=\u00a0\u00bbno\u00a0\u00bb background_color=\u00a0\u00bb#ffffff\u00a0\u00bb][vc_single_image image=\u00a0\u00bb4309&Prime;&#8230;<\/p>\n","protected":false},"author":3,"featured_media":0,"parent":0,"menu_order":0,"comment_status":"closed","ping_status":"closed","template":"full_width.php","meta":{"footnotes":""},"class_list":["post-13400","page","type-page","status-publish","hentry"],"yoast_head":"<!-- This site is optimized with the Yoast SEO plugin v27.1.1 - https:\/\/yoast.com\/product\/yoast-seo-wordpress\/ -->\n<title>aaa Progettare un Giardino della Pace copia in lavorazione - The Garden of Peace<\/title>\n<meta name=\"robots\" content=\"index, follow, max-snippet:-1, max-image-preview:large, max-video-preview:-1\" \/>\n<link rel=\"canonical\" href=\"https:\/\/www.thegardenofpeace.org\/fr\/progettare\/\" \/>\n<meta property=\"og:locale\" content=\"fr_FR\" \/>\n<meta property=\"og:type\" content=\"article\" \/>\n<meta property=\"og:title\" content=\"aaa Progettare un Giardino della Pace copia in lavorazione - The Garden of Peace\" \/>\n<meta property=\"og:description\" content=\"[vc_row css_animation=\u00a0\u00bb\u00a0\u00bb row_type=\u00a0\u00bbrow\u00a0\u00bb use_row_as_full_screen_section=\u00a0\u00bbno\u00a0\u00bb type=\u00a0\u00bbgrid\u00a0\u00bb angled_section=\u00a0\u00bbno\u00a0\u00bb text_align=\u00a0\u00bbcenter\u00a0\u00bb background_image_as_pattern=\u00a0\u00bbwithout_pattern\u00a0\u00bb z_index=\u00a0\u00bb\u00a0\u00bb background_color=\u00a0\u00bb#ffffff\u00a0\u00bb][vc_column][vc_empty_space height=\u00a0\u00bb60px\u00a0\u00bb][vc_column_text] CONCEVOIR UN JARDIN DE LA PAIX [\/vc_column_text][vc_empty_space height=\u00a0\u00bb36px\u00a0\u00bb][vc_column_text] POSSIBILIT\u00c9S ET LIMITES POUR UN USAGE RESPONSABLE [\/vc_column_text][vc_empty_space height=\u00a0\u00bb36px\u00a0\u00bb][vc_empty_space height=\u00a0\u00bb60px\u00a0\u00bb][\/vc_column][\/vc_row][vc_row css_animation=\u00a0\u00bb\u00a0\u00bb row_type=\u00a0\u00bbrow\u00a0\u00bb use_row_as_full_screen_section=\u00a0\u00bbno\u00a0\u00bb type=\u00a0\u00bbfull_width\u00a0\u00bb angled_section=\u00a0\u00bbno\u00a0\u00bb text_align=\u00a0\u00bbleft\u00a0\u00bb background_image_as_pattern=\u00a0\u00bbwithout_pattern\u00a0\u00bb z_index=\u00a0\u00bb\u00a0\u00bb background_color=\u00a0\u00bb#ffffff\u00a0\u00bb][vc_column][qode_elements_holder background_color=\u00a0\u00bb#ffffff\u00a0\u00bb number_of_columns=\u00a0\u00bbtwo_columns\u00a0\u00bb][qode_elements_holder_item vertical_alignment=\u00a0\u00bbmiddle\u00a0\u00bb horizontal_alignment=\u00a0\u00bbcenter\u00a0\u00bb advanced_animations=\u00a0\u00bbno\u00a0\u00bb background_color=\u00a0\u00bb#ffffff\u00a0\u00bb][vc_single_image image=\u00a0\u00bb4309&Prime;...\" \/>\n<meta property=\"og:url\" content=\"https:\/\/www.thegardenofpeace.org\/fr\/progettare\/\" \/>\n<meta property=\"og:site_name\" content=\"The Garden of Peace\" \/>\n<meta property=\"article:modified_time\" content=\"2025-11-11T10:40:04+00:00\" \/>\n<meta property=\"og:image\" content=\"https:\/\/www.thegardenofpeace.org\/wp-content\/uploads\/2025\/12\/manos-olivos-con-mano-de-mujer-alta-definizione-scaled.jpg\" \/>\n\t<meta property=\"og:image:width\" content=\"2560\" \/>\n\t<meta property=\"og:image:height\" content=\"290\" \/>\n\t<meta property=\"og:image:type\" content=\"image\/jpeg\" \/>\n<meta name=\"twitter:card\" content=\"summary_large_image\" \/>\n<meta name=\"twitter:label1\" content=\"Dur\u00e9e de lecture estim\u00e9e\" \/>\n\t<meta name=\"twitter:data1\" content=\"6 minutes\" \/>\n<script type=\"application\/ld+json\" class=\"yoast-schema-graph\">{\"@context\":\"https:\/\/schema.org\",\"@graph\":[{\"@type\":\"WebPage\",\"@id\":\"https:\/\/www.thegardenofpeace.org\/fr\/progettare\/\",\"url\":\"https:\/\/www.thegardenofpeace.org\/fr\/progettare\/\",\"name\":\"aaa Progettare un Giardino della Pace copia in lavorazione - The Garden of Peace\",\"isPartOf\":{\"@id\":\"https:\/\/www.thegardenofpeace.org\/fr\/#website\"},\"datePublished\":\"2022-07-06T14:37:42+00:00\",\"dateModified\":\"2025-11-11T10:40:04+00:00\",\"breadcrumb\":{\"@id\":\"https:\/\/www.thegardenofpeace.org\/fr\/progettare\/#breadcrumb\"},\"inLanguage\":\"fr-FR\",\"potentialAction\":[{\"@type\":\"ReadAction\",\"target\":[\"https:\/\/www.thegardenofpeace.org\/fr\/progettare\/\"]}]},{\"@type\":\"BreadcrumbList\",\"@id\":\"https:\/\/www.thegardenofpeace.org\/fr\/progettare\/#breadcrumb\",\"itemListElement\":[{\"@type\":\"ListItem\",\"position\":1,\"name\":\"Home\",\"item\":\"https:\/\/www.thegardenofpeace.org\/fr\/\"},{\"@type\":\"ListItem\",\"position\":2,\"name\":\"aaa Progettare un Giardino della Pace copia in lavorazione\"}]},{\"@type\":\"WebSite\",\"@id\":\"https:\/\/www.thegardenofpeace.org\/fr\/#website\",\"url\":\"https:\/\/www.thegardenofpeace.org\/fr\/\",\"name\":\"The Garden of Peace\",\"description\":\"The Garden of Peace\",\"alternateName\":\"TGoP\",\"potentialAction\":[{\"@type\":\"SearchAction\",\"target\":{\"@type\":\"EntryPoint\",\"urlTemplate\":\"https:\/\/www.thegardenofpeace.org\/fr\/?s={search_term_string}\"},\"query-input\":{\"@type\":\"PropertyValueSpecification\",\"valueRequired\":true,\"valueName\":\"search_term_string\"}}],\"inLanguage\":\"fr-FR\"}]}<\/script>\n<!-- \/ Yoast SEO plugin. -->","yoast_head_json":{"title":"aaa Progettare un Giardino della Pace copia in lavorazione - The Garden of Peace","robots":{"index":"index","follow":"follow","max-snippet":"max-snippet:-1","max-image-preview":"max-image-preview:large","max-video-preview":"max-video-preview:-1"},"canonical":"https:\/\/www.thegardenofpeace.org\/fr\/progettare\/","og_locale":"fr_FR","og_type":"article","og_title":"aaa Progettare un Giardino della Pace copia in lavorazione - The Garden of Peace","og_description":"[vc_row css_animation=\u00a0\u00bb\u00a0\u00bb row_type=\u00a0\u00bbrow\u00a0\u00bb use_row_as_full_screen_section=\u00a0\u00bbno\u00a0\u00bb type=\u00a0\u00bbgrid\u00a0\u00bb angled_section=\u00a0\u00bbno\u00a0\u00bb text_align=\u00a0\u00bbcenter\u00a0\u00bb background_image_as_pattern=\u00a0\u00bbwithout_pattern\u00a0\u00bb z_index=\u00a0\u00bb\u00a0\u00bb background_color=\u00a0\u00bb#ffffff\u00a0\u00bb][vc_column][vc_empty_space height=\u00a0\u00bb60px\u00a0\u00bb][vc_column_text] CONCEVOIR UN JARDIN DE LA PAIX [\/vc_column_text][vc_empty_space height=\u00a0\u00bb36px\u00a0\u00bb][vc_column_text] POSSIBILIT\u00c9S ET LIMITES POUR UN USAGE RESPONSABLE [\/vc_column_text][vc_empty_space height=\u00a0\u00bb36px\u00a0\u00bb][vc_empty_space height=\u00a0\u00bb60px\u00a0\u00bb][\/vc_column][\/vc_row][vc_row css_animation=\u00a0\u00bb\u00a0\u00bb row_type=\u00a0\u00bbrow\u00a0\u00bb use_row_as_full_screen_section=\u00a0\u00bbno\u00a0\u00bb type=\u00a0\u00bbfull_width\u00a0\u00bb angled_section=\u00a0\u00bbno\u00a0\u00bb text_align=\u00a0\u00bbleft\u00a0\u00bb background_image_as_pattern=\u00a0\u00bbwithout_pattern\u00a0\u00bb z_index=\u00a0\u00bb\u00a0\u00bb background_color=\u00a0\u00bb#ffffff\u00a0\u00bb][vc_column][qode_elements_holder background_color=\u00a0\u00bb#ffffff\u00a0\u00bb number_of_columns=\u00a0\u00bbtwo_columns\u00a0\u00bb][qode_elements_holder_item vertical_alignment=\u00a0\u00bbmiddle\u00a0\u00bb horizontal_alignment=\u00a0\u00bbcenter\u00a0\u00bb advanced_animations=\u00a0\u00bbno\u00a0\u00bb background_color=\u00a0\u00bb#ffffff\u00a0\u00bb][vc_single_image image=\u00a0\u00bb4309&Prime;...","og_url":"https:\/\/www.thegardenofpeace.org\/fr\/progettare\/","og_site_name":"The Garden of Peace","article_modified_time":"2025-11-11T10:40:04+00:00","og_image":[{"width":2560,"height":290,"url":"https:\/\/www.thegardenofpeace.org\/wp-content\/uploads\/2025\/12\/manos-olivos-con-mano-de-mujer-alta-definizione-scaled.jpg","type":"image\/jpeg"}],"twitter_card":"summary_large_image","twitter_misc":{"Dur\u00e9e de lecture estim\u00e9e":"6 minutes"},"schema":{"@context":"https:\/\/schema.org","@graph":[{"@type":"WebPage","@id":"https:\/\/www.thegardenofpeace.org\/fr\/progettare\/","url":"https:\/\/www.thegardenofpeace.org\/fr\/progettare\/","name":"aaa Progettare un Giardino della Pace copia in lavorazione - The Garden of Peace","isPartOf":{"@id":"https:\/\/www.thegardenofpeace.org\/fr\/#website"},"datePublished":"2022-07-06T14:37:42+00:00","dateModified":"2025-11-11T10:40:04+00:00","breadcrumb":{"@id":"https:\/\/www.thegardenofpeace.org\/fr\/progettare\/#breadcrumb"},"inLanguage":"fr-FR","potentialAction":[{"@type":"ReadAction","target":["https:\/\/www.thegardenofpeace.org\/fr\/progettare\/"]}]},{"@type":"BreadcrumbList","@id":"https:\/\/www.thegardenofpeace.org\/fr\/progettare\/#breadcrumb","itemListElement":[{"@type":"ListItem","position":1,"name":"Home","item":"https:\/\/www.thegardenofpeace.org\/fr\/"},{"@type":"ListItem","position":2,"name":"aaa Progettare un Giardino della Pace copia in lavorazione"}]},{"@type":"WebSite","@id":"https:\/\/www.thegardenofpeace.org\/fr\/#website","url":"https:\/\/www.thegardenofpeace.org\/fr\/","name":"The Garden of Peace","description":"The Garden of Peace","alternateName":"TGoP","potentialAction":[{"@type":"SearchAction","target":{"@type":"EntryPoint","urlTemplate":"https:\/\/www.thegardenofpeace.org\/fr\/?s={search_term_string}"},"query-input":{"@type":"PropertyValueSpecification","valueRequired":true,"valueName":"search_term_string"}}],"inLanguage":"fr-FR"}]}},"_links":{"self":[{"href":"https:\/\/www.thegardenofpeace.org\/fr\/wp-json\/wp\/v2\/pages\/13400","targetHints":{"allow":["GET"]}}],"collection":[{"href":"https:\/\/www.thegardenofpeace.org\/fr\/wp-json\/wp\/v2\/pages"}],"about":[{"href":"https:\/\/www.thegardenofpeace.org\/fr\/wp-json\/wp\/v2\/types\/page"}],"author":[{"embeddable":true,"href":"https:\/\/www.thegardenofpeace.org\/fr\/wp-json\/wp\/v2\/users\/3"}],"replies":[{"embeddable":true,"href":"https:\/\/www.thegardenofpeace.org\/fr\/wp-json\/wp\/v2\/comments?post=13400"}],"version-history":[{"count":3,"href":"https:\/\/www.thegardenofpeace.org\/fr\/wp-json\/wp\/v2\/pages\/13400\/revisions"}],"predecessor-version":[{"id":13454,"href":"https:\/\/www.thegardenofpeace.org\/fr\/wp-json\/wp\/v2\/pages\/13400\/revisions\/13454"}],"wp:attachment":[{"href":"https:\/\/www.thegardenofpeace.org\/fr\/wp-json\/wp\/v2\/media?parent=13400"}],"curies":[{"name":"wp","href":"https:\/\/api.w.org\/{rel}","templated":true}]}}