{"id":5228,"date":"2023-08-12T16:28:21","date_gmt":"2023-08-12T14:28:21","guid":{"rendered":"https:\/\/www.thegardenofpeace.org\/italy-link\/"},"modified":"2025-03-18T15:23:27","modified_gmt":"2025-03-18T14:23:27","slug":"italy-link","status":"publish","type":"page","link":"https:\/\/www.thegardenofpeace.org\/fr\/italy-link\/","title":{"rendered":"Italy Link"},"content":{"rendered":"<p>[vc_row css_animation=\u00a0\u00bb\u00a0\u00bb row_type=\u00a0\u00bbrow\u00a0\u00bb use_row_as_full_screen_section=\u00a0\u00bbno\u00a0\u00bb type=\u00a0\u00bbfull_width\u00a0\u00bb angled_section=\u00a0\u00bbno\u00a0\u00bb text_align=\u00a0\u00bbleft\u00a0\u00bb background_image_as_pattern=\u00a0\u00bbwithout_pattern\u00a0\u00bb][vc_column][vc_column_text]<\/p>\n<h1 style=\"text-align: center;\"><strong>ITALY<\/strong><\/h1>\n<p style=\"text-align: center;\"><img decoding=\"async\" src=\"https:\/\/www.thegardenofpeace.org\/wp-content\/uploads\/2022\/07\/italia.png\" \/><\/p>\n<p>[\/vc_column_text][vc_empty_space]<span class=\"separator_with_icon\" style='color:#757575;'><i class=\"fa fa-tree\"><\/i><\/span>[vc_empty_space][\/vc_column][\/vc_row][vc_row css_animation=\u00a0\u00bb\u00a0\u00bb row_type=\u00a0\u00bbrow\u00a0\u00bb use_row_as_full_screen_section=\u00a0\u00bbno\u00a0\u00bb type=\u00a0\u00bbfull_width\u00a0\u00bb angled_section=\u00a0\u00bbno\u00a0\u00bb text_align=\u00a0\u00bbleft\u00a0\u00bb background_image_as_pattern=\u00a0\u00bbwithout_pattern\u00a0\u00bb][vc_column][vc_column_text]<a href=\"https:\/\/www.thegardenofpeace.org\/fr\/the-garden-of-paciano\/\" target=\"_blank\" rel=\"noopener\"><em><strong>PACIANO &#8211; PERUGIA<\/strong><\/em><\/a><\/p>\n<ul>\n<li><a href=\"https:\/\/www.facebook.com\/treote.siperco\/videos\/1328328487966575?idorvanity=294994577372233\" target=\"_blank\" rel=\"noopener\">Presentazione dell&rsquo;Associazione<\/a><\/li>\n<li><a href=\"https:\/\/www.provincia.perugia.it\/news\/dal-banco-mondiale-del-germoplasma-paciano-il-primo-garden-of-peace\" target=\"_blank\" rel=\"noopener\">Provincia di Perugia news &#8211; dal banco mondiale del germoplasma di Cordova a Paciano &#8211; primo garden of peace<\/a><\/li>\n<li><a href=\"https:\/\/www.rainews.it\/tgr\/umbria\/video\/2022\/04\/dove-germoglia-la-pace-3a024bfe-8c72-43ee-9929-453fd60f7f38.html\" target=\"_blank\" rel=\"noopener\">VIDEO Rainews tgr Umbria video &#8211; dove germoglia la pace<\/a><\/li>\n<li><a href=\"https:\/\/www.teatronaturale.it\/tracce\/mondo\/38356-giardino-della-pace-olivi.htm?fbclid=IwAR0JV6lBiWR-S0mCA4AC_psaHixzMdpGAZRMiZhmk0e-8ZK5MYgNZiZuNFE\" target=\"_blank\" rel=\"noopener\">Teatronaturale &#8211; tracce\/mondo &#8211; giardino-della-pace<\/a><\/li>\n<li><a href=\"https:\/\/umbrianotizieweb.it\/attualita\/32206-pace-dal-banco-mondiale-del-germoplasma-di-cordova-a-paciano-per-il-primo-garden-of-peace\" target=\"_blank\" rel=\"noopener\">Umbrianotizieweb -dal banco mondiale del germoplasma di Cordova a Paciano per il primo garden of peace<\/a><\/li>\n<li><a href=\"https:\/\/www.teatronaturale.it\/tracce\/mondo\/36089-the-garden-of-peace-l-olivo-al-centro-del-progetto-di-unione-dei-popoli.htm\" target=\"_blank\" rel=\"noopener\">Teatronaturale tracce dal mondo &#8211; The Garden of peace &#8211; l&rsquo;olivo al centro del progetto di unione dei popoli<\/a><\/li>\n<li><a href=\"https:\/\/www.lanazione.it\/umbria\/cronaca\/ventuno-piante-dulivo-per-il-giardino-della-pace-1.6451570\" target=\"_blank\" rel=\"noopener\">La Nazione Umbria &#8211; ventuno piante d&rsquo;ulivo per il giardino della pace<\/a><\/li>\n<li><a href=\"https:\/\/www.eldiadecordoba.es\/cordoba\/Plantan-jardines-olivos-cordobeses-Mediterraneo-paz_0_1681032399.html\" target=\"_blank\" rel=\"noopener\">El D\u00eca de Cordoba &#8211; Plantan jardines de olivos cordobeses por todo el Mediterr\u00e1neo para sembrar la paz en tiempos de guerra<\/a><\/li>\n<li><a href=\"https:\/\/www.corrierepievese.it\/il-giardino-della-pace-nasce-a-paciano-e-si-diffonde-nel-mondo\/\" target=\"_blank\" rel=\"noopener\">\u201cIl Giardino della Pace\u201d nasce a Paciano e si diffonde nel mondo<\/a><\/li>\n<li><a href=\"https:\/\/fb.watch\/ciCM0KsuBD\/\" target=\"_blank\" rel=\"noopener\">L&rsquo;alcalde di Cogollos a Paciano<\/a><\/li>\n<li><a href=\"https:\/\/www.raiplay.it\/video\/2021\/04\/Linea-Verde-Tour-Umbria-alla-scoperta-della-via-Romea-Germanica-0dfe73df-31eb-4dc7-be35-3cb8d8da7b24.html\" target=\"_blank\" rel=\"noopener\">Paciano Linea Verde &#8211; Tour Umbria<\/a><\/li>\n<\/ul>\n<p>&nbsp;<\/p>\n<p><em><strong>VALLE DEI TEMPLI &#8211; AGRIGENTO &#8211; SICILIA<\/strong><\/em><\/p>\n<ul>\n<li><a href=\"https:\/\/www.ennamagazine.it\/Home\/TabId\/56\/ArtMID\/475\/ArticleID\/5780\/Zagaria-apre-i-cancelli-al-presidente-dei-Giardini-della-Pace.aspx\" target=\"_blank\" rel=\"noopener\">Zagaria apre i cancelli al presidente dei Giardini della Pace<\/a><\/li>\n<li><a href=\"https:\/\/www.ennamagazine.it\/GermoplasmaUlivo\/TabId\/99\/ArtMID\/550\/ArticleID\/6320\/Il-Rotary-club-di-Agrigento-chiama-e-il-campo-di-Zagaria-risponde-Inaugurato-il-giardino-della-Pace.aspx\" target=\"_blank\" rel=\"noopener\">Rotary club di Agrigento e il campo di Zagaria, inaugurato il Giardino della Pace<\/a><\/li>\n<li><a href=\"https:\/\/terra.regione.sicilia.it\/nasce-the-garden-of-peace-un-nuovo-simbolo-di-fratellanza-nella-valle-dei-templi\/\" target=\"_blank\" rel=\"noopener\">Valle dei Templi, Agrigento, nasce il Giardino della Pace<\/a><\/li>\n<li>Instagram Valle dei Templi<\/li>\n<\/ul>\n<p>&nbsp;<\/p>\n<p><em><strong>MERANO \u2013 PROVINCIA AUTONOMA DI BOLZANO \u2013 ALTO ADIGE<\/strong><\/em><\/p>\n<ul>\n<li><a href=\"https:\/\/www.ff-bz.com\/politik-wirtschaft\/politik\/2024-39\/im-zeichen-des-friedens.html\" target=\"_blank\" rel=\"noopener\">Merano \u2013 Nel segno della Pace<\/a><\/li>\n<\/ul>\n<p>&nbsp;<\/p>\n<p><em><strong>LUGNANO IN TEVERINA<\/strong><\/em><\/p>\n<ul>\n<li><a href=\"https:\/\/www.ilmessaggero.it\/umbria\/lugnano_la_collezione_olea_mundi_riceve_la_visita_di_the_garden_of_peace_ulivi_francesco_serafini_oriano_spadoni-7832134.html\" target=\"_blank\" rel=\"noopener\">Ilmessaggero.it\/umbria\/lugnano_la_collezione_olea_mundi_riceve_la_visita_di_the_garden_of_peace_<\/a><\/li>\n<\/ul>\n<p>&nbsp;<\/p>\n<p><a href=\"https:\/\/www.thegardenofpeace.org\/fr\/abf-accademia-della-musica-camerino\/\" target=\"_blank\" rel=\"noopener\"><em><strong>CAMERINO &#8211; ABF ANDREA BOCELLI FOUNDATION<\/strong><\/em><\/a><\/p>\n<ul>\n<li><a href=\"https:\/\/www.ilrestodelcarlino.it\/macerata\/cronaca\/inaugurato-a-camerino-il-giardino-della-pace-liniziativa-della-andrea-bocelli-foundation-8de563c0\" target=\"_blank\" rel=\"noopener\">Camerino inaugurato il Giardino della Pace della ABF Foundation<\/a><\/li>\n<li><a href=\"https:\/\/www.ansa.it\/marche\/notizie\/sisma_ricostruzione\/2023\/08\/07\/il-giardino-della-pace-accanto-ad-accademia-musica-di-camerino_35e3168a-0117-40e7-883f-e25c40c74e8c.html\" target=\"_blank\" rel=\"noopener\">Ansa Marche notizie il giardino della pace accanto all&rsquo;accademia della musica di Camerino<\/a><\/li>\n<li><a href=\"https:\/\/www.teatronaturale.it\/tracce\/mondo\/40341-a-camerino-il-giardino-della-pace-con-ventuno-varieta-di-olivo.htm\" target=\"_blank\" rel=\"noopener\">A Camerino il Giardino della Pace con ventuno variet\u00e0 di olivo<\/a><\/li>\n<li class=\"m_4368529023225519136MsoListParagraph\"><a title=\"https:\/\/www.ansa.it\/marche\/notizie\/sisma_ricostruzione\/2023\/08\/07\/il-giardino-della-pace-accanto-ad-accademia-musica-di-camerino_35e3168a-0117-40e7-883f-e25c40c74e8c.html\" href=\"https:\/\/www.ansa.it\/marche\/notizie\/sisma_ricostruzione\/2023\/08\/07\/il-giardino-della-pace-accanto-ad-accademia-musica-di-camerino_35e3168a-0117-40e7-883f-e25c40c74e8c.html\" target=\"_blank\" rel=\"noopener\" data-saferedirecturl=\"https:\/\/www.google.com\/url?q=https:\/\/www.ansa.it\/marche\/notizie\/sisma_ricostruzione\/2023\/08\/07\/il-giardino-della-pace-accanto-ad-accademia-musica-di-camerino_35e3168a-0117-40e7-883f-e25c40c74e8c.html&amp;source=gmail&amp;ust=1691857470079000&amp;usg=AOvVaw1LVPFCbC6zxBNKSTbbW2HY\">Il Giardino della pace accanto ad Accademia Musica di Camerino &#8211; Sisma e Ricostruzione &#8211; Ansa.it<\/a><\/li>\n<li class=\"m_4368529023225519136MsoListParagraph\"><a title=\"https:\/\/www.ilrestodelcarlino.it\/macerata\/cronaca\/inaugurato-a-camerino-il-giardino-della-pace-liniziativa-della-andrea-bocelli-foundation-8de563c0\" href=\"https:\/\/www.ilrestodelcarlino.it\/macerata\/cronaca\/inaugurato-a-camerino-il-giardino-della-pace-liniziativa-della-andrea-bocelli-foundation-8de563c0\" target=\"_blank\" rel=\"noopener\" data-saferedirecturl=\"https:\/\/www.google.com\/url?q=https:\/\/www.ilrestodelcarlino.it\/macerata\/cronaca\/inaugurato-a-camerino-il-giardino-della-pace-liniziativa-della-andrea-bocelli-foundation-8de563c0&amp;source=gmail&amp;ust=1691857470079000&amp;usg=AOvVaw3YZ0JRiAFp6xvwhnPf0dsP\">Inaugurato a Camerino il \u00ab\u00a0Giardino della Pace\u00a0\u00bb: l&rsquo;Iniziativa della Andrea Bocelli Foundation (ilrestodelcarlino.it)<\/a><\/li>\n<li class=\"m_4368529023225519136MsoListParagraph\"><a title=\"https:\/\/www.cronachemaceratesi.it\/2023\/08\/07\/ventuno-varieta-di-olivo-il-giardino-della-pace-e-realta-camerino-onorata-di-questa-scelta\/1778023\/\" href=\"https:\/\/www.cronachemaceratesi.it\/2023\/08\/07\/ventuno-varieta-di-olivo-il-giardino-della-pace-e-realta-camerino-onorata-di-questa-scelta\/1778023\/\" target=\"_blank\" rel=\"noopener\" data-saferedirecturl=\"https:\/\/www.google.com\/url?q=https:\/\/www.cronachemaceratesi.it\/2023\/08\/07\/ventuno-varieta-di-olivo-il-giardino-della-pace-e-realta-camerino-onorata-di-questa-scelta\/1778023\/&amp;source=gmail&amp;ust=1691857470079000&amp;usg=AOvVaw0ZXgRO_yE8X4uNIeFuSlq3\">Ventuno variet\u00e0 di olivo, il Giardino della Pace \u00e8 realt\u00e0 \u00abCamerino onorata di questa scelta\u00bb | Cronache Maceratesi<\/a><u><\/u><u><\/u><\/li>\n<li class=\"m_4368529023225519136MsoListParagraph\"><a title=\"https:\/\/etvmarche.it\/07\/08\/2023\/andrea-bocelli-foundation-inaugurato-a-camerino-il-giardino-della-pace-video\/\" href=\"https:\/\/etvmarche.it\/07\/08\/2023\/andrea-bocelli-foundation-inaugurato-a-camerino-il-giardino-della-pace-video\/\" target=\"_blank\" rel=\"noopener\" data-saferedirecturl=\"https:\/\/www.google.com\/url?q=https:\/\/etvmarche.it\/07\/08\/2023\/andrea-bocelli-foundation-inaugurato-a-camerino-il-giardino-della-pace-video\/&amp;source=gmail&amp;ust=1691857470079000&amp;usg=AOvVaw3M7ZkhAHxk8-FBdoiPAxqq\">Andrea Bocelli Foundation, inaugurato a Camerino il Giardino della Pace &#8211; VIDEO &#8211; eTv Marche: Notizie, Live e Trasmissioni<\/a><u><\/u><u><\/u><\/li>\n<li class=\"m_4368529023225519136MsoListParagraph\"><a title=\"https:\/\/www.youtvrs.it\/inaugurato-a-camerino-il-giardino-della-pace-realizzato-dalla-andrea-bocelli-foundation\/\" href=\"https:\/\/www.youtvrs.it\/inaugurato-a-camerino-il-giardino-della-pace-realizzato-dalla-andrea-bocelli-foundation\/\" target=\"_blank\" rel=\"noopener\" data-saferedirecturl=\"https:\/\/www.google.com\/url?q=https:\/\/www.youtvrs.it\/inaugurato-a-camerino-il-giardino-della-pace-realizzato-dalla-andrea-bocelli-foundation\/&amp;source=gmail&amp;ust=1691857470079000&amp;usg=AOvVaw2WugBwGznj8cc0vjGhekVo\">Inaugurato a Camerino il Giardino della Pace realizzato dalla Andrea Bocelli Foundation &#8211; Youtvrs<\/a><u><\/u><u><\/u><\/li>\n<li class=\"m_4368529023225519136MsoListParagraph\"><a title=\"https:\/\/www.maceratanotizie.it\/57962\/taglio-del-nastro-per-il-giardino-della-pace-di-camerino\" href=\"https:\/\/www.maceratanotizie.it\/57962\/taglio-del-nastro-per-il-giardino-della-pace-di-camerino\" target=\"_blank\" rel=\"noopener\" data-saferedirecturl=\"https:\/\/www.google.com\/url?q=https:\/\/www.maceratanotizie.it\/57962\/taglio-del-nastro-per-il-giardino-della-pace-di-camerino&amp;source=gmail&amp;ust=1691857470079000&amp;usg=AOvVaw1yqKKhZLtjYwAptbXlhMKo\">Taglio del nastro per il Giardino della Pace di Camerino &#8211; Macerata Notizie<\/a><u><\/u><u><\/u><\/li>\n<li class=\"m_4368529023225519136MsoListParagraph\"><a title=\"https:\/\/www.viverecamerino.it\/2023\/08\/08\/a-camerino-il-giardino-della-pace\/147131\/\" href=\"https:\/\/www.viverecamerino.it\/2023\/08\/08\/a-camerino-il-giardino-della-pace\/147131\/\" target=\"_blank\" rel=\"noopener\" data-saferedirecturl=\"https:\/\/www.google.com\/url?q=https:\/\/www.viverecamerino.it\/2023\/08\/08\/a-camerino-il-giardino-della-pace\/147131\/&amp;source=gmail&amp;ust=1691857470079000&amp;usg=AOvVaw1U3Wl7tS8PQViD0CXNDueT\">A Camerino il \u00ab\u00a0giardino della pace\u00a0\u00bb (viverecamerino.it)<\/a><u><\/u><u><\/u><\/li>\n<li class=\"m_4368529023225519136MsoListParagraph\"><a title=\"https:\/\/www.ilcittadinodirecanati.it\/notizie-territorio-marche\/79383-inaugurato-a-camerino-il-giardino-della-pace-realizzato-dalla-andrea-bocelli-foundation-lucarelli-un-onore-per-la-citta-ospitare-questa-opera\" href=\"https:\/\/www.ilcittadinodirecanati.it\/notizie-territorio-marche\/79383-inaugurato-a-camerino-il-giardino-della-pace-realizzato-dalla-andrea-bocelli-foundation-lucarelli-un-onore-per-la-citta-ospitare-questa-opera\" target=\"_blank\" rel=\"noopener\" data-saferedirecturl=\"https:\/\/www.google.com\/url?q=https:\/\/www.ilcittadinodirecanati.it\/notizie-territorio-marche\/79383-inaugurato-a-camerino-il-giardino-della-pace-realizzato-dalla-andrea-bocelli-foundation-lucarelli-un-onore-per-la-citta-ospitare-questa-opera&amp;source=gmail&amp;ust=1691857470079000&amp;usg=AOvVaw1i5rqE8c-FcYj_hRBZbwBE\">Inaugurato a Camerino il Giardino della Pace realizzato dalla Andrea Bocelli Foundation. Lucarelli: \u201cUn onore per la citt\u00e0 ospitare questa opera\u201d<\/a><u><\/u><u><\/u><\/li>\n<li class=\"m_4368529023225519136MsoListParagraph\"><a title=\"https:\/\/www.teatronaturale.it\/tracce\/mondo\/40341-a-camerino-il-giardino-della-pace-con-ventuno-varieta-di-olivo.htm\" href=\"https:\/\/www.teatronaturale.it\/tracce\/mondo\/40341-a-camerino-il-giardino-della-pace-con-ventuno-varieta-di-olivo.htm\" target=\"_blank\" rel=\"noopener\" data-saferedirecturl=\"https:\/\/www.google.com\/url?q=https:\/\/www.teatronaturale.it\/tracce\/mondo\/40341-a-camerino-il-giardino-della-pace-con-ventuno-varieta-di-olivo.htm&amp;source=gmail&amp;ust=1691857470079000&amp;usg=AOvVaw0uA_rozUuOQQyPRweqbGBt\">A Camerino il Giardino della Pace con ventuno variet\u00e0 di olivo (teatronaturale.it)<\/a><\/li>\n<li><a href=\"https:\/\/www.comune.camerino.mc.it\/comunicati-cms\/inaugurato-a-camerino-il-giardino-della-pace-realizzato-dalla-andrea-bocelli-foundation-lucarelli-un-onore-per-la-citta-ospitare-questa-opera\/?a=\" target=\"_blank\" rel=\"noopener\">Comune Camerino inaugurato il giardino della pace realizzato dalla Andrea Bocelli Foundation &#8211; Lucarelli un onore per la citta ospitare questa opera<\/a><\/li>\n<li><a href=\"https:\/\/www.mercacei.com\/noticia\/59391\/actualidad\/the-garden-of-peace-inaugura-un-nuevo-jardin-de-la-paz-en-italia.html\" target=\"_blank\" rel=\"noopener\">Mercacei.com noticia actualidad the garden of peace inaugura un nuevo jardin de la paz en italia<\/a><\/li>\n<\/ul>\n<p>[\/vc_column_text][vc_empty_space]<span class=\"separator_with_icon\" style='color:#757575;'><i class=\"fa fa-tree\"><\/i><\/span>[\/vc_column][\/vc_row]<\/p>\n","protected":false},"excerpt":{"rendered":"<p>[vc_row css_animation=\u00a0\u00bb\u00a0\u00bb row_type=\u00a0\u00bbrow\u00a0\u00bb use_row_as_full_screen_section=\u00a0\u00bbno\u00a0\u00bb type=\u00a0\u00bbfull_width\u00a0\u00bb angled_section=\u00a0\u00bbno\u00a0\u00bb text_align=\u00a0\u00bbleft\u00a0\u00bb background_image_as_pattern=\u00a0\u00bbwithout_pattern\u00a0\u00bb][vc_column][vc_column_text] ITALY [\/vc_column_text][vc_empty_space][vc_empty_space][\/vc_column][\/vc_row][vc_row css_animation=\u00a0\u00bb\u00a0\u00bb row_type=\u00a0\u00bbrow\u00a0\u00bb use_row_as_full_screen_section=\u00a0\u00bbno\u00a0\u00bb type=\u00a0\u00bbfull_width\u00a0\u00bb angled_section=\u00a0\u00bbno\u00a0\u00bb text_align=\u00a0\u00bbleft\u00a0\u00bb background_image_as_pattern=\u00a0\u00bbwithout_pattern\u00a0\u00bb][vc_column][vc_column_text]PACIANO &#8211; PERUGIA Presentazione dell&rsquo;Associazione Provincia di Perugia news &#8211; dal banco mondiale del germoplasma di Cordova a Paciano &#8211; primo garden of peace VIDEO Rainews tgr Umbria video&#8230;<\/p>\n","protected":false},"author":3,"featured_media":0,"parent":0,"menu_order":0,"comment_status":"closed","ping_status":"closed","template":"","meta":{"footnotes":""},"class_list":["post-5228","page","type-page","status-publish","hentry"],"yoast_head":"<!-- This site is optimized with the Yoast SEO plugin v27.1.1 - https:\/\/yoast.com\/product\/yoast-seo-wordpress\/ -->\n<title>Italy Link - The Garden of Peace<\/title>\n<meta name=\"robots\" content=\"index, follow, max-snippet:-1, max-image-preview:large, max-video-preview:-1\" \/>\n<link rel=\"canonical\" href=\"https:\/\/www.thegardenofpeace.org\/italy-link\/\" \/>\n<meta property=\"og:locale\" content=\"fr_FR\" \/>\n<meta property=\"og:type\" content=\"article\" \/>\n<meta property=\"og:title\" content=\"Italy Link - The Garden of Peace\" \/>\n<meta property=\"og:description\" content=\"[vc_row css_animation=\u00a0\u00bb\u00a0\u00bb row_type=\u00a0\u00bbrow\u00a0\u00bb use_row_as_full_screen_section=\u00a0\u00bbno\u00a0\u00bb type=\u00a0\u00bbfull_width\u00a0\u00bb angled_section=\u00a0\u00bbno\u00a0\u00bb text_align=\u00a0\u00bbleft\u00a0\u00bb background_image_as_pattern=\u00a0\u00bbwithout_pattern\u00a0\u00bb][vc_column][vc_column_text] ITALY [\/vc_column_text][vc_empty_space][vc_empty_space][\/vc_column][\/vc_row][vc_row css_animation=\u00a0\u00bb\u00a0\u00bb row_type=\u00a0\u00bbrow\u00a0\u00bb use_row_as_full_screen_section=\u00a0\u00bbno\u00a0\u00bb type=\u00a0\u00bbfull_width\u00a0\u00bb angled_section=\u00a0\u00bbno\u00a0\u00bb text_align=\u00a0\u00bbleft\u00a0\u00bb background_image_as_pattern=\u00a0\u00bbwithout_pattern\u00a0\u00bb][vc_column][vc_column_text]PACIANO &#8211; PERUGIA Presentazione dell&rsquo;Associazione Provincia di Perugia news &#8211; dal banco mondiale del germoplasma di Cordova a Paciano &#8211; primo garden of peace VIDEO Rainews tgr Umbria video...\" \/>\n<meta property=\"og:url\" content=\"https:\/\/www.thegardenofpeace.org\/italy-link\/\" \/>\n<meta property=\"og:site_name\" content=\"The Garden of Peace\" \/>\n<meta property=\"article:modified_time\" content=\"2025-03-18T14:23:27+00:00\" \/>\n<meta property=\"og:image\" content=\"https:\/\/www.thegardenofpeace.org\/wp-content\/uploads\/2022\/07\/italia.png\" \/>\n<meta name=\"twitter:card\" content=\"summary_large_image\" \/>\n<meta name=\"twitter:label1\" content=\"Dur\u00e9e de lecture estim\u00e9e\" \/>\n\t<meta name=\"twitter:data1\" content=\"3 minutes\" \/>\n<script type=\"application\/ld+json\" class=\"yoast-schema-graph\">{\"@context\":\"https:\/\/schema.org\",\"@graph\":[{\"@type\":\"WebPage\",\"@id\":\"https:\/\/www.thegardenofpeace.org\/italy-link\/\",\"url\":\"https:\/\/www.thegardenofpeace.org\/italy-link\/\",\"name\":\"Italy Link - The Garden of Peace\",\"isPartOf\":{\"@id\":\"https:\/\/www.thegardenofpeace.org\/fr\/#website\"},\"primaryImageOfPage\":{\"@id\":\"https:\/\/www.thegardenofpeace.org\/italy-link\/#primaryimage\"},\"image\":{\"@id\":\"https:\/\/www.thegardenofpeace.org\/italy-link\/#primaryimage\"},\"thumbnailUrl\":\"https:\/\/www.thegardenofpeace.org\/wp-content\/uploads\/2022\/07\/italia.png\",\"datePublished\":\"2023-08-12T14:28:21+00:00\",\"dateModified\":\"2025-03-18T14:23:27+00:00\",\"breadcrumb\":{\"@id\":\"https:\/\/www.thegardenofpeace.org\/italy-link\/#breadcrumb\"},\"inLanguage\":\"fr-FR\",\"potentialAction\":[{\"@type\":\"ReadAction\",\"target\":[\"https:\/\/www.thegardenofpeace.org\/italy-link\/\"]}]},{\"@type\":\"ImageObject\",\"inLanguage\":\"fr-FR\",\"@id\":\"https:\/\/www.thegardenofpeace.org\/italy-link\/#primaryimage\",\"url\":\"https:\/\/www.thegardenofpeace.org\/wp-content\/uploads\/2022\/07\/italia.png\",\"contentUrl\":\"https:\/\/www.thegardenofpeace.org\/wp-content\/uploads\/2022\/07\/italia.png\"},{\"@type\":\"BreadcrumbList\",\"@id\":\"https:\/\/www.thegardenofpeace.org\/italy-link\/#breadcrumb\",\"itemListElement\":[{\"@type\":\"ListItem\",\"position\":1,\"name\":\"Home\",\"item\":\"https:\/\/www.thegardenofpeace.org\/fr\/\"},{\"@type\":\"ListItem\",\"position\":2,\"name\":\"Italy Link\"}]},{\"@type\":\"WebSite\",\"@id\":\"https:\/\/www.thegardenofpeace.org\/fr\/#website\",\"url\":\"https:\/\/www.thegardenofpeace.org\/fr\/\",\"name\":\"The Garden of Peace\",\"description\":\"The Garden of Peace\",\"alternateName\":\"TGoP\",\"potentialAction\":[{\"@type\":\"SearchAction\",\"target\":{\"@type\":\"EntryPoint\",\"urlTemplate\":\"https:\/\/www.thegardenofpeace.org\/fr\/?s={search_term_string}\"},\"query-input\":{\"@type\":\"PropertyValueSpecification\",\"valueRequired\":true,\"valueName\":\"search_term_string\"}}],\"inLanguage\":\"fr-FR\"}]}<\/script>\n<!-- \/ Yoast SEO plugin. -->","yoast_head_json":{"title":"Italy Link - The Garden of Peace","robots":{"index":"index","follow":"follow","max-snippet":"max-snippet:-1","max-image-preview":"max-image-preview:large","max-video-preview":"max-video-preview:-1"},"canonical":"https:\/\/www.thegardenofpeace.org\/italy-link\/","og_locale":"fr_FR","og_type":"article","og_title":"Italy Link - The Garden of Peace","og_description":"[vc_row css_animation=\u00a0\u00bb\u00a0\u00bb row_type=\u00a0\u00bbrow\u00a0\u00bb use_row_as_full_screen_section=\u00a0\u00bbno\u00a0\u00bb type=\u00a0\u00bbfull_width\u00a0\u00bb angled_section=\u00a0\u00bbno\u00a0\u00bb text_align=\u00a0\u00bbleft\u00a0\u00bb background_image_as_pattern=\u00a0\u00bbwithout_pattern\u00a0\u00bb][vc_column][vc_column_text] ITALY [\/vc_column_text][vc_empty_space][vc_empty_space][\/vc_column][\/vc_row][vc_row css_animation=\u00a0\u00bb\u00a0\u00bb row_type=\u00a0\u00bbrow\u00a0\u00bb use_row_as_full_screen_section=\u00a0\u00bbno\u00a0\u00bb type=\u00a0\u00bbfull_width\u00a0\u00bb angled_section=\u00a0\u00bbno\u00a0\u00bb text_align=\u00a0\u00bbleft\u00a0\u00bb background_image_as_pattern=\u00a0\u00bbwithout_pattern\u00a0\u00bb][vc_column][vc_column_text]PACIANO &#8211; PERUGIA Presentazione dell&rsquo;Associazione Provincia di Perugia news &#8211; dal banco mondiale del germoplasma di Cordova a Paciano &#8211; primo garden of peace VIDEO Rainews tgr Umbria video...","og_url":"https:\/\/www.thegardenofpeace.org\/italy-link\/","og_site_name":"The Garden of Peace","article_modified_time":"2025-03-18T14:23:27+00:00","og_image":[{"url":"https:\/\/www.thegardenofpeace.org\/wp-content\/uploads\/2022\/07\/italia.png","type":"","width":"","height":""}],"twitter_card":"summary_large_image","twitter_misc":{"Dur\u00e9e de lecture estim\u00e9e":"3 minutes"},"schema":{"@context":"https:\/\/schema.org","@graph":[{"@type":"WebPage","@id":"https:\/\/www.thegardenofpeace.org\/italy-link\/","url":"https:\/\/www.thegardenofpeace.org\/italy-link\/","name":"Italy Link - The Garden of Peace","isPartOf":{"@id":"https:\/\/www.thegardenofpeace.org\/fr\/#website"},"primaryImageOfPage":{"@id":"https:\/\/www.thegardenofpeace.org\/italy-link\/#primaryimage"},"image":{"@id":"https:\/\/www.thegardenofpeace.org\/italy-link\/#primaryimage"},"thumbnailUrl":"https:\/\/www.thegardenofpeace.org\/wp-content\/uploads\/2022\/07\/italia.png","datePublished":"2023-08-12T14:28:21+00:00","dateModified":"2025-03-18T14:23:27+00:00","breadcrumb":{"@id":"https:\/\/www.thegardenofpeace.org\/italy-link\/#breadcrumb"},"inLanguage":"fr-FR","potentialAction":[{"@type":"ReadAction","target":["https:\/\/www.thegardenofpeace.org\/italy-link\/"]}]},{"@type":"ImageObject","inLanguage":"fr-FR","@id":"https:\/\/www.thegardenofpeace.org\/italy-link\/#primaryimage","url":"https:\/\/www.thegardenofpeace.org\/wp-content\/uploads\/2022\/07\/italia.png","contentUrl":"https:\/\/www.thegardenofpeace.org\/wp-content\/uploads\/2022\/07\/italia.png"},{"@type":"BreadcrumbList","@id":"https:\/\/www.thegardenofpeace.org\/italy-link\/#breadcrumb","itemListElement":[{"@type":"ListItem","position":1,"name":"Home","item":"https:\/\/www.thegardenofpeace.org\/fr\/"},{"@type":"ListItem","position":2,"name":"Italy Link"}]},{"@type":"WebSite","@id":"https:\/\/www.thegardenofpeace.org\/fr\/#website","url":"https:\/\/www.thegardenofpeace.org\/fr\/","name":"The Garden of Peace","description":"The Garden of Peace","alternateName":"TGoP","potentialAction":[{"@type":"SearchAction","target":{"@type":"EntryPoint","urlTemplate":"https:\/\/www.thegardenofpeace.org\/fr\/?s={search_term_string}"},"query-input":{"@type":"PropertyValueSpecification","valueRequired":true,"valueName":"search_term_string"}}],"inLanguage":"fr-FR"}]}},"_links":{"self":[{"href":"https:\/\/www.thegardenofpeace.org\/fr\/wp-json\/wp\/v2\/pages\/5228","targetHints":{"allow":["GET"]}}],"collection":[{"href":"https:\/\/www.thegardenofpeace.org\/fr\/wp-json\/wp\/v2\/pages"}],"about":[{"href":"https:\/\/www.thegardenofpeace.org\/fr\/wp-json\/wp\/v2\/types\/page"}],"author":[{"embeddable":true,"href":"https:\/\/www.thegardenofpeace.org\/fr\/wp-json\/wp\/v2\/users\/3"}],"replies":[{"embeddable":true,"href":"https:\/\/www.thegardenofpeace.org\/fr\/wp-json\/wp\/v2\/comments?post=5228"}],"version-history":[{"count":18,"href":"https:\/\/www.thegardenofpeace.org\/fr\/wp-json\/wp\/v2\/pages\/5228\/revisions"}],"predecessor-version":[{"id":9560,"href":"https:\/\/www.thegardenofpeace.org\/fr\/wp-json\/wp\/v2\/pages\/5228\/revisions\/9560"}],"wp:attachment":[{"href":"https:\/\/www.thegardenofpeace.org\/fr\/wp-json\/wp\/v2\/media?parent=5228"}],"curies":[{"name":"wp","href":"https:\/\/api.w.org\/{rel}","templated":true}]}}