{"id":596,"date":"2022-07-06T16:39:14","date_gmt":"2022-07-06T14:39:14","guid":{"rendered":"https:\/\/www.thegardenofpeace.org\/the-olive-tree\/"},"modified":"2025-03-17T14:49:23","modified_gmt":"2025-03-17T13:49:23","slug":"the-olive-tree","status":"publish","type":"page","link":"https:\/\/www.thegardenofpeace.org\/it\/the-olive-tree\/","title":{"rendered":"L&#8217;importanza di avere un Giardino della Pace"},"content":{"rendered":"<p>[vc_row css_animation=&#8221;&#8221; row_type=&#8221;row&#8221; use_row_as_full_screen_section=&#8221;no&#8221; type=&#8221;grid&#8221; angled_section=&#8221;no&#8221; text_align=&#8221;center&#8221; background_image_as_pattern=&#8221;without_pattern&#8221; z_index=&#8221;&#8221; background_color=&#8221;#ffffff&#8221;][vc_column][vc_empty_space height=&#8221;60px&#8221;][vc_column_text]<\/p>\n<h1 style=\"text-align: center;\"><strong>L&#8217;IMPORTANZA DI AVERE UN GIARDINO DELLA PACE<\/strong><\/h1>\n<h1 style=\"text-align: center;\"><\/h1>\n<p>[\/vc_column_text][vc_empty_space height=&#8221;36px&#8221;][vc_column_text]<\/p>\n<h2 style=\"text-align: center;\"><strong>PROMUOVENDO LA PACE E L&#8217;INCLUSIONE<\/strong><\/h2>\n<p>[\/vc_column_text][vc_empty_space height=&#8221;60px&#8221;]<span class=\"separator_with_icon\" style='color:#7f7f7f;'><i class=\"fa fa-tree\"><\/i><\/span>[vc_empty_space height=&#8221;60px&#8221;][\/vc_column][\/vc_row][vc_row css_animation=&#8221;&#8221; row_type=&#8221;row&#8221; use_row_as_full_screen_section=&#8221;no&#8221; type=&#8221;full_width&#8221; angled_section=&#8221;no&#8221; text_align=&#8221;left&#8221; background_image_as_pattern=&#8221;without_pattern&#8221; z_index=&#8221;&#8221; background_color=&#8221;#f0f2d5&#8243;][vc_column][qode_elements_holder background_color=&#8221;#ffffff&#8221; number_of_columns=&#8221;two_columns&#8221;][qode_elements_holder_item vertical_alignment=&#8221;middle&#8221; horizontal_alignment=&#8221;center&#8221; advanced_animations=&#8221;no&#8221; background_color=&#8221;#ffffff&#8221;][vc_single_image image=&#8221;4588&#8243; img_size=&#8221;full&#8221; qode_css_animation=&#8221;&#8221;][\/qode_elements_holder_item][qode_elements_holder_item vertical_alignment=&#8221;middle&#8221; advanced_animations=&#8221;no&#8221;][vc_empty_space height=&#8221;15px&#8221;][vc_column_text el_class=&#8221;mw600&#8243;]<\/p>\n<h3><strong><em>Il Giardino della Pace &#8211; Un&#8217;oasi di armonia e condivisione<\/em><\/strong><\/h3>\n<p>Il giardino di pace \u00e8 un luogo speciale che offre molteplici opportunit\u00e0, sia a livello locale sia internazionale. Questo capitolo esplorer\u00e0 le ragioni per cui avere un giardino della pace \u00e8 importante, esaminando i suoi aspetti locali, internazionali e didattici.<\/p>\n<p>&nbsp;<\/p>\n<h3><strong><em>Benefici locali del giardino della pace<\/em><\/strong><\/h3>\n<p>I giardini di pace sono spazi che favoriscono la costruzione di comunit\u00e0 pi\u00f9 forti e coese a livello locale. Questi giardini possono fungere da punto di incontro per i residenti, creando un senso di appartenenza e promuovendo l\u2019interazione sociale. Questi giardini spesso incoraggiano la partecipazione attiva dei membri della comunit\u00e0 nella cura e nel mantenimento degli spazi verdi, promuovendo cos\u00ec una maggiore responsabilit\u00e0 ambientale e il senso di orgoglio per il proprio territorio.[\/vc_column_text][vc_empty_space height=&#8221;15px&#8221;][\/qode_elements_holder_item][\/qode_elements_holder][\/vc_column][\/vc_row][vc_row css_animation=&#8221;&#8221; row_type=&#8221;row&#8221; use_row_as_full_screen_section=&#8221;no&#8221; type=&#8221;full_width&#8221; angled_section=&#8221;no&#8221; text_align=&#8221;left&#8221; background_image_as_pattern=&#8221;without_pattern&#8221; z_index=&#8221;&#8221; background_color=&#8221;#efe8c6&#8243;][vc_column offset=&#8221;vc_hidden-xs&#8221;][qode_elements_holder background_color=&#8221;#ffffff&#8221; number_of_columns=&#8221;two_columns&#8221;][qode_elements_holder_item vertical_alignment=&#8221;middle&#8221; advanced_animations=&#8221;no&#8221; background_color=&#8221;#ffffff&#8221;][vc_empty_space height=&#8221;50px&#8221;][vc_column_text el_class=&#8221;mw600&#8243;]<\/p>\n<h3><strong><em>Contributi internazionale del Giardino della Pace<\/em><\/strong><\/h3>\n<p>I giardini di pace hanno anche un ruolo significativo a livello internazionale. Essi rappresentano un simbolo di cooperazione e dialogo tra diverse nazioni e culture. Iniziative come i giardini della pace promuovono lo scambio culturale e favoriscono la comprensione reciproca, contribuendo a superare le barriere linguistiche e sociali. Offrono un terreno neutrale dove le persone provenienti da diverse parti del mondo possono incontrarsi, condividere esperienze e lavorare insieme per la creazione di un mondo pi\u00f9 pacifico e inclusivo.<\/p>\n<p>Tanto importante \u00e8 l\u2019olivo e quello che rappresenta, che dal 2019, l&#8217;UNESCO il 26 novembre celebra il &#8220;Giorno Mondiale dell&#8217;Olivo&#8221;. L&#8217;UNESCO (Organizzazione delle Nazioni Unite per l&#8217;Educazione, la Scienza e la Cultura) mediante una mozione approvata all&#8217;unanimit\u00e0, ha istituito questa giornata con l&#8217;obiettivo di proteggere la pianta e promuovere i valori di pace, saggezza e armonia che essa simboleggia.<\/p>\n<p>&nbsp;<\/p>\n<h3><strong><em>Il Giardino della Pace come strumento didattico<\/em><\/strong><\/h3>\n<p>I giardini di pace possono svolgere un ruolo prezioso nell\u2019educazione e nella formazione delle nuove generazioni. Questi spazi offrono un ambiente didattico stimolante, dove gli studenti possono apprendere una vasta gamma di conoscenze, dalle scienze naturali all\u2019arte e alla cultura. Attraverso l\u2019esperienza pratica della cura e della coltivazione delle piante, i giovani possono sviluppare una maggiore consapevolezza ambientale.[\/vc_column_text][vc_empty_space][\/qode_elements_holder_item][qode_elements_holder_item vertical_alignment=&#8221;middle&#8221; horizontal_alignment=&#8221;center&#8221; advanced_animations=&#8221;no&#8221;][vc_empty_space height=&#8221;60px&#8221;][vc_single_image image=&#8221;4336&#8243; img_size=&#8221;full&#8221; qode_css_animation=&#8221;&#8221;][\/qode_elements_holder_item][\/qode_elements_holder][\/vc_column][\/vc_row][vc_row css_animation=&#8221;&#8221; row_type=&#8221;row&#8221; use_row_as_full_screen_section=&#8221;no&#8221; type=&#8221;full_width&#8221; angled_section=&#8221;no&#8221; text_align=&#8221;left&#8221; background_image_as_pattern=&#8221;without_pattern&#8221; z_index=&#8221;&#8221; background_color=&#8221;#efe8c6&#8243;][vc_column offset=&#8221;vc_hidden-lg vc_hidden-md vc_hidden-sm&#8221;][qode_elements_holder background_color=&#8221;#ffffff&#8221; number_of_columns=&#8221;two_columns&#8221;][qode_elements_holder_item vertical_alignment=&#8221;middle&#8221; horizontal_alignment=&#8221;center&#8221; advanced_animations=&#8221;no&#8221; background_color=&#8221;#ffffff&#8221;][vc_single_image image=&#8221;4336&#8243; img_size=&#8221;full&#8221; qode_css_animation=&#8221;&#8221;][\/qode_elements_holder_item][qode_elements_holder_item vertical_alignment=&#8221;middle&#8221; advanced_animations=&#8221;no&#8221;][vc_empty_space height=&#8221;15px&#8221;][vc_column_text el_class=&#8221;mw600&#8243;]<\/p>\n<h3><strong><em>Contributi internazionali del Giardino della Pace<\/em><\/strong><\/h3>\n<p>I giardini di pace hanno anche un ruolo significativo a livello internazionale. Essi rappresentano un simbolo di cooperazione e dialogo tra diverse nazioni e culture. Iniziative come i giardini della pace promuovono lo scambio culturale e favoriscono la comprensione reciproca, contribuendo a superare le barriere linguistiche e sociali. Offrono un terreno neutrale dove le persone provenienti da diverse parti del mondo possono incontrarsi, condividere esperienze e lavorare insieme per la creazione di un mondo pi\u00f9 pacifico e inclusivo.<\/p>\n<p>Tanto importante \u00e8 l\u2019olivo e quello che rappresenta, che dal 2019, l&#8217;UNESCO il 26 novembre celebra il &#8220;Giorno Mondiale dell&#8217;Olivo&#8221;. L&#8217;UNESCO (Organizzazione delle Nazioni Unite per l&#8217;Educazione, la Scienza e la Cultura) mediante una mozione approvata all&#8217;unanimit\u00e0, ha istituito questa giornata con l&#8217;obiettivo di proteggere la pianta e promuovere i valori di pace, saggezza e armonia che essa simboleggia.<\/p>\n<p>&nbsp;<\/p>\n<h3><strong><em>Il giardino della pace come strumento didattico<\/em><\/strong><\/h3>\n<p>I giardini di pace possono svolgere un ruolo prezioso nell\u2019educazione e nella formazione delle nuove generazioni. Questi spazi offrono un ambiente didattico stimolante, dove gli studenti possono apprendere una vasta gamma di conoscenze, dalle scienze naturali all\u2019arte e alla cultura. Attraverso l\u2019esperienza pratica della cura e della coltivazione delle piante, i giovani possono sviluppare una maggiore consapevolezza ambientale.[\/vc_column_text][vc_empty_space height=&#8221;15px&#8221;][\/qode_elements_holder_item][\/qode_elements_holder][\/vc_column][\/vc_row][vc_row css_animation=&#8221;&#8221; row_type=&#8221;row&#8221; use_row_as_full_screen_section=&#8221;no&#8221; type=&#8221;full_width&#8221; angled_section=&#8221;no&#8221; text_align=&#8221;left&#8221; background_image_as_pattern=&#8221;without_pattern&#8221; z_index=&#8221;&#8221; background_color=&#8221;#ececec&#8221;][vc_column][qode_elements_holder background_color=&#8221;#ffffff&#8221; number_of_columns=&#8221;two_columns&#8221;][qode_elements_holder_item vertical_alignment=&#8221;middle&#8221; advanced_animations=&#8221;no&#8221; background_image=&#8221;1077&#8243; background_color=&#8221;#ffffff&#8221;][vc_single_image image=&#8221;4501&#8243; img_size=&#8221;full&#8221; qode_css_animation=&#8221;&#8221;][\/qode_elements_holder_item][qode_elements_holder_item vertical_alignment=&#8221;middle&#8221; advanced_animations=&#8221;no&#8221;][vc_empty_space height=&#8221;15px&#8221;][vc_column_text el_class=&#8221;mw600&#8243;]<\/p>\n<h3><strong><em>La consapevolezza dell&#8217;importanza della biodiversit\u00e0<\/em><\/strong><\/h3>\n<p><strong>\u00a0<\/strong>La biodiversit\u00e0 include tutte le variet\u00e0 di organismi viventi presenti sulla Terra, come animali, piante, funghi e microorganismi. Inoltre, comprende anche i diversi ecosistemi in cui questi organismi vivono, come le foreste, le praterie, le zone umide, i deserti, i mari e molti altri habitat. Il giardino della pace mostra una parte della diversit\u00e0 varietale dell\u2019olivo (<em>olea europaea<\/em>) che si manifesta appunto nelle 21 variet\u00e0 provenienti da 21 paesi. L&#8217;olivo, con la sua storia millenaria, ci regala una variet\u00e0 incredibile di forme, colori e aromi. Ogni cultivar porta con s\u00e9 una storia legata al territorio. Esplorare la biodiversit\u00e0 dell&#8217;olivo significa immergersi in un mondo di meraviglia, dove ogni albero \u00e8 un tesoro da preservare. Scoprire la bellezza dell&#8217;olivo significa anche apprezzare la sua importanza ecologica e il suo ruolo nel promuovere la sostenibilit\u00e0 ambientale.[\/vc_column_text][vc_empty_space height=&#8221;15px&#8221;][\/qode_elements_holder_item][\/qode_elements_holder][\/vc_column][\/vc_row][vc_row css_animation=&#8221;&#8221; row_type=&#8221;row&#8221; use_row_as_full_screen_section=&#8221;no&#8221; type=&#8221;full_width&#8221; angled_section=&#8221;no&#8221; text_align=&#8221;left&#8221; background_image_as_pattern=&#8221;without_pattern&#8221; z_index=&#8221;&#8221; background_color=&#8221;#ffffff&#8221;][vc_column][vc_empty_space height=&#8221;36px&#8221;]<span class=\"separator_with_icon\" style='color:#5b5b5b;'><i class=\"fa fa-tree\"><\/i><\/span>[\/vc_column][\/vc_row]<\/p>\n","protected":false},"excerpt":{"rendered":"<p>[vc_row css_animation=&#8221;&#8221; row_type=&#8221;row&#8221; use_row_as_full_screen_section=&#8221;no&#8221; type=&#8221;grid&#8221; angled_section=&#8221;no&#8221; text_align=&#8221;center&#8221; background_image_as_pattern=&#8221;without_pattern&#8221; z_index=&#8221;&#8221; background_color=&#8221;#ffffff&#8221;][vc_column][vc_empty_space height=&#8221;60px&#8221;][vc_column_text] L&#8217;IMPORTANZA DI AVERE UN GIARDINO DELLA PACE [\/vc_column_text][vc_empty_space height=&#8221;36px&#8221;][vc_column_text] PROMUOVENDO LA PACE E L&#8217;INCLUSIONE [\/vc_column_text][vc_empty_space height=&#8221;60px&#8221;][vc_empty_space height=&#8221;60px&#8221;][\/vc_column][\/vc_row][vc_row css_animation=&#8221;&#8221; row_type=&#8221;row&#8221; use_row_as_full_screen_section=&#8221;no&#8221; type=&#8221;full_width&#8221; angled_section=&#8221;no&#8221; text_align=&#8221;left&#8221; background_image_as_pattern=&#8221;without_pattern&#8221; z_index=&#8221;&#8221; background_color=&#8221;#f0f2d5&#8243;][vc_column][qode_elements_holder background_color=&#8221;#ffffff&#8221; number_of_columns=&#8221;two_columns&#8221;][qode_elements_holder_item vertical_alignment=&#8221;middle&#8221; horizontal_alignment=&#8221;center&#8221; advanced_animations=&#8221;no&#8221; background_color=&#8221;#ffffff&#8221;][vc_single_image image=&#8221;4588&#8243; img_size=&#8221;full&#8221;&#8230;<\/p>\n","protected":false},"author":1,"featured_media":0,"parent":0,"menu_order":0,"comment_status":"closed","ping_status":"closed","template":"full_width.php","meta":{"footnotes":""},"class_list":["post-596","page","type-page","status-publish","hentry"],"yoast_head":"<!-- This site is optimized with the Yoast SEO plugin v27.1.1 - https:\/\/yoast.com\/product\/yoast-seo-wordpress\/ -->\n<title>L&#039;importanza di avere un Giardino della Pace - The Garden of Peace<\/title>\n<meta name=\"robots\" content=\"index, follow, max-snippet:-1, max-image-preview:large, max-video-preview:-1\" \/>\n<link rel=\"canonical\" href=\"https:\/\/www.thegardenofpeace.org\/it\/the-olive-tree\/\" \/>\n<meta property=\"og:locale\" content=\"it_IT\" \/>\n<meta property=\"og:type\" content=\"article\" \/>\n<meta property=\"og:title\" content=\"L&#039;importanza di avere un Giardino della Pace - The Garden of Peace\" \/>\n<meta property=\"og:description\" content=\"[vc_row css_animation=&#8221;&#8221; row_type=&#8221;row&#8221; use_row_as_full_screen_section=&#8221;no&#8221; type=&#8221;grid&#8221; angled_section=&#8221;no&#8221; text_align=&#8221;center&#8221; background_image_as_pattern=&#8221;without_pattern&#8221; z_index=&#8221;&#8221; background_color=&#8221;#ffffff&#8221;][vc_column][vc_empty_space height=&#8221;60px&#8221;][vc_column_text] L&#8217;IMPORTANZA DI AVERE UN GIARDINO DELLA PACE [\/vc_column_text][vc_empty_space height=&#8221;36px&#8221;][vc_column_text] PROMUOVENDO LA PACE E L&#8217;INCLUSIONE [\/vc_column_text][vc_empty_space height=&#8221;60px&#8221;][vc_empty_space height=&#8221;60px&#8221;][\/vc_column][\/vc_row][vc_row css_animation=&#8221;&#8221; row_type=&#8221;row&#8221; use_row_as_full_screen_section=&#8221;no&#8221; type=&#8221;full_width&#8221; angled_section=&#8221;no&#8221; text_align=&#8221;left&#8221; background_image_as_pattern=&#8221;without_pattern&#8221; z_index=&#8221;&#8221; background_color=&#8221;#f0f2d5&#8243;][vc_column][qode_elements_holder background_color=&#8221;#ffffff&#8221; number_of_columns=&#8221;two_columns&#8221;][qode_elements_holder_item vertical_alignment=&#8221;middle&#8221; horizontal_alignment=&#8221;center&#8221; advanced_animations=&#8221;no&#8221; background_color=&#8221;#ffffff&#8221;][vc_single_image image=&#8221;4588&#8243; img_size=&#8221;full&#8221;...\" \/>\n<meta property=\"og:url\" content=\"https:\/\/www.thegardenofpeace.org\/it\/the-olive-tree\/\" \/>\n<meta property=\"og:site_name\" content=\"The Garden of Peace\" \/>\n<meta property=\"article:modified_time\" content=\"2025-03-17T13:49:23+00:00\" \/>\n<meta property=\"og:image\" content=\"https:\/\/www.thegardenofpeace.org\/wp-content\/uploads\/2025\/12\/manos-olivos-con-mano-de-mujer-alta-definizione-scaled.jpg\" \/>\n\t<meta property=\"og:image:width\" content=\"2560\" \/>\n\t<meta property=\"og:image:height\" content=\"290\" \/>\n\t<meta property=\"og:image:type\" content=\"image\/jpeg\" \/>\n<meta name=\"twitter:card\" content=\"summary_large_image\" \/>\n<meta name=\"twitter:label1\" content=\"Tempo di lettura stimato\" \/>\n\t<meta name=\"twitter:data1\" content=\"7 minuti\" \/>\n<script type=\"application\/ld+json\" class=\"yoast-schema-graph\">{\"@context\":\"https:\/\/schema.org\",\"@graph\":[{\"@type\":\"WebPage\",\"@id\":\"https:\/\/www.thegardenofpeace.org\/it\/the-olive-tree\/\",\"url\":\"https:\/\/www.thegardenofpeace.org\/it\/the-olive-tree\/\",\"name\":\"L'importanza di avere un Giardino della Pace - The Garden of Peace\",\"isPartOf\":{\"@id\":\"https:\/\/www.thegardenofpeace.org\/fr\/#website\"},\"datePublished\":\"2022-07-06T14:39:14+00:00\",\"dateModified\":\"2025-03-17T13:49:23+00:00\",\"breadcrumb\":{\"@id\":\"https:\/\/www.thegardenofpeace.org\/it\/the-olive-tree\/#breadcrumb\"},\"inLanguage\":\"it-IT\",\"potentialAction\":[{\"@type\":\"ReadAction\",\"target\":[\"https:\/\/www.thegardenofpeace.org\/it\/the-olive-tree\/\"]}]},{\"@type\":\"BreadcrumbList\",\"@id\":\"https:\/\/www.thegardenofpeace.org\/it\/the-olive-tree\/#breadcrumb\",\"itemListElement\":[{\"@type\":\"ListItem\",\"position\":1,\"name\":\"Home\",\"item\":\"https:\/\/www.thegardenofpeace.org\/it\/\"},{\"@type\":\"ListItem\",\"position\":2,\"name\":\"L&#8217;importanza di avere un Giardino della Pace\"}]},{\"@type\":\"WebSite\",\"@id\":\"https:\/\/www.thegardenofpeace.org\/fr\/#website\",\"url\":\"https:\/\/www.thegardenofpeace.org\/fr\/\",\"name\":\"The Garden of Peace\",\"description\":\"Olive trees, culture and education for peace\",\"alternateName\":\"TGoP\",\"potentialAction\":[{\"@type\":\"SearchAction\",\"target\":{\"@type\":\"EntryPoint\",\"urlTemplate\":\"https:\/\/www.thegardenofpeace.org\/fr\/?s={search_term_string}\"},\"query-input\":{\"@type\":\"PropertyValueSpecification\",\"valueRequired\":true,\"valueName\":\"search_term_string\"}}],\"inLanguage\":\"it-IT\"}]}<\/script>\n<!-- \/ Yoast SEO plugin. -->","yoast_head_json":{"title":"L'importanza di avere un Giardino della Pace - The Garden of Peace","robots":{"index":"index","follow":"follow","max-snippet":"max-snippet:-1","max-image-preview":"max-image-preview:large","max-video-preview":"max-video-preview:-1"},"canonical":"https:\/\/www.thegardenofpeace.org\/it\/the-olive-tree\/","og_locale":"it_IT","og_type":"article","og_title":"L'importanza di avere un Giardino della Pace - The Garden of Peace","og_description":"[vc_row css_animation=&#8221;&#8221; row_type=&#8221;row&#8221; use_row_as_full_screen_section=&#8221;no&#8221; type=&#8221;grid&#8221; angled_section=&#8221;no&#8221; text_align=&#8221;center&#8221; background_image_as_pattern=&#8221;without_pattern&#8221; z_index=&#8221;&#8221; background_color=&#8221;#ffffff&#8221;][vc_column][vc_empty_space height=&#8221;60px&#8221;][vc_column_text] L&#8217;IMPORTANZA DI AVERE UN GIARDINO DELLA PACE [\/vc_column_text][vc_empty_space height=&#8221;36px&#8221;][vc_column_text] PROMUOVENDO LA PACE E L&#8217;INCLUSIONE [\/vc_column_text][vc_empty_space height=&#8221;60px&#8221;][vc_empty_space height=&#8221;60px&#8221;][\/vc_column][\/vc_row][vc_row css_animation=&#8221;&#8221; row_type=&#8221;row&#8221; use_row_as_full_screen_section=&#8221;no&#8221; type=&#8221;full_width&#8221; angled_section=&#8221;no&#8221; text_align=&#8221;left&#8221; background_image_as_pattern=&#8221;without_pattern&#8221; z_index=&#8221;&#8221; background_color=&#8221;#f0f2d5&#8243;][vc_column][qode_elements_holder background_color=&#8221;#ffffff&#8221; number_of_columns=&#8221;two_columns&#8221;][qode_elements_holder_item vertical_alignment=&#8221;middle&#8221; horizontal_alignment=&#8221;center&#8221; advanced_animations=&#8221;no&#8221; background_color=&#8221;#ffffff&#8221;][vc_single_image image=&#8221;4588&#8243; img_size=&#8221;full&#8221;...","og_url":"https:\/\/www.thegardenofpeace.org\/it\/the-olive-tree\/","og_site_name":"The Garden of Peace","article_modified_time":"2025-03-17T13:49:23+00:00","og_image":[{"width":2560,"height":290,"url":"https:\/\/www.thegardenofpeace.org\/wp-content\/uploads\/2025\/12\/manos-olivos-con-mano-de-mujer-alta-definizione-scaled.jpg","type":"image\/jpeg"}],"twitter_card":"summary_large_image","twitter_misc":{"Tempo di lettura stimato":"7 minuti"},"schema":{"@context":"https:\/\/schema.org","@graph":[{"@type":"WebPage","@id":"https:\/\/www.thegardenofpeace.org\/it\/the-olive-tree\/","url":"https:\/\/www.thegardenofpeace.org\/it\/the-olive-tree\/","name":"L'importanza di avere un Giardino della Pace - The Garden of Peace","isPartOf":{"@id":"https:\/\/www.thegardenofpeace.org\/fr\/#website"},"datePublished":"2022-07-06T14:39:14+00:00","dateModified":"2025-03-17T13:49:23+00:00","breadcrumb":{"@id":"https:\/\/www.thegardenofpeace.org\/it\/the-olive-tree\/#breadcrumb"},"inLanguage":"it-IT","potentialAction":[{"@type":"ReadAction","target":["https:\/\/www.thegardenofpeace.org\/it\/the-olive-tree\/"]}]},{"@type":"BreadcrumbList","@id":"https:\/\/www.thegardenofpeace.org\/it\/the-olive-tree\/#breadcrumb","itemListElement":[{"@type":"ListItem","position":1,"name":"Home","item":"https:\/\/www.thegardenofpeace.org\/it\/"},{"@type":"ListItem","position":2,"name":"L&#8217;importanza di avere un Giardino della Pace"}]},{"@type":"WebSite","@id":"https:\/\/www.thegardenofpeace.org\/fr\/#website","url":"https:\/\/www.thegardenofpeace.org\/fr\/","name":"The Garden of Peace","description":"Olive trees, culture and education for peace","alternateName":"TGoP","potentialAction":[{"@type":"SearchAction","target":{"@type":"EntryPoint","urlTemplate":"https:\/\/www.thegardenofpeace.org\/fr\/?s={search_term_string}"},"query-input":{"@type":"PropertyValueSpecification","valueRequired":true,"valueName":"search_term_string"}}],"inLanguage":"it-IT"}]}},"_links":{"self":[{"href":"https:\/\/www.thegardenofpeace.org\/it\/wp-json\/wp\/v2\/pages\/596","targetHints":{"allow":["GET"]}}],"collection":[{"href":"https:\/\/www.thegardenofpeace.org\/it\/wp-json\/wp\/v2\/pages"}],"about":[{"href":"https:\/\/www.thegardenofpeace.org\/it\/wp-json\/wp\/v2\/types\/page"}],"author":[{"embeddable":true,"href":"https:\/\/www.thegardenofpeace.org\/it\/wp-json\/wp\/v2\/users\/1"}],"replies":[{"embeddable":true,"href":"https:\/\/www.thegardenofpeace.org\/it\/wp-json\/wp\/v2\/comments?post=596"}],"version-history":[{"count":29,"href":"https:\/\/www.thegardenofpeace.org\/it\/wp-json\/wp\/v2\/pages\/596\/revisions"}],"predecessor-version":[{"id":4286,"href":"https:\/\/www.thegardenofpeace.org\/it\/wp-json\/wp\/v2\/pages\/596\/revisions\/4286"}],"wp:attachment":[{"href":"https:\/\/www.thegardenofpeace.org\/it\/wp-json\/wp\/v2\/media?parent=596"}],"curies":[{"name":"wp","href":"https:\/\/api.w.org\/{rel}","templated":true}]}}