{"id":9930,"date":"2025-03-29T13:01:48","date_gmt":"2025-03-29T12:01:48","guid":{"rendered":"https:\/\/www.thegardenofpeace.org\/?page_id=9930"},"modified":"2025-05-09T09:27:37","modified_gmt":"2025-05-09T07:27:37","slug":"marocco","status":"publish","type":"page","link":"https:\/\/www.thegardenofpeace.org\/it\/marocco\/","title":{"rendered":"MAROCCO"},"content":{"rendered":"<p>[vc_row css_animation=&#8221;&#8221; row_type=&#8221;row&#8221; use_row_as_full_screen_section=&#8221;no&#8221; type=&#8221;full_width&#8221; angled_section=&#8221;no&#8221; text_align=&#8221;left&#8221; background_image_as_pattern=&#8221;without_pattern&#8221;][vc_column][vc_empty_space][\/vc_column][\/vc_row][vc_row css_animation=&#8221;&#8221; row_type=&#8221;row&#8221; use_row_as_full_screen_section=&#8221;no&#8221; type=&#8221;full_width&#8221; angled_section=&#8221;no&#8221; text_align=&#8221;left&#8221; background_image_as_pattern=&#8221;without_pattern&#8221;][vc_column][vc_single_image image=&#8221;9826&#8243; img_size=&#8221;large&#8221; alignment=&#8221;center&#8221; qode_css_animation=&#8221;&#8221;][vc_empty_space][\/vc_column][\/vc_row][vc_row css_animation=&#8221;&#8221; row_type=&#8221;row&#8221; use_row_as_full_screen_section=&#8221;no&#8221; type=&#8221;full_width&#8221; angled_section=&#8221;no&#8221; text_align=&#8221;left&#8221; background_image_as_pattern=&#8221;without_pattern&#8221;][vc_column][vc_column_text]<\/p>\n<h1 style=\"text-align: center;\"><strong>MAROCCO<\/strong><\/h1>\n<p>[\/vc_column_text][vc_empty_space][vc_column_text]<\/p>\n<h3 style=\"text-align: center;\"><em>I passi silenziosi del cambiamento<\/em><\/h3>\n<p>[\/vc_column_text][vc_empty_space][vc_column_text]\u201cCredo in un mondo dove l\u2019amore non resta un sentimento, ma si trasforma in azione. Dove ogni creatura ha diritto alla vita, al rispetto e alla pace.\u201d[\/vc_column_text][vc_empty_space][vc_raw_html]JTNDYnV0dG9uJTIwaWQlM0QlMjJnby1iYWNrJTIyJTNFR28lMjBiYWNrJTIxJTNDJTJGYnV0dG9uJTNFJTBBJTNDc2NyaXB0JTIwdHlwZSUzRCUyMnRleHQlMkZqYXZhc2NyaXB0JTIyJTNFJTBBZG9jdW1lbnQuZ2V0RWxlbWVudEJ5SWQlMjglMjJnby1iYWNrJTIyJTI5LmFkZEV2ZW50TGlzdGVuZXIlMjglMjJjbGljayUyMiUyQyUyMCUyOCUyOSUyMCUzRCUzRSUyMCU3QiUwQSUyMCUyMGhpc3RvcnkuYmFjayUyOCUyOSUzQiUwQSU3RCUyOSUzQiUwQSUzQyUyRnNjcmlwdCUzRSUwQSUwQQ==[\/vc_raw_html][vc_empty_space][vc_empty_space][vc_separator type=&#8221;normal&#8221; color=&#8221;#c1c1c1&#8243;][vc_column_text]<\/p>\n<h2 style=\"text-align: center;\" data-start=\"293\" data-end=\"335\">Giardino della Pace di Tanger<\/h2>\n<p>[\/vc_column_text][\/vc_column][\/vc_row][vc_row css_animation=&#8221;&#8221; row_type=&#8221;row&#8221; use_row_as_full_screen_section=&#8221;no&#8221; type=&#8221;full_width&#8221; angled_section=&#8221;no&#8221; text_align=&#8221;left&#8221; background_image_as_pattern=&#8221;without_pattern&#8221;][vc_column width=&#8221;2\/3&#8243;][vc_empty_space][vc_column_text]<\/p>\n<h3 class=\"\" data-start=\"293\" data-end=\"335\"><em>Dove l&#8217;amore per gli animali incontra incontra l&#8217;azione per la pace<\/em><\/h3>\n<p>[\/vc_column_text][vc_empty_space][vc_column_text]All\u2019interno del\u00a0SFT Animal Sanctuary, il pi\u00f9 grande santuario per animali del Marocco fondato da Salima \u201cSally\u201d Kadaoui nel 2013, nasce il primo\u00a0Giardino della Pace\u00a0in terra africana. Un luogo simbolico e reale, dove ulivi, animali salvati e persone si incontrano in un abbraccio di rinascita e compassione.<\/p>\n<p>Frutto della collaborazione tra\u00a0Garden of Peace\u00a0e SFT, questo giardino rappresenta una nuova visione del mondo: un luogo dove ogni gesto gentile diventa atto di rivoluzione, e l\u2019amore per gli animali si trasforma in azione concreta per la pace.<\/p>\n<p>\u201cAbbiamo piantato ulivi dove un tempo c\u2019era solo abbandono. Oggi, in quel silenzio, cresce la voce della speranza.\u201d[\/vc_column_text][\/vc_column][vc_column width=&#8221;1\/3&#8243;][vc_empty_space height=&#8221;15px&#8221;][vc_single_image image=&#8221;9988&#8243; img_size=&#8221;full&#8221; alignment=&#8221;center&#8221; onclick=&#8221;img_link_large&#8221; qode_css_animation=&#8221;&#8221; qode_hover_animation=&#8221;zoom_in&#8221;][vc_column_text]<\/p>\n<p style=\"background: white;\"><em><span style=\"font-size: 10.0pt; font-family: 'Verdana',sans-serif; color: #222222;\">Con Sally, all\u2019interno del santuario SFT, mentre mostriamo il cartello inaugurale del primo Giardino della Pace in Africa. Un luogo dove ogni albero racconta una storia di amore, resilienza e speranza.<\/span><\/em><\/p>\n<p>[\/vc_column_text][\/vc_column][\/vc_row][vc_row css_animation=&#8221;&#8221; row_type=&#8221;row&#8221; use_row_as_full_screen_section=&#8221;no&#8221; type=&#8221;full_width&#8221; angled_section=&#8221;no&#8221; text_align=&#8221;left&#8221; background_image_as_pattern=&#8221;without_pattern&#8221;][vc_column][vc_separator type=&#8221;normal&#8221; color=&#8221;#c1c1c1&#8243;][vc_empty_space][vc_column_text]<\/p>\n<h2 style=\"text-align: center;\" data-start=\"293\" data-end=\"335\">PROGETTO HAYAT<\/h2>\n<p>[\/vc_column_text][vc_empty_space][vc_column_text]<\/p>\n<h3 class=\"\" data-start=\"293\" data-end=\"335\"><em>Educare all&#8217;amore, coltivare la vita<\/em><\/h3>\n<p>[\/vc_column_text][vc_empty_space][vc_column_text]Ogni anno in Marocco, migliaia di cani vengono uccisi per paura della rabbia e per il controllo dei randagi.\u00a0Progetto Hayat, che in arabo significa \u201cvita\u201d, nasce per cambiare questa mentalit\u00e0, salvando vite attraverso l\u2019educazione e il coinvolgimento della comunit\u00e0. Grazie al lavoro di SFT, per il terzo anno consecutivo vincitore del\u00a0<strong>Global Rabies Day Award<\/strong>\u00a0nella regione Meracon, il progetto promuove la compassione come valore sociale. L\u2019obiettivo: rendere Tangeri la prima citt\u00e0 dell\u2019Africa libera dalla rabbia e davvero amica degli animali.<\/p>\n<p>\u201cEducare alla compassione \u00e8 il primo passo per salvare vite, animali e umane.\u00a0<strong>Hayat \u00e8 vita<\/strong>, e noi la celebriamo ogni giorno attraverso l\u2019amore.\u201d[\/vc_column_text][vc_empty_space][\/vc_column][\/vc_row][vc_row css_animation=&#8221;&#8221; row_type=&#8221;row&#8221; use_row_as_full_screen_section=&#8221;no&#8221; type=&#8221;full_width&#8221; angled_section=&#8221;no&#8221; text_align=&#8221;left&#8221; background_image_as_pattern=&#8221;without_pattern&#8221;][vc_column width=&#8221;1\/3&#8243;][vc_empty_space height=&#8221;10px&#8221;][vc_single_image image=&#8221;9984&#8243; img_size=&#8221;full&#8221; alignment=&#8221;center&#8221; onclick=&#8221;img_link_large&#8221; qode_css_animation=&#8221;&#8221;][vc_empty_space height=&#8221;10px&#8221;][\/vc_column][vc_column width=&#8221;1\/3&#8243;][vc_empty_space height=&#8221;10px&#8221;][vc_single_image image=&#8221;9996&#8243; img_size=&#8221;full&#8221; alignment=&#8221;center&#8221; onclick=&#8221;img_link_large&#8221; qode_css_animation=&#8221;&#8221;][vc_empty_space height=&#8221;10px&#8221;][\/vc_column][vc_column width=&#8221;1\/3&#8243;][vc_empty_space height=&#8221;10px&#8221;][vc_single_image image=&#8221;9980&#8243; img_size=&#8221;full&#8221; alignment=&#8221;center&#8221; onclick=&#8221;img_link_large&#8221; qode_css_animation=&#8221;&#8221;][\/vc_column][\/vc_row][vc_row css_animation=&#8221;&#8221; row_type=&#8221;row&#8221; use_row_as_full_screen_section=&#8221;no&#8221; type=&#8221;full_width&#8221; angled_section=&#8221;no&#8221; text_align=&#8221;left&#8221; background_image_as_pattern=&#8221;without_pattern&#8221;][vc_column][vc_column_text]<\/p>\n<p style=\"background: white;\"><span style=\"font-size: 10.0pt; font-family: 'Verdana',sans-serif; color: #222222;\">C<\/span><em><span style=\"font-size: 10.0pt; font-family: 'Verdana',sans-serif; color: #222222;\">on il Progetto Hayat, portiamo molto pi\u00f9 di cibo: portiamo dignit\u00e0, ascolto e presenza. Ogni abbraccio, ogni sorriso condiviso per le strade di Tangeri \u00e8 un seme di pace. Perch\u00e9 \u2018Hayat\u2019 significa vita, e nessuno dovrebbe affrontarla da solo.<\/span><\/em><\/p>\n<p>[\/vc_column_text][vc_column_text][\/vc_column_text][\/vc_column][\/vc_row][vc_row css_animation=&#8221;&#8221; row_type=&#8221;row&#8221; use_row_as_full_screen_section=&#8221;no&#8221; type=&#8221;full_width&#8221; angled_section=&#8221;no&#8221; text_align=&#8221;left&#8221; background_image_as_pattern=&#8221;without_pattern&#8221;][vc_column][vc_separator type=&#8221;normal&#8221; color=&#8221;#c1c1c1&#8243;][vc_empty_space][vc_column_text]<\/p>\n<h2 style=\"text-align: center;\" data-start=\"293\" data-end=\"335\">UN FARO NEL NORD DEL MAROCCO<\/h2>\n<p>[\/vc_column_text][\/vc_column][\/vc_row][vc_row css_animation=&#8221;&#8221; row_type=&#8221;row&#8221; use_row_as_full_screen_section=&#8221;no&#8221; type=&#8221;full_width&#8221; angled_section=&#8221;no&#8221; text_align=&#8221;left&#8221; background_image_as_pattern=&#8221;without_pattern&#8221;][vc_column width=&#8221;2\/3&#8243;][vc_empty_space][vc_column_text]<\/p>\n<h3 class=\"\" data-start=\"293\" data-end=\"335\"><em>Rinascita, compassione e impegno attivo<\/em><\/h3>\n<p>[\/vc_column_text][vc_empty_space][vc_column_text]<\/p>\n<p class=\"\" data-start=\"164\" data-end=\"719\"><strong data-start=\"164\" data-end=\"283\">Tra le colline di Tangeri, l\u00e0 dove un tempo regnavano abbandono e sofferenza, oggi si accende una luce di speranza.<\/strong><br data-start=\"283\" data-end=\"286\" \/>Una luce concreta, fatta di impegno quotidiano, che nasce dall\u2019incontro di tre realt\u00e0 unite da una visione comune: <strong data-start=\"401\" data-end=\"425\">SFT Animal Sanctuary<\/strong>, <strong data-start=\"427\" data-end=\"450\">The Garden of Peace<\/strong> e il <strong data-start=\"456\" data-end=\"474\">Progetto Hayat<\/strong>. Insieme, hanno dato vita a un luogo che non \u00e8 solo un rifugio per animali in difficolt\u00e0, ma un vero e proprio <strong data-start=\"586\" data-end=\"622\">centro di trasformazione sociale<\/strong>, dove l\u2019educazione, la protezione e la cura diventano strumenti per costruire un futuro diverso.<\/p>\n<p class=\"\" data-start=\"721\" data-end=\"1011\">In questo spazio rigenerato, la compassione diventa azione e la fragilit\u00e0 si trasforma in forza. Si coltivano relazioni, si promuove il rispetto, si semina consapevolezza. Ogni animale salvato, ogni persona coinvolta, ogni gesto di attenzione racconta la possibilit\u00e0 di rinascere\u2014insieme.<\/p>\n<p class=\"\" data-start=\"1013\" data-end=\"1208\"><strong data-start=\"1013\" data-end=\"1047\">Questo \u00e8 un faro per il futuro<\/strong>, un esempio tangibile di come, anche nei luoghi pi\u00f9 feriti, la pace possa germogliare quando l\u2019amore si traduce in presenza, ascolto e responsabilit\u00e0 condivisa.<\/p>\n<blockquote data-start=\"1210\" data-end=\"1351\">\n<p class=\"\" data-start=\"1212\" data-end=\"1351\">\u201cIn un angolo dimenticato del mondo, abbiamo acceso una luce che non si spegner\u00e0: quella dell\u2019impegno, della cura e del coraggio di amare.\u201d<\/p>\n<\/blockquote>\n<p>[\/vc_column_text][\/vc_column][vc_column width=&#8221;1\/3&#8243;][vc_empty_space][vc_empty_space][vc_single_image image=&#8221;9992&#8243; img_size=&#8221;full&#8221; alignment=&#8221;center&#8221; onclick=&#8221;img_link_large&#8221; qode_css_animation=&#8221;&#8221;][vc_column_text]<\/p>\n<p style=\"background: white;\"><em><span style=\"font-size: 10.0pt; font-family: 'Verdana',sans-serif; color: #222222;\">Con Sally sulla spiaggia di Tangeri, circondate da anime coraggiose su ruote. Dove l\u2019amore non ha limiti e la speranza corre, anche quando le zampe non possono.<\/span><\/em><\/p>\n<p>[\/vc_column_text][\/vc_column][\/vc_row][vc_row css_animation=&#8221;&#8221; row_type=&#8221;row&#8221; use_row_as_full_screen_section=&#8221;no&#8221; type=&#8221;full_width&#8221; angled_section=&#8221;no&#8221; text_align=&#8221;left&#8221; background_image_as_pattern=&#8221;without_pattern&#8221;][vc_column][vc_empty_space]<span class=\"separator_with_icon\" style='color:#666666;'><i class=\"fa fa-tree\"><\/i><\/span>[vc_empty_space][vc_separator type=&#8221;normal&#8221; color=&#8221;#c1c1c1&#8243;][\/vc_column][\/vc_row]<\/p>\n","protected":false},"excerpt":{"rendered":"<p>[vc_row css_animation=&#8221;&#8221; row_type=&#8221;row&#8221; use_row_as_full_screen_section=&#8221;no&#8221; type=&#8221;full_width&#8221; angled_section=&#8221;no&#8221; text_align=&#8221;left&#8221; background_image_as_pattern=&#8221;without_pattern&#8221;][vc_column][vc_empty_space][\/vc_column][\/vc_row][vc_row css_animation=&#8221;&#8221; row_type=&#8221;row&#8221; use_row_as_full_screen_section=&#8221;no&#8221; type=&#8221;full_width&#8221; angled_section=&#8221;no&#8221; text_align=&#8221;left&#8221; background_image_as_pattern=&#8221;without_pattern&#8221;][vc_column][vc_single_image image=&#8221;9826&#8243; img_size=&#8221;large&#8221; alignment=&#8221;center&#8221; qode_css_animation=&#8221;&#8221;][vc_empty_space][\/vc_column][\/vc_row][vc_row css_animation=&#8221;&#8221; row_type=&#8221;row&#8221; use_row_as_full_screen_section=&#8221;no&#8221; type=&#8221;full_width&#8221; angled_section=&#8221;no&#8221; text_align=&#8221;left&#8221; background_image_as_pattern=&#8221;without_pattern&#8221;][vc_column][vc_column_text] MAROCCO [\/vc_column_text][vc_empty_space][vc_column_text] I passi silenziosi del cambiamento [\/vc_column_text][vc_empty_space][vc_column_text]\u201cCredo in un mondo dove l\u2019amore non resta un sentimento, ma si&#8230;<\/p>\n","protected":false},"author":3,"featured_media":0,"parent":0,"menu_order":0,"comment_status":"closed","ping_status":"closed","template":"","meta":{"footnotes":""},"class_list":["post-9930","page","type-page","status-publish","hentry"],"yoast_head":"<!-- This site is optimized with the Yoast SEO plugin v27.1.1 - https:\/\/yoast.com\/product\/yoast-seo-wordpress\/ -->\n<title>MAROCCO - The Garden of Peace<\/title>\n<meta name=\"robots\" content=\"index, follow, max-snippet:-1, max-image-preview:large, max-video-preview:-1\" \/>\n<link rel=\"canonical\" href=\"https:\/\/www.thegardenofpeace.org\/it\/marocco\/\" \/>\n<meta property=\"og:locale\" content=\"it_IT\" \/>\n<meta property=\"og:type\" content=\"article\" \/>\n<meta property=\"og:title\" content=\"MAROCCO - The Garden of Peace\" \/>\n<meta property=\"og:description\" content=\"[vc_row css_animation=&#8221;&#8221; row_type=&#8221;row&#8221; use_row_as_full_screen_section=&#8221;no&#8221; type=&#8221;full_width&#8221; angled_section=&#8221;no&#8221; text_align=&#8221;left&#8221; background_image_as_pattern=&#8221;without_pattern&#8221;][vc_column][vc_empty_space][\/vc_column][\/vc_row][vc_row css_animation=&#8221;&#8221; row_type=&#8221;row&#8221; use_row_as_full_screen_section=&#8221;no&#8221; type=&#8221;full_width&#8221; angled_section=&#8221;no&#8221; text_align=&#8221;left&#8221; background_image_as_pattern=&#8221;without_pattern&#8221;][vc_column][vc_single_image image=&#8221;9826&#8243; img_size=&#8221;large&#8221; alignment=&#8221;center&#8221; qode_css_animation=&#8221;&#8221;][vc_empty_space][\/vc_column][\/vc_row][vc_row css_animation=&#8221;&#8221; row_type=&#8221;row&#8221; use_row_as_full_screen_section=&#8221;no&#8221; type=&#8221;full_width&#8221; angled_section=&#8221;no&#8221; text_align=&#8221;left&#8221; background_image_as_pattern=&#8221;without_pattern&#8221;][vc_column][vc_column_text] MAROCCO [\/vc_column_text][vc_empty_space][vc_column_text] I passi silenziosi del cambiamento [\/vc_column_text][vc_empty_space][vc_column_text]\u201cCredo in un mondo dove l\u2019amore non resta un sentimento, ma si...\" \/>\n<meta property=\"og:url\" content=\"https:\/\/www.thegardenofpeace.org\/it\/marocco\/\" \/>\n<meta property=\"og:site_name\" content=\"The Garden of Peace\" \/>\n<meta property=\"article:modified_time\" content=\"2025-05-09T07:27:37+00:00\" \/>\n<meta property=\"og:image\" content=\"https:\/\/www.thegardenofpeace.org\/wp-content\/uploads\/2025\/12\/manos-olivos-con-mano-de-mujer-alta-definizione-scaled.jpg\" \/>\n\t<meta property=\"og:image:width\" content=\"2560\" \/>\n\t<meta property=\"og:image:height\" content=\"290\" \/>\n\t<meta property=\"og:image:type\" content=\"image\/jpeg\" \/>\n<meta name=\"twitter:card\" content=\"summary_large_image\" \/>\n<meta name=\"twitter:label1\" content=\"Tempo di lettura stimato\" \/>\n\t<meta name=\"twitter:data1\" content=\"3 minuti\" \/>\n<script type=\"application\/ld+json\" class=\"yoast-schema-graph\">{\"@context\":\"https:\/\/schema.org\",\"@graph\":[{\"@type\":\"WebPage\",\"@id\":\"https:\/\/www.thegardenofpeace.org\/it\/marocco\/\",\"url\":\"https:\/\/www.thegardenofpeace.org\/it\/marocco\/\",\"name\":\"MAROCCO - The Garden of Peace\",\"isPartOf\":{\"@id\":\"https:\/\/www.thegardenofpeace.org\/fr\/#website\"},\"datePublished\":\"2025-03-29T12:01:48+00:00\",\"dateModified\":\"2025-05-09T07:27:37+00:00\",\"breadcrumb\":{\"@id\":\"https:\/\/www.thegardenofpeace.org\/it\/marocco\/#breadcrumb\"},\"inLanguage\":\"it-IT\",\"potentialAction\":[{\"@type\":\"ReadAction\",\"target\":[\"https:\/\/www.thegardenofpeace.org\/it\/marocco\/\"]}]},{\"@type\":\"BreadcrumbList\",\"@id\":\"https:\/\/www.thegardenofpeace.org\/it\/marocco\/#breadcrumb\",\"itemListElement\":[{\"@type\":\"ListItem\",\"position\":1,\"name\":\"Home\",\"item\":\"https:\/\/www.thegardenofpeace.org\/it\/\"},{\"@type\":\"ListItem\",\"position\":2,\"name\":\"MAROCCO\"}]},{\"@type\":\"WebSite\",\"@id\":\"https:\/\/www.thegardenofpeace.org\/fr\/#website\",\"url\":\"https:\/\/www.thegardenofpeace.org\/fr\/\",\"name\":\"The Garden of Peace\",\"description\":\"Olive trees, culture and education for peace\",\"alternateName\":\"TGoP\",\"potentialAction\":[{\"@type\":\"SearchAction\",\"target\":{\"@type\":\"EntryPoint\",\"urlTemplate\":\"https:\/\/www.thegardenofpeace.org\/fr\/?s={search_term_string}\"},\"query-input\":{\"@type\":\"PropertyValueSpecification\",\"valueRequired\":true,\"valueName\":\"search_term_string\"}}],\"inLanguage\":\"it-IT\"}]}<\/script>\n<!-- \/ Yoast SEO plugin. -->","yoast_head_json":{"title":"MAROCCO - The Garden of Peace","robots":{"index":"index","follow":"follow","max-snippet":"max-snippet:-1","max-image-preview":"max-image-preview:large","max-video-preview":"max-video-preview:-1"},"canonical":"https:\/\/www.thegardenofpeace.org\/it\/marocco\/","og_locale":"it_IT","og_type":"article","og_title":"MAROCCO - The Garden of Peace","og_description":"[vc_row css_animation=&#8221;&#8221; row_type=&#8221;row&#8221; use_row_as_full_screen_section=&#8221;no&#8221; type=&#8221;full_width&#8221; angled_section=&#8221;no&#8221; text_align=&#8221;left&#8221; background_image_as_pattern=&#8221;without_pattern&#8221;][vc_column][vc_empty_space][\/vc_column][\/vc_row][vc_row css_animation=&#8221;&#8221; row_type=&#8221;row&#8221; use_row_as_full_screen_section=&#8221;no&#8221; type=&#8221;full_width&#8221; angled_section=&#8221;no&#8221; text_align=&#8221;left&#8221; background_image_as_pattern=&#8221;without_pattern&#8221;][vc_column][vc_single_image image=&#8221;9826&#8243; img_size=&#8221;large&#8221; alignment=&#8221;center&#8221; qode_css_animation=&#8221;&#8221;][vc_empty_space][\/vc_column][\/vc_row][vc_row css_animation=&#8221;&#8221; row_type=&#8221;row&#8221; use_row_as_full_screen_section=&#8221;no&#8221; type=&#8221;full_width&#8221; angled_section=&#8221;no&#8221; text_align=&#8221;left&#8221; background_image_as_pattern=&#8221;without_pattern&#8221;][vc_column][vc_column_text] MAROCCO [\/vc_column_text][vc_empty_space][vc_column_text] I passi silenziosi del cambiamento [\/vc_column_text][vc_empty_space][vc_column_text]\u201cCredo in un mondo dove l\u2019amore non resta un sentimento, ma si...","og_url":"https:\/\/www.thegardenofpeace.org\/it\/marocco\/","og_site_name":"The Garden of Peace","article_modified_time":"2025-05-09T07:27:37+00:00","og_image":[{"width":2560,"height":290,"url":"https:\/\/www.thegardenofpeace.org\/wp-content\/uploads\/2025\/12\/manos-olivos-con-mano-de-mujer-alta-definizione-scaled.jpg","type":"image\/jpeg"}],"twitter_card":"summary_large_image","twitter_misc":{"Tempo di lettura stimato":"3 minuti"},"schema":{"@context":"https:\/\/schema.org","@graph":[{"@type":"WebPage","@id":"https:\/\/www.thegardenofpeace.org\/it\/marocco\/","url":"https:\/\/www.thegardenofpeace.org\/it\/marocco\/","name":"MAROCCO - The Garden of Peace","isPartOf":{"@id":"https:\/\/www.thegardenofpeace.org\/fr\/#website"},"datePublished":"2025-03-29T12:01:48+00:00","dateModified":"2025-05-09T07:27:37+00:00","breadcrumb":{"@id":"https:\/\/www.thegardenofpeace.org\/it\/marocco\/#breadcrumb"},"inLanguage":"it-IT","potentialAction":[{"@type":"ReadAction","target":["https:\/\/www.thegardenofpeace.org\/it\/marocco\/"]}]},{"@type":"BreadcrumbList","@id":"https:\/\/www.thegardenofpeace.org\/it\/marocco\/#breadcrumb","itemListElement":[{"@type":"ListItem","position":1,"name":"Home","item":"https:\/\/www.thegardenofpeace.org\/it\/"},{"@type":"ListItem","position":2,"name":"MAROCCO"}]},{"@type":"WebSite","@id":"https:\/\/www.thegardenofpeace.org\/fr\/#website","url":"https:\/\/www.thegardenofpeace.org\/fr\/","name":"The Garden of Peace","description":"Olive trees, culture and education for peace","alternateName":"TGoP","potentialAction":[{"@type":"SearchAction","target":{"@type":"EntryPoint","urlTemplate":"https:\/\/www.thegardenofpeace.org\/fr\/?s={search_term_string}"},"query-input":{"@type":"PropertyValueSpecification","valueRequired":true,"valueName":"search_term_string"}}],"inLanguage":"it-IT"}]}},"_links":{"self":[{"href":"https:\/\/www.thegardenofpeace.org\/it\/wp-json\/wp\/v2\/pages\/9930","targetHints":{"allow":["GET"]}}],"collection":[{"href":"https:\/\/www.thegardenofpeace.org\/it\/wp-json\/wp\/v2\/pages"}],"about":[{"href":"https:\/\/www.thegardenofpeace.org\/it\/wp-json\/wp\/v2\/types\/page"}],"author":[{"embeddable":true,"href":"https:\/\/www.thegardenofpeace.org\/it\/wp-json\/wp\/v2\/users\/3"}],"replies":[{"embeddable":true,"href":"https:\/\/www.thegardenofpeace.org\/it\/wp-json\/wp\/v2\/comments?post=9930"}],"version-history":[{"count":34,"href":"https:\/\/www.thegardenofpeace.org\/it\/wp-json\/wp\/v2\/pages\/9930\/revisions"}],"predecessor-version":[{"id":10324,"href":"https:\/\/www.thegardenofpeace.org\/it\/wp-json\/wp\/v2\/pages\/9930\/revisions\/10324"}],"wp:attachment":[{"href":"https:\/\/www.thegardenofpeace.org\/it\/wp-json\/wp\/v2\/media?parent=9930"}],"curies":[{"name":"wp","href":"https:\/\/api.w.org\/{rel}","templated":true}]}}